{"id":523,"date":"2024-09-03T11:28:16","date_gmt":"2024-09-03T08:28:16","guid":{"rendered":"https:\/\/blog.edu.turku.fi\/perhepaivahoito\/?page_id=523"},"modified":"2024-09-03T15:05:23","modified_gmt":"2024-09-03T12:05:23","slug":"ajankohtaista","status":"publish","type":"page","link":"https:\/\/blog.edu.turku.fi\/perhepaivahoito\/ajankohtaista\/","title":{"rendered":"Ajankohtaista"},"content":{"rendered":"<h3><\/h3>\n<h3>Oletko kiinnostunut ty\u00f6st\u00e4 perhep\u00e4iv\u00e4hoitajana?<\/h3>\n<p>3.9.2024<\/p>\n<p>Jos olet kiinnostunut perhep\u00e4iv\u00e4hoitajan ty\u00f6st\u00e4 tai haluaisit perustaa ryhm\u00e4perhep\u00e4iv\u00e4hoitokodin, ole yhteydess\u00e4 perhep\u00e4iv\u00e4hoidon l\u00e4hijohtajiin\u00a0 <a href=\"https:\/\/blog.edu.turku.fi\/perhepaivahoito\/yhteystiedot\/\">Yhteystiedot <\/a><\/p>\n<h3><\/h3>\n<h3>Tervetuloa Turun kaupungin uusitulle blogisivulle!<\/h3>\n<p>3.9.2024<\/p>\n<p><a href=\"https:\/\/blog.edu.turku.fi\/perhepaivahoito\/files\/2024\/09\/ai-generated-8446728_1280.png\"><img loading=\"lazy\" decoding=\"async\" class=\"alignright wp-image-558 size-full\" src=\"https:\/\/blog.edu.turku.fi\/perhepaivahoito\/files\/2024\/09\/ai-generated-8446728_1280.png\" alt=\"\" width=\"1280\" height=\"853\" srcset=\"https:\/\/blog.edu.turku.fi\/perhepaivahoito\/files\/2024\/09\/ai-generated-8446728_1280.png 1280w, https:\/\/blog.edu.turku.fi\/perhepaivahoito\/files\/2024\/09\/ai-generated-8446728_1280-300x200.png 300w, https:\/\/blog.edu.turku.fi\/perhepaivahoito\/files\/2024\/09\/ai-generated-8446728_1280-1024x682.png 1024w\" sizes=\"auto, (max-width: 709px) 85vw, (max-width: 909px) 67vw, (max-width: 1362px) 62vw, 840px\" \/><\/a><\/p>\n","protected":false},"excerpt":{"rendered":"<p>Oletko kiinnostunut ty\u00f6st\u00e4 perhep\u00e4iv\u00e4hoitajana? 3.9.2024 Jos olet kiinnostunut perhep\u00e4iv\u00e4hoitajan ty\u00f6st\u00e4 tai haluaisit perustaa ryhm\u00e4perhep\u00e4iv\u00e4hoitokodin, ole yhteydess\u00e4 perhep\u00e4iv\u00e4hoidon l\u00e4hijohtajiin\u00a0 Yhteystiedot Tervetuloa Turun kaupungin uusitulle blogisivulle! 3.9.2024<\/p>\n","protected":false},"author":9,"featured_media":0,"parent":0,"menu_order":0,"comment_status":"closed","ping_status":"closed","template":"","meta":{"footnotes":""},"class_list":["post-523","page","type-page","status-publish","hentry"],"_links":{"self":[{"href":"https:\/\/blog.edu.turku.fi\/perhepaivahoito\/wp-json\/wp\/v2\/pages\/523","targetHints":{"allow":["GET"]}}],"collection":[{"href":"https:\/\/blog.edu.turku.fi\/perhepaivahoito\/wp-json\/wp\/v2\/pages"}],"about":[{"href":"https:\/\/blog.edu.turku.fi\/perhepaivahoito\/wp-json\/wp\/v2\/types\/page"}],"author":[{"embeddable":true,"href":"https:\/\/blog.edu.turku.fi\/perhepaivahoito\/wp-json\/wp\/v2\/users\/9"}],"replies":[{"embeddable":true,"href":"https:\/\/blog.edu.turku.fi\/perhepaivahoito\/wp-json\/wp\/v2\/comments?post=523"}],"version-history":[{"count":5,"href":"https:\/\/blog.edu.turku.fi\/perhepaivahoito\/wp-json\/wp\/v2\/pages\/523\/revisions"}],"predecessor-version":[{"id":616,"href":"https:\/\/blog.edu.turku.fi\/perhepaivahoito\/wp-json\/wp\/v2\/pages\/523\/revisions\/616"}],"wp:attachment":[{"href":"https:\/\/blog.edu.turku.fi\/perhepaivahoito\/wp-json\/wp\/v2\/media?parent=523"}],"curies":[{"name":"wp","href":"https:\/\/api.w.org\/{rel}","templated":true}]}}