{"id":513,"date":"2026-02-11T08:20:22","date_gmt":"2026-02-11T06:20:22","guid":{"rendered":"https:\/\/blog.edu.turku.fi\/perhepaivahoito\/?page_id=513"},"modified":"2026-02-11T09:28:00","modified_gmt":"2026-02-11T07:28:00","slug":"kunnallinen-perhepaivahoito","status":"publish","type":"page","link":"https:\/\/blog.edu.turku.fi\/perhepaivahoito\/kunnallinen-perhepaivahoito\/","title":{"rendered":"Kunnallinen perhep\u00e4iv\u00e4hoito"},"content":{"rendered":"<p>Perhep\u00e4iv\u00e4hoito on varhaiskasvatusta, joka toteutuu perhep\u00e4iv\u00e4hoitajan kotona. Perhep\u00e4iv\u00e4hoitoryhm\u00e4ss\u00e4 on enint\u00e4\u00e4n nelj\u00e4 kokop\u00e4iv\u00e4ist\u00e4 alle kouluik\u00e4ist\u00e4 lasta. Perhep\u00e4iv\u00e4hoito hy\u00f6dynt\u00e4\u00e4 my\u00f6s l\u00e4hiseudun koulujen ja p\u00e4iv\u00e4kotien tiloja perhep\u00e4iv\u00e4hoitoryhmien yhteisiin jumppa- ja lauluhetkiin. L\u00e4himets\u00e4t, puistot ja kent\u00e4t ovat perhep\u00e4iv\u00e4hoidon retkikohteina p\u00e4ivitt\u00e4in.<\/p>\n<p>Perhep\u00e4iv\u00e4hoidon toiminta perustuu Turun kaupungin varhaiskasvatussuunnitelmaan ja jokaiselle lapselle laaditaan oma varhaiskasvatussuunnitelma yhdess\u00e4 vanhempien kanssa ja sen toteutumista seurataan. Lapsen varhaiskasvatussuunnitelmassa sovitaan yhteisist\u00e4 k\u00e4yt\u00e4nn\u00f6ist\u00e4 lapsen kasvun, kehityksen ja oppimisen tueksi.<\/p>\n<p>Hoidon alkaessa pidet\u00e4\u00e4n alkukeskustelu, jonka tavoitteena on, ett\u00e4 huoltajat kertovat lapsen tavoista ja tottumuksista, jotta hoidon aloitus sujuisi mahdollisimman helposti lapsen n\u00e4k\u00f6kulmasta. Perhep\u00e4iv\u00e4hoitajan vaitiolovelvollisuus takaa lapsen ja perheen asioiden luottamuksellisen k\u00e4sittelyn.<\/p>\n<p>Tavoitteena on, ett\u00e4 perhe ja lapsi tutustuvat tulevaan hoitopaikkaan ennen hoidon alkua. Tutustumisjakson tulee olla riitt\u00e4v\u00e4n pitk\u00e4 ja kiireet\u00f6n, k\u00e4yntien m\u00e4\u00e4r\u00e4 ja ajankohdat sovitaan lapsen ja perheen tarpeiden mukaan. Lapsen hoito alkaa siit\u00e4 p\u00e4iv\u00e4st\u00e4, kun lapsi j\u00e4\u00e4 yksin hoitopaikkaan.<\/p>\n<p>Hoitoaika sovitaan lapsikohtaisesti huoltajien ty\u00f6ss\u00e4oloajan, opiskelun tai muun tarpeen mukaan. Varhaiskasvatuksen k\u00e4yt\u00f6ss\u00e4 on eVaka-j\u00e4rjestelm\u00e4, jonne hoitoajat suunnitellaan. Hoitajan poissaoloissa lapselle j\u00e4rjestet\u00e4\u00e4n varahoito. Lapselle sovitaan varahoitopaikka hoidon alkaessa ja siihen tutustutaan mahdollisuuksien mukaan. Varahoito tapahtuu perhep\u00e4iv\u00e4hoidon varahoidossa, p\u00e4iv\u00e4kodissa tai toisen hoitajan ryhm\u00e4ss\u00e4. Poikkeuksena p\u00e4ivystysajat, jotka j\u00e4rjestet\u00e4\u00e4n keskitetysti alueen p\u00e4ivystys p\u00e4iv\u00e4kodissa.<\/p>\n<p>Kunnallinen perhep\u00e4iv\u00e4hoitaja osallistuu s\u00e4\u00e4nn\u00f6llisesti ajankohtaisiin varhaiskasvatuksen koulutuksiin ja tuen asioissa on k\u00e4yt\u00f6ss\u00e4 varhaiskasvatuksen erityisopettaja ja aluesosionomin palvelut.<\/p>\n<p>Perhep\u00e4iv\u00e4hoitajan esimiehen\u00e4 toimii perhep\u00e4iv\u00e4hoidon l\u00e4hijohtaja. Saat h\u00e4nelt\u00e4 lis\u00e4tietoja kunnallisesta perhep\u00e4iv\u00e4hoidosta:<\/p>\n<ul>\n<li style=\"list-style-type: none\">\n<ul>\n<li>Outi Wiik, outi.wiik(at)edu.turku.fi\n<ul>\n<li>Kastu<\/li>\n<li>Keskustan alue<\/li>\n<li>Kohmo<\/li>\n<li>Paattinen<\/li>\n<li>Pitk\u00e4m\u00e4ki<\/li>\n<li>Runosm\u00e4ki<\/li>\n<\/ul>\n<\/li>\n<\/ul>\n<\/li>\n<\/ul>\n<ul>\n<li style=\"list-style-type: none\">\n<ul>\n<li>Jaana Virta, jaana.k.virta(at)edu.turku.fi\n<ul>\n<li>Harittu<\/li>\n<li>Hirvensalo<\/li>\n<li>Ilpoinen<\/li>\n<li>Uittamo<\/li>\n<\/ul>\n<\/li>\n<\/ul>\n<\/li>\n<\/ul>\n<p><a href=\"http:\/\/facebook.com\/skanssiuittamonperhepaivahoito\" target=\"_blank\" rel=\"noopener\">Skanssi-Uittamon perhep\u00e4iv\u00e4hoito Facebook-sivut<\/a><\/p>\n<p>Meid\u00e4t l\u00f6yt\u00e4\u00e4 my\u00f6s Instagramista nimell\u00e4\u00a0@skanssiuittamonperhepaivahoito<\/p>\n<p>Lis\u00e4ksi er\u00e4\u00e4n perhep\u00e4iv\u00e4hoitajan Instagram-sivut l\u00f6yd\u00e4t <a href=\"https:\/\/www.instagram.com\/varhaiskasvatus_virpi?utm_source=qr&amp;igsh=MTIydTRoOHNqNDRldA%3D%3D\">t\u00e4\u00e4lt\u00e4<\/a><\/p>\n<h3>Hakeminen<\/h3>\n<p>Kunnallista perhep\u00e4iv\u00e4hoitoa haetaan varhaiskasvatushakemuksella. Hakemukseen valitaan alue, josta perhep\u00e4iv\u00e4hoitoa toivotaan. Hakemus tulee j\u00e4tt\u00e4\u00e4 v\u00e4hint\u00e4\u00e4n nelj\u00e4 kuukautta ennen varhaiskasvatuksen aloittamista.<\/p>\n<p>Lis\u00e4tietoa vapaista perhep\u00e4iv\u00e4hoitopaikoista saat varhaiskasvatuksen palveluohjauksesta Kauppatorin Monitorissa tai puhelimitse 02-262 5610 arkisin klo 9.00\u201312.00. Katso my\u00f6s <a href=\"https:\/\/www.turku.fi\/paivahoito-ja-koulutus\/varhaiskasvatus\" target=\"_blank\" rel=\"noopener\">turku.fi\/varhaiskasvatus<\/a><\/p>\n<p><a href=\"https:\/\/blog.edu.turku.fi\/perhepaivahoito\/files\/2020\/02\/Kirjasto-retkell\u00e4.jpg\"><img loading=\"lazy\" decoding=\"async\" class=\"aligncenter wp-image-99 size-full\" src=\"https:\/\/blog.edu.turku.fi\/perhepaivahoito\/files\/2020\/02\/Kirjasto-retkell\u00e4-e1725359206788.jpg\" alt=\"\" width=\"2048\" height=\"887\" srcset=\"https:\/\/blog.edu.turku.fi\/perhepaivahoito\/files\/2020\/02\/Kirjasto-retkell\u00e4-e1725359206788.jpg 2048w, https:\/\/blog.edu.turku.fi\/perhepaivahoito\/files\/2020\/02\/Kirjasto-retkell\u00e4-e1725359206788-300x130.jpg 300w, https:\/\/blog.edu.turku.fi\/perhepaivahoito\/files\/2020\/02\/Kirjasto-retkell\u00e4-e1725359206788-1024x444.jpg 1024w, https:\/\/blog.edu.turku.fi\/perhepaivahoito\/files\/2020\/02\/Kirjasto-retkell\u00e4-e1725359206788-768x333.jpg 768w, https:\/\/blog.edu.turku.fi\/perhepaivahoito\/files\/2020\/02\/Kirjasto-retkell\u00e4-e1725359206788-1536x665.jpg 1536w, https:\/\/blog.edu.turku.fi\/perhepaivahoito\/files\/2020\/02\/Kirjasto-retkell\u00e4-e1725359206788-1200x520.jpg 1200w\" sizes=\"auto, (max-width: 709px) 85vw, (max-width: 909px) 67vw, (max-width: 1362px) 62vw, 840px\" \/><\/a><\/p>\n","protected":false},"excerpt":{"rendered":"<p>Perhep\u00e4iv\u00e4hoito on varhaiskasvatusta, joka toteutuu perhep\u00e4iv\u00e4hoitajan kotona. Perhep\u00e4iv\u00e4hoitoryhm\u00e4ss\u00e4 on enint\u00e4\u00e4n nelj\u00e4 kokop\u00e4iv\u00e4ist\u00e4 alle kouluik\u00e4ist\u00e4 lasta. Perhep\u00e4iv\u00e4hoito hy\u00f6dynt\u00e4\u00e4 my\u00f6s l\u00e4hiseudun koulujen ja p\u00e4iv\u00e4kotien tiloja perhep\u00e4iv\u00e4hoitoryhmien yhteisiin jumppa- ja lauluhetkiin. L\u00e4himets\u00e4t, puistot ja kent\u00e4t ovat perhep\u00e4iv\u00e4hoidon retkikohteina p\u00e4ivitt\u00e4in. Perhep\u00e4iv\u00e4hoidon toiminta perustuu Turun kaupungin varhaiskasvatussuunnitelmaan ja jokaiselle lapselle laaditaan oma varhaiskasvatussuunnitelma yhdess\u00e4 vanhempien kanssa ja sen toteutumista seurataan. &hellip; <a href=\"https:\/\/blog.edu.turku.fi\/perhepaivahoito\/kunnallinen-perhepaivahoito\/\" class=\"more-link\">Jatka lukemista<span class=\"screen-reader-text\"> &#8221;Kunnallinen perhep\u00e4iv\u00e4hoito&#8221;<\/span><\/a><\/p>\n","protected":false},"author":9,"featured_media":0,"parent":0,"menu_order":0,"comment_status":"closed","ping_status":"closed","template":"","meta":{"footnotes":""},"class_list":["post-513","page","type-page","status-publish","hentry"],"_links":{"self":[{"href":"https:\/\/blog.edu.turku.fi\/perhepaivahoito\/wp-json\/wp\/v2\/pages\/513","targetHints":{"allow":["GET"]}}],"collection":[{"href":"https:\/\/blog.edu.turku.fi\/perhepaivahoito\/wp-json\/wp\/v2\/pages"}],"about":[{"href":"https:\/\/blog.edu.turku.fi\/perhepaivahoito\/wp-json\/wp\/v2\/types\/page"}],"author":[{"embeddable":true,"href":"https:\/\/blog.edu.turku.fi\/perhepaivahoito\/wp-json\/wp\/v2\/users\/9"}],"replies":[{"embeddable":true,"href":"https:\/\/blog.edu.turku.fi\/perhepaivahoito\/wp-json\/wp\/v2\/comments?post=513"}],"version-history":[{"count":16,"href":"https:\/\/blog.edu.turku.fi\/perhepaivahoito\/wp-json\/wp\/v2\/pages\/513\/revisions"}],"predecessor-version":[{"id":709,"href":"https:\/\/blog.edu.turku.fi\/perhepaivahoito\/wp-json\/wp\/v2\/pages\/513\/revisions\/709"}],"wp:attachment":[{"href":"https:\/\/blog.edu.turku.fi\/perhepaivahoito\/wp-json\/wp\/v2\/media?parent=513"}],"curies":[{"name":"wp","href":"https:\/\/api.w.org\/{rel}","templated":true}]}}