{"id":792,"date":"2018-08-15T12:53:51","date_gmt":"2018-08-15T09:53:51","guid":{"rendered":"https:\/\/blog.edu.turku.fi\/pansio\/?page_id=792"},"modified":"2025-08-27T11:36:07","modified_gmt":"2025-08-27T08:36:07","slug":"iltapaivakerho","status":"publish","type":"page","link":"https:\/\/blog.edu.turku.fi\/pansio\/iltapaivakerho\/","title":{"rendered":"Iltap\u00e4iv\u00e4toiminta IPPE"},"content":{"rendered":"<p>Iltap\u00e4iv\u00e4toiminta IPPE<\/p>\n<p><span data-olk-copy-source=\"MessageBody\">Pansion koulun tiloissa j\u00e4rjestet\u00e4\u00e4n Turun kaupungin ty\u00f6ntekij\u00f6iden toimesta koululaisten aamu- ja iltap\u00e4iv\u00e4toimintaa kello 7.30-10.00 ja kello 11.00-17.00. Toiminta on suunnattu 1. ja 2. luokkalaisille. Ty\u00f6tekij\u00f6in\u00e4 Sinikka Tuominen, Mari Laine ja Natalia Kuusmaa. Puh 0449072978<\/span><\/p>\n","protected":false},"excerpt":{"rendered":"<p>Iltap\u00e4iv\u00e4toiminta IPPE Pansion koulun tiloissa j\u00e4rjestet\u00e4\u00e4n Turun kaupungin ty\u00f6ntekij\u00f6iden toimesta koululaisten aamu- ja iltap\u00e4iv\u00e4toimintaa kello 7.30-10.00 ja kello 11.00-17.00. Toiminta on suunnattu 1. ja 2. luokkalaisille. Ty\u00f6tekij\u00f6in\u00e4 Sinikka Tuominen, Mari Laine ja Natalia Kuusmaa. Puh 0449072978<\/p>\n","protected":false},"author":352,"featured_media":0,"parent":0,"menu_order":0,"comment_status":"closed","ping_status":"closed","template":"","meta":{"footnotes":""},"class_list":["post-792","page","type-page","status-publish","hentry"],"_links":{"self":[{"href":"https:\/\/blog.edu.turku.fi\/pansio\/wp-json\/wp\/v2\/pages\/792","targetHints":{"allow":["GET"]}}],"collection":[{"href":"https:\/\/blog.edu.turku.fi\/pansio\/wp-json\/wp\/v2\/pages"}],"about":[{"href":"https:\/\/blog.edu.turku.fi\/pansio\/wp-json\/wp\/v2\/types\/page"}],"author":[{"embeddable":true,"href":"https:\/\/blog.edu.turku.fi\/pansio\/wp-json\/wp\/v2\/users\/352"}],"replies":[{"embeddable":true,"href":"https:\/\/blog.edu.turku.fi\/pansio\/wp-json\/wp\/v2\/comments?post=792"}],"version-history":[{"count":9,"href":"https:\/\/blog.edu.turku.fi\/pansio\/wp-json\/wp\/v2\/pages\/792\/revisions"}],"predecessor-version":[{"id":1301,"href":"https:\/\/blog.edu.turku.fi\/pansio\/wp-json\/wp\/v2\/pages\/792\/revisions\/1301"}],"wp:attachment":[{"href":"https:\/\/blog.edu.turku.fi\/pansio\/wp-json\/wp\/v2\/media?parent=792"}],"curies":[{"name":"wp","href":"https:\/\/api.w.org\/{rel}","templated":true}]}}