{"id":79,"date":"2015-10-01T16:41:40","date_gmt":"2015-10-01T13:41:40","guid":{"rendered":"https:\/\/blog.edu.turku.fi\/pansio\/?page_id=79"},"modified":"2023-08-17T08:27:56","modified_gmt":"2023-08-17T05:27:56","slug":"etusivu","status":"publish","type":"page","link":"https:\/\/blog.edu.turku.fi\/pansio\/","title":{"rendered":"Pansion koulu"},"content":{"rendered":"<p>&nbsp;<\/p>\n<p><a href=\"https:\/\/blog.edu.turku.fi\/pansio\/files\/2015\/10\/Optimized-_DSC4847-e1446141558195.jpg\"><img loading=\"lazy\" decoding=\"async\" class=\"aligncenter wp-image-254\" src=\"https:\/\/blog.edu.turku.fi\/pansio\/files\/2015\/10\/Optimized-_DSC4847-1024x561.jpg\" alt=\"Kuvassa on Pansion koulurakennus.\" width=\"588\" height=\"322\" \/><\/a><\/p>\n<p>&nbsp;<\/p>\n<p>Pansion koulussa opiskelevat perusopetuksen luokat 1-6. Lis\u00e4ksi koulussa on kaksi Valmo-luokkaa eli valmistavan opetuksen ryhm\u00e4\u00e4 maahanmuuttajalapsille. Koulun kanssa samassa rakennuksessa sijaitsee Pansion kirjasto ja vastap\u00e4\u00e4t\u00e4 koulua Pansion kisapuisto.<\/p>\n<p>&nbsp;<\/p>\n<p><strong>\u00a0<\/strong><\/p>\n<p>&nbsp;<\/p>\n","protected":false},"excerpt":{"rendered":"<p>&nbsp; &nbsp; Pansion koulussa opiskelevat perusopetuksen luokat 1-6. Lis\u00e4ksi koulussa on kaksi Valmo-luokkaa eli valmistavan opetuksen ryhm\u00e4\u00e4 maahanmuuttajalapsille. Koulun kanssa samassa rakennuksessa sijaitsee Pansion kirjasto ja vastap\u00e4\u00e4t\u00e4 koulua Pansion kisapuisto. &nbsp; \u00a0 &nbsp;<\/p>\n","protected":false},"author":1519,"featured_media":0,"parent":0,"menu_order":7,"comment_status":"closed","ping_status":"closed","template":"","meta":{"footnotes":""},"class_list":["post-79","page","type-page","status-publish","hentry"],"_links":{"self":[{"href":"https:\/\/blog.edu.turku.fi\/pansio\/wp-json\/wp\/v2\/pages\/79","targetHints":{"allow":["GET"]}}],"collection":[{"href":"https:\/\/blog.edu.turku.fi\/pansio\/wp-json\/wp\/v2\/pages"}],"about":[{"href":"https:\/\/blog.edu.turku.fi\/pansio\/wp-json\/wp\/v2\/types\/page"}],"author":[{"embeddable":true,"href":"https:\/\/blog.edu.turku.fi\/pansio\/wp-json\/wp\/v2\/users\/1519"}],"replies":[{"embeddable":true,"href":"https:\/\/blog.edu.turku.fi\/pansio\/wp-json\/wp\/v2\/comments?post=79"}],"version-history":[{"count":49,"href":"https:\/\/blog.edu.turku.fi\/pansio\/wp-json\/wp\/v2\/pages\/79\/revisions"}],"predecessor-version":[{"id":1201,"href":"https:\/\/blog.edu.turku.fi\/pansio\/wp-json\/wp\/v2\/pages\/79\/revisions\/1201"}],"wp:attachment":[{"href":"https:\/\/blog.edu.turku.fi\/pansio\/wp-json\/wp\/v2\/media?parent=79"}],"curies":[{"name":"wp","href":"https:\/\/api.w.org\/{rel}","templated":true}]}}