{"id":5,"date":"2015-09-21T13:22:09","date_gmt":"2015-09-21T10:22:09","guid":{"rendered":"https:\/\/blog.edu.turku.fi\/pansio\/?page_id=5"},"modified":"2026-02-02T09:55:17","modified_gmt":"2026-02-02T07:55:17","slug":"henkilokunta","status":"publish","type":"page","link":"https:\/\/blog.edu.turku.fi\/pansio\/henkilokunta\/","title":{"rendered":"Henkil\u00f6kunta"},"content":{"rendered":"<p><strong>PANSION KOULUN HENKIL\u00d6KUNTA 2025 \u2013 2026<\/strong><\/p>\n<p>Opetushenkil\u00f6kunnan s\u00e4hk\u00f6postit ovat muotoa <em>etunimi.sukunimi<\/em>@edu.turku.fi<\/p>\n<p><strong>Rehtorit<\/strong><\/p>\n<p>rehtori Antti Hyss\u00e4l\u00e4 050 4323599<\/p>\n<p>vararehtori Kati Savolainen 040 6549981<\/p>\n<p><strong>Luokanopettajat<\/strong><\/p>\n<p>1A Kirsi Haukikari 040 1738705<\/p>\n<p>1B Heidi Lehtinen 050 3101645<\/p>\n<p>2A Lotta Janhunen 044 9074828<\/p>\n<p>2B Suvi Vainionp\u00e4\u00e4 044 9072361<\/p>\n<p>3A Ann-Sofie Karlsson 040 8289586<\/p>\n<p>3B Jonna Kallio 040 8289856<\/p>\n<p>4A Kirsi Miettinen 040 6372156<\/p>\n<p>4B Olga Sepp\u00e4nen 040 1739051<\/p>\n<p>4C Susanna Luotonen 044 9075227<\/p>\n<p>5A Janne Kolvanki 0449075326<\/p>\n<p>5B Kai Salokangas 040 1739144<\/p>\n<p>6A Susan Kostiainen 040 5726599<\/p>\n<p>6B Jonne Pihajoki 040 1498245<\/p>\n<p><strong>Valmistavan opetuksen opettajat<\/strong><\/p>\n<p>A Elina Tuominen 040 1498235<\/p>\n<p>B Maria Suni 044 9024453<\/p>\n<p><strong>Koulunk\u00e4yntiohjaajat<\/strong><\/p>\n<p>Ulla Lipponen (yleisopetus) 040 1739023<\/p>\n<p>Pirjo Sormunen (yleisopetus) 040 1739146<\/p>\n<p>Rita Galusko (yleisopetus) 044 9075327<\/p>\n<p>Alona Serputko (ukrainan kielen opettaja) 040 1739178<\/p>\n<p>Karin Kink (valmistava opetus A) 040 6260849<\/p>\n<p>Maija Oksi (valmistava opetus B) 040 1738704<\/p>\n<p><strong>Erityisopetus<\/strong><\/p>\n<p>Sonja Kilpinen 040 1738907<\/p>\n<p>Kati Savolainen 040 6549981<\/p>\n<p><strong>Englanti<\/strong><\/p>\n<p>Maiju Kuusilehto 040 1739014<\/p>\n<p><strong>S2-opetus<\/strong><\/p>\n<p>Juhani Sirro 040 1739025<\/p>\n<p>Heli Arosuo\u00a0040 5671081<\/p>\n<p><strong>Laaja-alainen alkuopetuksen tuki<\/strong><\/p>\n<p>Mikaela Rauhala 044 9072889<\/p>\n<p><strong>Terveydenhoitaja<\/strong><\/p>\n<p>Jaana Jalava 044 4910151<\/p>\n<p>Pansiossa ma, ti, ke ja to<\/p>\n<p>s\u00e4hk\u00f6posti: jaana.jalava@varha.fi<\/p>\n<p><strong>Psykiatrinen sairaanhoitaja<\/strong><\/p>\n<p>Niina Lehtonen 044 7936636<\/p>\n<p>Pansiossa maanantaisin<\/p>\n<p>s\u00e4hk\u00f6posti: niina.m.lehtonen@varha.fi<\/p>\n<p><strong>Koulupsykologi<\/strong><\/p>\n<p>Maria Haataja 044 4935592<\/p>\n<p>Pansiossa ma, ti ja pe<\/p>\n<p>s\u00e4hk\u00f6posti: maria.haataja@varha.fi<\/p>\n<p><strong>Koulukuraattori<\/strong><\/p>\n<p>Piia Heikkil\u00e4 044 7276764<\/p>\n<p>Pansiossa ti ja to<\/p>\n<p>s\u00e4hk\u00f6posti: piia.heikkila@varha.fi<\/p>\n<p><strong>Koulusihteeri<\/strong><\/p>\n<p>Kaisa Per\u00e4m\u00e4ki 040 1662185<\/p>\n<p>Pansiossa ma ja pe<\/p>\n<p><strong>Keitti\u00f6<\/strong><\/p>\n<p>040\u00a08475385<\/p>\n<p><strong>Kiinteist\u00f6nhoitaja<\/strong><\/p>\n<p>Taha Al-Zaidi 0102342092<\/p>\n<p><strong>Kouluvaari<\/strong><\/p>\n<p>Jorma Kyt\u00f6m\u00e4ki<\/p>\n<p><strong>Icehearts-kasvattaja<\/strong><\/p>\n<p>Niko Valikainen 040 7152318<\/p>\n<p>Pasi Pietik\u00e4inen 050 9116971<\/p>\n<p>Kirsi Sihvola 044 7518511<\/p>\n<p><strong>Koulunuorisoty\u00f6ntekij\u00e4<\/strong><\/p>\n<p>Jennika Vataja 0449024202<\/p>\n<p>Pansiossa ma, ke, to ja pe<\/p>\n<p><strong>Iltap\u00e4iv\u00e4toiminta IPPE<\/strong><\/p>\n<p>Sinikka Tuominen, Mari Laine &amp; Natalia Kuusmaa<\/p>\n<p>044 9072978<\/p>\n<p>&nbsp;<\/p>\n<p>&nbsp;<\/p>\n<p>&nbsp;<\/p>\n","protected":false},"excerpt":{"rendered":"<p>PANSION KOULUN HENKIL\u00d6KUNTA 2025 \u2013 2026 Opetushenkil\u00f6kunnan s\u00e4hk\u00f6postit ovat muotoa etunimi.sukunimi@edu.turku.fi Rehtorit rehtori Antti Hyss\u00e4l\u00e4 050 4323599 vararehtori Kati Savolainen 040 6549981 Luokanopettajat 1A Kirsi Haukikari 040 1738705 1B Heidi Lehtinen 050 3101645 2A Lotta Janhunen 044 9074828 2B Suvi Vainionp\u00e4\u00e4 044 9072361 3A Ann-Sofie Karlsson 040 8289586 3B Jonna Kallio 040 8289856 4A Kirsi &hellip; <a href=\"https:\/\/blog.edu.turku.fi\/pansio\/henkilokunta\/\" class=\"more-link\">Jatka lukemista<span class=\"screen-reader-text\"> &#8221;Henkil\u00f6kunta&#8221;<\/span><\/a><\/p>\n","protected":false},"author":1519,"featured_media":0,"parent":0,"menu_order":1,"comment_status":"closed","ping_status":"closed","template":"","meta":{"footnotes":""},"class_list":["post-5","page","type-page","status-publish","hentry"],"_links":{"self":[{"href":"https:\/\/blog.edu.turku.fi\/pansio\/wp-json\/wp\/v2\/pages\/5","targetHints":{"allow":["GET"]}}],"collection":[{"href":"https:\/\/blog.edu.turku.fi\/pansio\/wp-json\/wp\/v2\/pages"}],"about":[{"href":"https:\/\/blog.edu.turku.fi\/pansio\/wp-json\/wp\/v2\/types\/page"}],"author":[{"embeddable":true,"href":"https:\/\/blog.edu.turku.fi\/pansio\/wp-json\/wp\/v2\/users\/1519"}],"replies":[{"embeddable":true,"href":"https:\/\/blog.edu.turku.fi\/pansio\/wp-json\/wp\/v2\/comments?post=5"}],"version-history":[{"count":175,"href":"https:\/\/blog.edu.turku.fi\/pansio\/wp-json\/wp\/v2\/pages\/5\/revisions"}],"predecessor-version":[{"id":1325,"href":"https:\/\/blog.edu.turku.fi\/pansio\/wp-json\/wp\/v2\/pages\/5\/revisions\/1325"}],"wp:attachment":[{"href":"https:\/\/blog.edu.turku.fi\/pansio\/wp-json\/wp\/v2\/media?parent=5"}],"curies":[{"name":"wp","href":"https:\/\/api.w.org\/{rel}","templated":true}]}}