{"id":354,"date":"2015-12-09T08:35:46","date_gmt":"2015-12-09T06:35:46","guid":{"rendered":"https:\/\/blog.edu.turku.fi\/pansio\/?page_id=354"},"modified":"2016-06-01T15:10:34","modified_gmt":"2016-06-01T12:10:34","slug":"pansion-koulun-ops-tyoskentelya-2","status":"publish","type":"page","link":"https:\/\/blog.edu.turku.fi\/pansio\/pansion-koulun-ops-tyoskentelya-2\/","title":{"rendered":"Pansion koulun OPS2016"},"content":{"rendered":"<h3><strong>Pansion koulun koulukohtainen OPS 2016 on hyv\u00e4ksytty.<\/strong><\/h3>\n<h3>Uuden OPS:n n\u00e4et <a href=\"https:\/\/blog.edu.turku.fi\/pansio\/files\/2015\/12\/PANSIO-OPS-2016.pdf\" rel=\"\">t\u00e4st\u00e4!<\/a><\/h3>\n<p><strong><br \/>\nPeruskoulun opetussuunnitelma uudistuu 2016<\/strong><\/p>\n<p>T\u00e4lt\u00e4 sivulta sek\u00e4 Turun OPS-blogista voit seurata Pansion koulun opetussuunnitelman uudistusty\u00f6t\u00e4. Opetussuunnitelmaty\u00f6ss\u00e4 ovat mukana oppilaat, huoltajat sek\u00e4 koko koulun henkil\u00f6kunta.<\/p>\n<p>Opetushallitus hyv\u00e4ksyi edelliset perusopetuksen opetussuunnitelman perusteet 16.1.2004 ja niiden mukaiset opetussuunnitelmat ovat olleet k\u00e4yt\u00f6ss\u00e4 kaikilla luokka-asteilla 1.8.2006 alkaen. Vuoden 2004 opetussuunnitelman perusteita noudatetaan siihen saakka, kunnes vuoden 2014 opetussuunnitelman perusteiden mukainen opetussuunnitelma otetaan k\u00e4ytt\u00f6\u00f6n.<\/p>\n<p>Opetushallitus on hyv\u00e4ksynyt perusopetuksen opetussuunnitelman perusteet 22.12.2014. N\u00e4iden perusteiden mukainen paikallinen opetussuunnitelma otetaan k\u00e4ytt\u00f6\u00f6n vuosiluokkien 1\u20136 osalta 1.8.2016.<\/p>\n<p>Valtakunnalliseen opetussuunnitelmauudistusty\u00f6h\u00f6n voi tutustua t\u00e4\u00e4ll\u00e4: <a href=\"http:\/\/www.oph.fi\/saadokset_ja_ohjeet\/opetussuunnitelmien_ja_tutkintojen_perusteet\/perusopetus\">http:\/\/www.oph.fi\/saadokset_ja_ohjeet\/opetussuunnitelmien_ja_tutkintojen_perusteet\/perusopetus<\/a><\/p>\n<p>Turun peruskouluissa on jo aloitettu uuden opetussuunnitelman paikallinen suunnitteluty\u00f6.<\/p>\n<p>Turun opetussuunnitelmauudistusty\u00f6t\u00e4 voit seurata Turun omasta OPS-blogista:<br \/>\n<a href=\"https:\/\/blog.edu.turku.fi\/ops2016\/\">https:\/\/blog.edu.turku.fi\/ops2016\/<\/a><\/p>\n<p>T\u00e4ll\u00e4 hetkell\u00e4 koulussa on pohdittu oppimisk\u00e4sitykseen liittyvi\u00e4 asioita, oppilaiden osallisuutta sek\u00e4 koulun oppimisymp\u00e4rist\u00f6\u00e4.<\/p>\n<p>Seuraa alla olevasta linkist\u00e4, miten Pansion koulun OPS2016 valmistuu.<\/p>\n<p><a href=\"https:\/\/blog.edu.turku.fi\/pansio\/files\/2015\/12\/Pansion-koulun-ty\u00f6skentely\u00e4-OPS2016-PDF.pdf\">Pansion koulun OPS2016-ty\u00f6skentely\u00e4 (PDF)<\/a><\/p>\n<p>Pansion koulun oppilaiden tekem\u00e4\u00e4n havainnointiteht\u00e4v\u00e4\u00e4n omasta koulupihastamme voit tutustua t\u00e4ss\u00e4:<br \/>\n<a href=\"https:\/\/blog.edu.turku.fi\/pansio\/files\/2015\/09\/OppimisymparistonhavainnointiPansionkoulussa.pdf\">Oppimisymp\u00e4rist\u00f6n havainnointi Pansion koulussa<\/a><\/p>\n<p><a href=\"https:\/\/blog.edu.turku.fi\/pansio\/files\/2015\/12\/ops2016.jpg\"><img loading=\"lazy\" decoding=\"async\" class=\"alignleft size-full wp-image-361\" src=\"https:\/\/blog.edu.turku.fi\/pansio\/files\/2015\/12\/ops2016.jpg\" alt=\"ops2016\" width=\"357\" height=\"135\" srcset=\"https:\/\/blog.edu.turku.fi\/pansio\/files\/2015\/12\/ops2016.jpg 357w, https:\/\/blog.edu.turku.fi\/pansio\/files\/2015\/12\/ops2016-300x113.jpg 300w\" sizes=\"auto, (max-width: 357px) 85vw, 357px\" \/><\/a><\/p>\n<p>&nbsp;<\/p>\n<p>&nbsp;<\/p>\n","protected":false},"excerpt":{"rendered":"<p>Pansion koulun koulukohtainen OPS 2016 on hyv\u00e4ksytty. Uuden OPS:n n\u00e4et t\u00e4st\u00e4! Peruskoulun opetussuunnitelma uudistuu 2016 T\u00e4lt\u00e4 sivulta sek\u00e4 Turun OPS-blogista voit seurata Pansion koulun opetussuunnitelman uudistusty\u00f6t\u00e4. Opetussuunnitelmaty\u00f6ss\u00e4 ovat mukana oppilaat, huoltajat sek\u00e4 koko koulun henkil\u00f6kunta. Opetushallitus hyv\u00e4ksyi edelliset perusopetuksen opetussuunnitelman perusteet 16.1.2004 ja niiden mukaiset opetussuunnitelmat ovat olleet k\u00e4yt\u00f6ss\u00e4 kaikilla luokka-asteilla 1.8.2006 alkaen. Vuoden 2004 &hellip; <a href=\"https:\/\/blog.edu.turku.fi\/pansio\/pansion-koulun-ops-tyoskentelya-2\/\" class=\"more-link\">Jatka lukemista<span class=\"screen-reader-text\"> &#8221;Pansion koulun OPS2016&#8221;<\/span><\/a><\/p>\n","protected":false},"author":352,"featured_media":0,"parent":0,"menu_order":0,"comment_status":"closed","ping_status":"closed","template":"","meta":{"footnotes":""},"class_list":["post-354","page","type-page","status-publish","hentry"],"_links":{"self":[{"href":"https:\/\/blog.edu.turku.fi\/pansio\/wp-json\/wp\/v2\/pages\/354","targetHints":{"allow":["GET"]}}],"collection":[{"href":"https:\/\/blog.edu.turku.fi\/pansio\/wp-json\/wp\/v2\/pages"}],"about":[{"href":"https:\/\/blog.edu.turku.fi\/pansio\/wp-json\/wp\/v2\/types\/page"}],"author":[{"embeddable":true,"href":"https:\/\/blog.edu.turku.fi\/pansio\/wp-json\/wp\/v2\/users\/352"}],"replies":[{"embeddable":true,"href":"https:\/\/blog.edu.turku.fi\/pansio\/wp-json\/wp\/v2\/comments?post=354"}],"version-history":[{"count":14,"href":"https:\/\/blog.edu.turku.fi\/pansio\/wp-json\/wp\/v2\/pages\/354\/revisions"}],"predecessor-version":[{"id":554,"href":"https:\/\/blog.edu.turku.fi\/pansio\/wp-json\/wp\/v2\/pages\/354\/revisions\/554"}],"wp:attachment":[{"href":"https:\/\/blog.edu.turku.fi\/pansio\/wp-json\/wp\/v2\/media?parent=354"}],"curies":[{"name":"wp","href":"https:\/\/api.w.org\/{rel}","templated":true}]}}