{"id":21,"date":"2015-09-21T14:15:50","date_gmt":"2015-09-21T11:15:50","guid":{"rendered":"https:\/\/blog.edu.turku.fi\/pansio\/?page_id=21"},"modified":"2024-08-06T20:43:28","modified_gmt":"2024-08-06T17:43:28","slug":"yhteystiedot","status":"publish","type":"page","link":"https:\/\/blog.edu.turku.fi\/pansio\/yhteystiedot\/","title":{"rendered":"Yhteystiedot"},"content":{"rendered":"<p>Pansion koulu<br \/>\nPernontie 29<br \/>\n20240 Turku<\/p>\n<p><a href=\"http:\/\/opaskartta.turku.fi\/IMS\/?layers=Opaskartta&amp;cp=6704536,23454286&amp;z=2\">Pansion alueen kartta<\/a><\/p>\n<p>rehtori Antti Hyss\u00e4l\u00e4 050 4323599<\/p>\n<p>koulusihteeri Kaisa Per\u00e4m\u00e4ki 040 1662185 (paikalla Pansiossa ma ja pe)<\/p>\n<p>&nbsp;<\/p>\n<p>kiinteist\u00f6nhoitaja, Coor Service Management Oy, Taha Al-Zaidi 0102342092<\/p>\n<p>muut puhelinnumerot l\u00f6ytyv\u00e4t kohdasta <a href=\"https:\/\/blog.edu.turku.fi\/pansio\/henkilokunta\/\">henkil\u00f6kunta<\/a><\/p>\n","protected":false},"excerpt":{"rendered":"<p>Pansion koulu Pernontie 29 20240 Turku Pansion alueen kartta rehtori Antti Hyss\u00e4l\u00e4 050 4323599 koulusihteeri Kaisa Per\u00e4m\u00e4ki 040 1662185 (paikalla Pansiossa ma ja pe) &nbsp; kiinteist\u00f6nhoitaja, Coor Service Management Oy, Taha Al-Zaidi 0102342092 muut puhelinnumerot l\u00f6ytyv\u00e4t kohdasta henkil\u00f6kunta<\/p>\n","protected":false},"author":1519,"featured_media":0,"parent":0,"menu_order":5,"comment_status":"closed","ping_status":"closed","template":"","meta":{"footnotes":""},"class_list":["post-21","page","type-page","status-publish","hentry"],"_links":{"self":[{"href":"https:\/\/blog.edu.turku.fi\/pansio\/wp-json\/wp\/v2\/pages\/21","targetHints":{"allow":["GET"]}}],"collection":[{"href":"https:\/\/blog.edu.turku.fi\/pansio\/wp-json\/wp\/v2\/pages"}],"about":[{"href":"https:\/\/blog.edu.turku.fi\/pansio\/wp-json\/wp\/v2\/types\/page"}],"author":[{"embeddable":true,"href":"https:\/\/blog.edu.turku.fi\/pansio\/wp-json\/wp\/v2\/users\/1519"}],"replies":[{"embeddable":true,"href":"https:\/\/blog.edu.turku.fi\/pansio\/wp-json\/wp\/v2\/comments?post=21"}],"version-history":[{"count":14,"href":"https:\/\/blog.edu.turku.fi\/pansio\/wp-json\/wp\/v2\/pages\/21\/revisions"}],"predecessor-version":[{"id":1237,"href":"https:\/\/blog.edu.turku.fi\/pansio\/wp-json\/wp\/v2\/pages\/21\/revisions\/1237"}],"wp:attachment":[{"href":"https:\/\/blog.edu.turku.fi\/pansio\/wp-json\/wp\/v2\/media?parent=21"}],"curies":[{"name":"wp","href":"https:\/\/api.w.org\/{rel}","templated":true}]}}