{"id":160,"date":"2015-10-08T18:19:16","date_gmt":"2015-10-08T15:19:16","guid":{"rendered":"https:\/\/blog.edu.turku.fi\/pansio\/?page_id=160"},"modified":"2022-08-29T09:46:33","modified_gmt":"2022-08-29T06:46:33","slug":"poissaolot","status":"publish","type":"page","link":"https:\/\/blog.edu.turku.fi\/pansio\/koti-ja-koulu\/poissaolot\/","title":{"rendered":"Poissaolot"},"content":{"rendered":"<p>Huoltajan on ilmoitettava oppilaan poissaolosta koulun mahdollisimman pian ensimm\u00e4isen poissaolop\u00e4iv\u00e4n aamuna. K\u00e4tevint\u00e4 on tehd\u00e4 poissaoloilmoitus Wilmassa.<\/p>\n<p>Muusta kuin sairaudesta johtuvat poissaolot on anottava hyviss\u00e4 ajoin. Yli kolmen p\u00e4iv\u00e4n poissaolot anotaan rehtorilta, t\u00e4t\u00e4 lyhyemm\u00e4t poissaolot voi my\u00f6nt\u00e4\u00e4 luokanopettaja. Poissaolohakemuksen voi tehd\u00e4\u00a0Wilman v\u00e4lilehdell\u00e4 &#8221;Hakemukset ja p\u00e4\u00e4t\u00f6kset&#8221;.<\/p>\n<p>Poikkeuksellisesti poissaolohakemuksen voi tehd\u00e4 oheisella lomakkeella.<\/p>\n<p><a href=\"https:\/\/blog.edu.turku.fi\/pansio\/files\/2015\/09\/POISSAOLOANOMUS.doc\">Lataa poissaoloanomus t\u00e4st\u00e4.<\/a><\/p>\n<p class=\"x_xmsonormal\">Poissaoloihin puuttumisen malli Turun verkkosivuilla:<\/p>\n<p class=\"x_xmsonormal\"><a href=\"https:\/\/www.turku.fi\/paivahoito-ja-koulutus\/perusopetus\/oppimisen-ja-koulunkaynnin-tuki\/koulupoissaoloihin-puuttuminen-ja\" target=\"_blank\" rel=\"noopener noreferrer\" data-auth=\"NotApplicable\" data-safelink=\"true\" data-linkindex=\"5\">https:\/\/www.turku.fi\/paivahoito-ja-koulutus\/perusopetus\/oppimisen-ja-koulunkaynnin-tuki\/koulupoissaoloihin-puuttuminen-ja<\/a><\/p>\n<p class=\"x_xmsonormal\" aria-hidden=\"true\">\n","protected":false},"excerpt":{"rendered":"<p>Huoltajan on ilmoitettava oppilaan poissaolosta koulun mahdollisimman pian ensimm\u00e4isen poissaolop\u00e4iv\u00e4n aamuna. K\u00e4tevint\u00e4 on tehd\u00e4 poissaoloilmoitus Wilmassa. Muusta kuin sairaudesta johtuvat poissaolot on anottava hyviss\u00e4 ajoin. Yli kolmen p\u00e4iv\u00e4n poissaolot anotaan rehtorilta, t\u00e4t\u00e4 lyhyemm\u00e4t poissaolot voi my\u00f6nt\u00e4\u00e4 luokanopettaja. Poissaolohakemuksen voi tehd\u00e4\u00a0Wilman v\u00e4lilehdell\u00e4 &#8221;Hakemukset ja p\u00e4\u00e4t\u00f6kset&#8221;. Poikkeuksellisesti poissaolohakemuksen voi tehd\u00e4 oheisella lomakkeella. Lataa poissaoloanomus t\u00e4st\u00e4. Poissaoloihin puuttumisen &hellip; <a href=\"https:\/\/blog.edu.turku.fi\/pansio\/koti-ja-koulu\/poissaolot\/\" class=\"more-link\">Jatka lukemista<span class=\"screen-reader-text\"> &#8221;Poissaolot&#8221;<\/span><\/a><\/p>\n","protected":false},"author":352,"featured_media":0,"parent":41,"menu_order":0,"comment_status":"closed","ping_status":"closed","template":"","meta":{"footnotes":""},"class_list":["post-160","page","type-page","status-publish","hentry"],"_links":{"self":[{"href":"https:\/\/blog.edu.turku.fi\/pansio\/wp-json\/wp\/v2\/pages\/160","targetHints":{"allow":["GET"]}}],"collection":[{"href":"https:\/\/blog.edu.turku.fi\/pansio\/wp-json\/wp\/v2\/pages"}],"about":[{"href":"https:\/\/blog.edu.turku.fi\/pansio\/wp-json\/wp\/v2\/types\/page"}],"author":[{"embeddable":true,"href":"https:\/\/blog.edu.turku.fi\/pansio\/wp-json\/wp\/v2\/users\/352"}],"replies":[{"embeddable":true,"href":"https:\/\/blog.edu.turku.fi\/pansio\/wp-json\/wp\/v2\/comments?post=160"}],"version-history":[{"count":5,"href":"https:\/\/blog.edu.turku.fi\/pansio\/wp-json\/wp\/v2\/pages\/160\/revisions"}],"predecessor-version":[{"id":1138,"href":"https:\/\/blog.edu.turku.fi\/pansio\/wp-json\/wp\/v2\/pages\/160\/revisions\/1138"}],"up":[{"embeddable":true,"href":"https:\/\/blog.edu.turku.fi\/pansio\/wp-json\/wp\/v2\/pages\/41"}],"wp:attachment":[{"href":"https:\/\/blog.edu.turku.fi\/pansio\/wp-json\/wp\/v2\/media?parent=160"}],"curies":[{"name":"wp","href":"https:\/\/api.w.org\/{rel}","templated":true}]}}