{"id":156,"date":"2015-10-08T17:53:58","date_gmt":"2015-10-08T14:53:58","guid":{"rendered":"https:\/\/blog.edu.turku.fi\/pansio\/?page_id=156"},"modified":"2015-10-08T17:53:58","modified_gmt":"2015-10-08T14:53:58","slug":"polkupyoran-kaytto-koulumatkoilla","status":"publish","type":"page","link":"https:\/\/blog.edu.turku.fi\/pansio\/koti-ja-koulu\/polkupyoran-kaytto-koulumatkoilla\/","title":{"rendered":"Polkupy\u00f6r\u00e4n k\u00e4ytt\u00f6 koulumatkoilla"},"content":{"rendered":"<p>Koska pienet lapset eiv\u00e4t aina osaa tai huomaa seurata liikennett\u00e4, koulu suosittelee, ett\u00e4 1.-2.-luokan oppilaat eiv\u00e4t kulkisi koulumatkoja polkupy\u00f6r\u00e4ll\u00e4. Kaikki py\u00f6r\u00e4ll\u00e4\u00a0 koulumatkoja kulkevat oppilaat k\u00e4ytt\u00e4v\u00e4t py\u00f6r\u00e4ilykyp\u00e4r\u00e4\u00e4. Polkupy\u00f6rien s\u00e4ilytyspaikka on py\u00f6r\u00e4telineill\u00e4 koulun hiekkapiha-alueella EI sadekatoksen alla. Polkupy\u00f6r\u00e4alueella ei oleskella v\u00e4lituntien aikana.<\/p>\n","protected":false},"excerpt":{"rendered":"<p>Koska pienet lapset eiv\u00e4t aina osaa tai huomaa seurata liikennett\u00e4, koulu suosittelee, ett\u00e4 1.-2.-luokan oppilaat eiv\u00e4t kulkisi koulumatkoja polkupy\u00f6r\u00e4ll\u00e4. Kaikki py\u00f6r\u00e4ll\u00e4\u00a0 koulumatkoja kulkevat oppilaat k\u00e4ytt\u00e4v\u00e4t py\u00f6r\u00e4ilykyp\u00e4r\u00e4\u00e4. Polkupy\u00f6rien s\u00e4ilytyspaikka on py\u00f6r\u00e4telineill\u00e4 koulun hiekkapiha-alueella EI sadekatoksen alla. Polkupy\u00f6r\u00e4alueella ei oleskella v\u00e4lituntien aikana.<\/p>\n","protected":false},"author":352,"featured_media":0,"parent":41,"menu_order":0,"comment_status":"closed","ping_status":"closed","template":"","meta":{"footnotes":""},"class_list":["post-156","page","type-page","status-publish","hentry"],"_links":{"self":[{"href":"https:\/\/blog.edu.turku.fi\/pansio\/wp-json\/wp\/v2\/pages\/156","targetHints":{"allow":["GET"]}}],"collection":[{"href":"https:\/\/blog.edu.turku.fi\/pansio\/wp-json\/wp\/v2\/pages"}],"about":[{"href":"https:\/\/blog.edu.turku.fi\/pansio\/wp-json\/wp\/v2\/types\/page"}],"author":[{"embeddable":true,"href":"https:\/\/blog.edu.turku.fi\/pansio\/wp-json\/wp\/v2\/users\/352"}],"replies":[{"embeddable":true,"href":"https:\/\/blog.edu.turku.fi\/pansio\/wp-json\/wp\/v2\/comments?post=156"}],"version-history":[{"count":1,"href":"https:\/\/blog.edu.turku.fi\/pansio\/wp-json\/wp\/v2\/pages\/156\/revisions"}],"predecessor-version":[{"id":157,"href":"https:\/\/blog.edu.turku.fi\/pansio\/wp-json\/wp\/v2\/pages\/156\/revisions\/157"}],"up":[{"embeddable":true,"href":"https:\/\/blog.edu.turku.fi\/pansio\/wp-json\/wp\/v2\/pages\/41"}],"wp:attachment":[{"href":"https:\/\/blog.edu.turku.fi\/pansio\/wp-json\/wp\/v2\/media?parent=156"}],"curies":[{"name":"wp","href":"https:\/\/api.w.org\/{rel}","templated":true}]}}