{"id":152,"date":"2015-10-08T17:51:45","date_gmt":"2015-10-08T14:51:45","guid":{"rendered":"https:\/\/blog.edu.turku.fi\/pansio\/?page_id=152"},"modified":"2015-10-08T17:52:28","modified_gmt":"2015-10-08T14:52:28","slug":"oppilaan-kadonneen-tai-sarkyneen-omaisuuden-korvaaminen","status":"publish","type":"page","link":"https:\/\/blog.edu.turku.fi\/pansio\/koti-ja-koulu\/oppilaan-kadonneen-tai-sarkyneen-omaisuuden-korvaaminen\/","title":{"rendered":"Oppilaan kadonneen tai s\u00e4rkyneen omaisuuden korvaaminen"},"content":{"rendered":"<p>Koulussa olevan oppilaan henkil\u00f6kohtaisen omaisuuden korvaamisessa l\u00e4ht\u00f6kohtana on, ett\u00e4 jokainen vastaa itse itselleen aiheutuneista vahingoista. Vahingonkorvauksen saaminen vaatii vastuuperusteen. Korvattaviin tapauksiin sovelletaan vahingonkorvauslakia.<br \/>\nTurun kaupunki ei korvaa<br \/>\n\u2013 opetustilanteessa rikkoutunutta omaisuutta mik\u00e4li oppilas on toiminut vastoin annettuja ohjeita<br \/>\n\u2013 koulun naulakkotiloissa olevaa omaisuutta<br \/>\n\u2013 v\u00e4litunnilla vahingoittunutta omaisuutta<br \/>\n\u2013 kotivakuutuksen omavastuuosuutta<br \/>\n\u2013 oppilaiden omasta halustaan kouluun tuomaa, opetukseen liittym\u00e4t\u00f6nt\u00e4 omaisuutta esim. matkapuhelimia<\/p>\n","protected":false},"excerpt":{"rendered":"<p>Koulussa olevan oppilaan henkil\u00f6kohtaisen omaisuuden korvaamisessa l\u00e4ht\u00f6kohtana on, ett\u00e4 jokainen vastaa itse itselleen aiheutuneista vahingoista. Vahingonkorvauksen saaminen vaatii vastuuperusteen. Korvattaviin tapauksiin sovelletaan vahingonkorvauslakia. Turun kaupunki ei korvaa \u2013 opetustilanteessa rikkoutunutta omaisuutta mik\u00e4li oppilas on toiminut vastoin annettuja ohjeita \u2013 koulun naulakkotiloissa olevaa omaisuutta \u2013 v\u00e4litunnilla vahingoittunutta omaisuutta \u2013 kotivakuutuksen omavastuuosuutta \u2013 oppilaiden omasta halustaan kouluun &hellip; <a href=\"https:\/\/blog.edu.turku.fi\/pansio\/koti-ja-koulu\/oppilaan-kadonneen-tai-sarkyneen-omaisuuden-korvaaminen\/\" class=\"more-link\">Jatka lukemista<span class=\"screen-reader-text\"> &#8221;Oppilaan kadonneen tai s\u00e4rkyneen omaisuuden korvaaminen&#8221;<\/span><\/a><\/p>\n","protected":false},"author":352,"featured_media":0,"parent":41,"menu_order":0,"comment_status":"closed","ping_status":"closed","template":"","meta":{"footnotes":""},"class_list":["post-152","page","type-page","status-publish","hentry"],"_links":{"self":[{"href":"https:\/\/blog.edu.turku.fi\/pansio\/wp-json\/wp\/v2\/pages\/152","targetHints":{"allow":["GET"]}}],"collection":[{"href":"https:\/\/blog.edu.turku.fi\/pansio\/wp-json\/wp\/v2\/pages"}],"about":[{"href":"https:\/\/blog.edu.turku.fi\/pansio\/wp-json\/wp\/v2\/types\/page"}],"author":[{"embeddable":true,"href":"https:\/\/blog.edu.turku.fi\/pansio\/wp-json\/wp\/v2\/users\/352"}],"replies":[{"embeddable":true,"href":"https:\/\/blog.edu.turku.fi\/pansio\/wp-json\/wp\/v2\/comments?post=152"}],"version-history":[{"count":2,"href":"https:\/\/blog.edu.turku.fi\/pansio\/wp-json\/wp\/v2\/pages\/152\/revisions"}],"predecessor-version":[{"id":154,"href":"https:\/\/blog.edu.turku.fi\/pansio\/wp-json\/wp\/v2\/pages\/152\/revisions\/154"}],"up":[{"embeddable":true,"href":"https:\/\/blog.edu.turku.fi\/pansio\/wp-json\/wp\/v2\/pages\/41"}],"wp:attachment":[{"href":"https:\/\/blog.edu.turku.fi\/pansio\/wp-json\/wp\/v2\/media?parent=152"}],"curies":[{"name":"wp","href":"https:\/\/api.w.org\/{rel}","templated":true}]}}