{"id":135,"date":"2015-10-02T11:28:39","date_gmt":"2015-10-02T08:28:39","guid":{"rendered":"https:\/\/blog.edu.turku.fi\/pansio\/?page_id=135"},"modified":"2025-11-11T08:35:31","modified_gmt":"2025-11-11T06:35:31","slug":"icehearts","status":"publish","type":"page","link":"https:\/\/blog.edu.turku.fi\/pansio\/koti-ja-koulu\/icehearts\/","title":{"rendered":"Icehearts"},"content":{"rendered":"<p>Pansion koulun oppilaita on mukana Icehearts \u2013toiminnassa.<\/p>\n<p>Kysymyksess\u00e4 on poikaryhm\u00e4lle suunnatusta toiminnasta, jonka tarkoituksena on antaa tukea poikien kasvuun ja kehitykseen mm. liikuntaharrastuksen muodossa.<\/p>\n<p>Icehearts on ty\u00f6v\u00e4line ja yhteisty\u00f6kumppani kunnan peruspalveluille. Icehearts -kasvattajat Samuli Jalonen ja Pasi Pietik\u00e4inen ovat mukana my\u00f6s koulumme arjessa ja ovat tarvittaessa oppitunneilla oppilaiden tukena.<\/p>\n<p>Kirsi Sihvola 0447518511<\/p>\n<p>Pasi Pietik\u00e4inen 050 9116971<\/p>\n<p>Niko Valikainen 040 7152318<\/p>\n<p>Lis\u00e4tietoa Icehearts -toiminnasta l\u00f6yd\u00e4t osoitteesta: <a href=\"http:\/\/www.icehearts.fi\">www.icehearts.fi<\/a><\/p>\n<p><a href=\"http:\/\/www.icehearts.fi\"><img loading=\"lazy\" decoding=\"async\" class=\" wp-image-136 alignleft\" src=\"https:\/\/blog.edu.turku.fi\/pansio\/files\/2015\/10\/iceheartslogo_000.png\" alt=\"iceheartslogo_000\" width=\"160\" height=\"109\" \/><\/a><\/p>\n","protected":false},"excerpt":{"rendered":"<p>Pansion koulun oppilaita on mukana Icehearts \u2013toiminnassa. Kysymyksess\u00e4 on poikaryhm\u00e4lle suunnatusta toiminnasta, jonka tarkoituksena on antaa tukea poikien kasvuun ja kehitykseen mm. liikuntaharrastuksen muodossa. Icehearts on ty\u00f6v\u00e4line ja yhteisty\u00f6kumppani kunnan peruspalveluille. Icehearts -kasvattajat Samuli Jalonen ja Pasi Pietik\u00e4inen ovat mukana my\u00f6s koulumme arjessa ja ovat tarvittaessa oppitunneilla oppilaiden tukena. Kirsi Sihvola 0447518511 Pasi Pietik\u00e4inen 050 &hellip; <a href=\"https:\/\/blog.edu.turku.fi\/pansio\/koti-ja-koulu\/icehearts\/\" class=\"more-link\">Jatka lukemista<span class=\"screen-reader-text\"> &#8221;Icehearts&#8221;<\/span><\/a><\/p>\n","protected":false},"author":352,"featured_media":0,"parent":41,"menu_order":0,"comment_status":"closed","ping_status":"closed","template":"","meta":{"footnotes":""},"class_list":["post-135","page","type-page","status-publish","hentry"],"_links":{"self":[{"href":"https:\/\/blog.edu.turku.fi\/pansio\/wp-json\/wp\/v2\/pages\/135","targetHints":{"allow":["GET"]}}],"collection":[{"href":"https:\/\/blog.edu.turku.fi\/pansio\/wp-json\/wp\/v2\/pages"}],"about":[{"href":"https:\/\/blog.edu.turku.fi\/pansio\/wp-json\/wp\/v2\/types\/page"}],"author":[{"embeddable":true,"href":"https:\/\/blog.edu.turku.fi\/pansio\/wp-json\/wp\/v2\/users\/352"}],"replies":[{"embeddable":true,"href":"https:\/\/blog.edu.turku.fi\/pansio\/wp-json\/wp\/v2\/comments?post=135"}],"version-history":[{"count":11,"href":"https:\/\/blog.edu.turku.fi\/pansio\/wp-json\/wp\/v2\/pages\/135\/revisions"}],"predecessor-version":[{"id":1313,"href":"https:\/\/blog.edu.turku.fi\/pansio\/wp-json\/wp\/v2\/pages\/135\/revisions\/1313"}],"up":[{"embeddable":true,"href":"https:\/\/blog.edu.turku.fi\/pansio\/wp-json\/wp\/v2\/pages\/41"}],"wp:attachment":[{"href":"https:\/\/blog.edu.turku.fi\/pansio\/wp-json\/wp\/v2\/media?parent=135"}],"curies":[{"name":"wp","href":"https:\/\/api.w.org\/{rel}","templated":true}]}}