{"id":133,"date":"2015-10-02T11:25:32","date_gmt":"2015-10-02T08:25:32","guid":{"rendered":"https:\/\/blog.edu.turku.fi\/pansio\/?page_id=133"},"modified":"2015-10-02T11:25:32","modified_gmt":"2015-10-02T08:25:32","slug":"pysakointi-piha-alueella","status":"publish","type":"page","link":"https:\/\/blog.edu.turku.fi\/pansio\/koti-ja-koulu\/pysakointi-piha-alueella\/","title":{"rendered":"Pys\u00e4k\u00f6inti piha-alueella"},"content":{"rendered":"<p>Pys\u00e4k\u00f6inti ja oppilaiden noutaminen koulun piha-alueelta on ehdottomasti kielletty turvallisuussyist\u00e4! Pys\u00e4k\u00f6iminen koulun eteen Pernontielle on sallittu.<\/p>\n","protected":false},"excerpt":{"rendered":"<p>Pys\u00e4k\u00f6inti ja oppilaiden noutaminen koulun piha-alueelta on ehdottomasti kielletty turvallisuussyist\u00e4! Pys\u00e4k\u00f6iminen koulun eteen Pernontielle on sallittu.<\/p>\n","protected":false},"author":352,"featured_media":0,"parent":41,"menu_order":0,"comment_status":"closed","ping_status":"closed","template":"","meta":{"footnotes":""},"class_list":["post-133","page","type-page","status-publish","hentry"],"_links":{"self":[{"href":"https:\/\/blog.edu.turku.fi\/pansio\/wp-json\/wp\/v2\/pages\/133","targetHints":{"allow":["GET"]}}],"collection":[{"href":"https:\/\/blog.edu.turku.fi\/pansio\/wp-json\/wp\/v2\/pages"}],"about":[{"href":"https:\/\/blog.edu.turku.fi\/pansio\/wp-json\/wp\/v2\/types\/page"}],"author":[{"embeddable":true,"href":"https:\/\/blog.edu.turku.fi\/pansio\/wp-json\/wp\/v2\/users\/352"}],"replies":[{"embeddable":true,"href":"https:\/\/blog.edu.turku.fi\/pansio\/wp-json\/wp\/v2\/comments?post=133"}],"version-history":[{"count":1,"href":"https:\/\/blog.edu.turku.fi\/pansio\/wp-json\/wp\/v2\/pages\/133\/revisions"}],"predecessor-version":[{"id":134,"href":"https:\/\/blog.edu.turku.fi\/pansio\/wp-json\/wp\/v2\/pages\/133\/revisions\/134"}],"up":[{"embeddable":true,"href":"https:\/\/blog.edu.turku.fi\/pansio\/wp-json\/wp\/v2\/pages\/41"}],"wp:attachment":[{"href":"https:\/\/blog.edu.turku.fi\/pansio\/wp-json\/wp\/v2\/media?parent=133"}],"curies":[{"name":"wp","href":"https:\/\/api.w.org\/{rel}","templated":true}]}}