{"id":129,"date":"2015-10-02T11:23:33","date_gmt":"2015-10-02T08:23:33","guid":{"rendered":"https:\/\/blog.edu.turku.fi\/pansio\/?page_id=129"},"modified":"2023-10-18T10:45:09","modified_gmt":"2023-10-18T07:45:09","slug":"vanhempainyhdistys-2","status":"publish","type":"page","link":"https:\/\/blog.edu.turku.fi\/pansio\/koti-ja-koulu\/vanhempainyhdistys-2\/","title":{"rendered":"Vanhempainyhdistys"},"content":{"rendered":"<p><strong>Vanhempainyhdistys<\/strong><\/p>\n<p>Pansion koulun Vanhempainyhdistys ry on perustettu vuonna 2004.<br \/>\n<strong><br \/>\nYleist\u00e4<\/strong><\/p>\n<p>Yhdistyksen tarkoitus on edist\u00e4\u00e4 Pansion koulun oppilaiden vanhempien ja koulun v\u00e4list\u00e4 yhteistoimintaa, tukea koteja ja koulua niiden pyrkimyksess\u00e4 luoda lapsille hyv\u00e4 oppimis- ja kasvuymp\u00e4rist\u00f6 sek\u00e4 edist\u00e4\u00e4 heid\u00e4n tasapainoista ja monipuolista kehityst\u00e4\u00e4n. Yhdistys voi tuoda esille vanhempien kannanottoja koulua ja kasvatusta koskevissa kysymyksiss\u00e4 ja sen tarkoitus on toimia oppilaiden vanhempien yhteisty\u00f6elimen\u00e4.<\/p>\n<p><strong>Toiminta <\/strong><\/p>\n<p>Vanhempainyhdistys j\u00e4rjest\u00e4\u00e4 koulun oppilaille lukuvuoden aikana muutaman jo perinteeksi muodostuneen tapahtuman. Syksyll\u00e4 j\u00e4rjestet\u00e4\u00e4n koulun alimpien luokkien oppilaille Halloween-teemainen puuhailta ja kev\u00e4\u00e4ll\u00e4 yst\u00e4v\u00e4np\u00e4iv\u00e4disko 3.-6.-luokkalaisille. Ennen joulua j\u00e4rjestet\u00e4\u00e4n joulukorttipaja, johon oppilaat ja heid\u00e4n vanhempansa saavat tulla askartelemaan joulukortteja omaan k\u00e4ytt\u00f6\u00f6ns\u00e4. Mahdollisuuksien mukaan j\u00e4rjestet\u00e4\u00e4n my\u00f6s jotain toimintaa koko koululle.<\/p>\n<p><strong>Kokoukset<\/strong><\/p>\n<p>Vanhempainyhdistys kokoontuu koulun ruokasalissa keskim\u00e4\u00e4rin kerran kuukaudessa. Kokoukset ovat avoimia kokouksia, joihin kaikilla vanhemmilla on mahdollisuus osallistua. Kokousp\u00f6yt\u00e4kirjat julkaistaan Wilmassa.<\/p>\n<p><strong>Taloudellinen toiminta<\/strong><\/p>\n<p>Vanhempainyhdistyksen toiminta on t\u00e4ysin vapaaehtoista ty\u00f6t\u00e4 koulun ja oppilaiden hyv\u00e4ksi. J\u00e4senmaksuja ei perit\u00e4, vaan toiminta rahoitetaan tapahtumien tuotoilla. Vanhempainyhdistys on mm. hankkinut oppilaiden k\u00e4ytt\u00f6\u00f6n liikuntav\u00e4lineit\u00e4 (luistimia, pulkkia, pes\u00e4pallov\u00e4lineit\u00e4 yms.), v\u00e4lituntileluja ja askartelutarvikkeita. Yhdistys on my\u00f6s hankkinut koululle teatterin\u00e4yt\u00f6ksi\u00e4 sek\u00e4 j\u00e4rjest\u00e4nyt kilpailuja, joista on erikseen mainittava vuonna 2010 j\u00e4rjestetty koulun maskottikilpailu, jonka voittajaksi kuoriutui Pansku Pingviini. Kev\u00e4isin vanhempainyhdistys jakaa stipendej\u00e4 parhaiten omaa suoritustaan parantaneille 2. ja 6. luokan oppilaille.<\/p>\n<p><strong>Tule mukaan!<\/strong><\/p>\n<p>Vanhempainyhdistyksemme toiminta on t\u00e4ysin vapaaehtoista. Jokaiselle l\u00f6ytyy varmasti jotain mukavaa tekemist\u00e4. Yhdistystoimintaan ei tarvitse sitoutua koko vuodeksi, vaan halutessaan voi osallistua vaikka vain yhden tapahtuman j\u00e4rjestelyyn. Uusia ideoita ja auttavia k\u00e4si\u00e4 tarvitaan aina. T\u00e4rkeint\u00e4 on, ett\u00e4 toimintamme tulee jatkossakin s\u00e4ilytt\u00e4m\u00e4\u00e4n iloisen luonteensa.<\/p>\n<p><strong>Yhdess\u00e4 tekem\u00e4ll\u00e4 saamme aikaan enemm\u00e4n!<\/strong><\/p>\n<p><strong>\u00a0<\/strong><br \/>\nVanhempainyhdistyksen s\u00e4hk\u00f6posti: pansion.vyry@gmail.com<\/p>\n","protected":false},"excerpt":{"rendered":"<p>Vanhempainyhdistys Pansion koulun Vanhempainyhdistys ry on perustettu vuonna 2004. Yleist\u00e4 Yhdistyksen tarkoitus on edist\u00e4\u00e4 Pansion koulun oppilaiden vanhempien ja koulun v\u00e4list\u00e4 yhteistoimintaa, tukea koteja ja koulua niiden pyrkimyksess\u00e4 luoda lapsille hyv\u00e4 oppimis- ja kasvuymp\u00e4rist\u00f6 sek\u00e4 edist\u00e4\u00e4 heid\u00e4n tasapainoista ja monipuolista kehityst\u00e4\u00e4n. Yhdistys voi tuoda esille vanhempien kannanottoja koulua ja kasvatusta koskevissa kysymyksiss\u00e4 ja sen tarkoitus &hellip; <a href=\"https:\/\/blog.edu.turku.fi\/pansio\/koti-ja-koulu\/vanhempainyhdistys-2\/\" class=\"more-link\">Jatka lukemista<span class=\"screen-reader-text\"> &#8221;Vanhempainyhdistys&#8221;<\/span><\/a><\/p>\n","protected":false},"author":352,"featured_media":0,"parent":41,"menu_order":0,"comment_status":"closed","ping_status":"closed","template":"","meta":{"footnotes":""},"class_list":["post-129","page","type-page","status-publish","hentry"],"_links":{"self":[{"href":"https:\/\/blog.edu.turku.fi\/pansio\/wp-json\/wp\/v2\/pages\/129","targetHints":{"allow":["GET"]}}],"collection":[{"href":"https:\/\/blog.edu.turku.fi\/pansio\/wp-json\/wp\/v2\/pages"}],"about":[{"href":"https:\/\/blog.edu.turku.fi\/pansio\/wp-json\/wp\/v2\/types\/page"}],"author":[{"embeddable":true,"href":"https:\/\/blog.edu.turku.fi\/pansio\/wp-json\/wp\/v2\/users\/352"}],"replies":[{"embeddable":true,"href":"https:\/\/blog.edu.turku.fi\/pansio\/wp-json\/wp\/v2\/comments?post=129"}],"version-history":[{"count":12,"href":"https:\/\/blog.edu.turku.fi\/pansio\/wp-json\/wp\/v2\/pages\/129\/revisions"}],"predecessor-version":[{"id":1215,"href":"https:\/\/blog.edu.turku.fi\/pansio\/wp-json\/wp\/v2\/pages\/129\/revisions\/1215"}],"up":[{"embeddable":true,"href":"https:\/\/blog.edu.turku.fi\/pansio\/wp-json\/wp\/v2\/pages\/41"}],"wp:attachment":[{"href":"https:\/\/blog.edu.turku.fi\/pansio\/wp-json\/wp\/v2\/media?parent=129"}],"curies":[{"name":"wp","href":"https:\/\/api.w.org\/{rel}","templated":true}]}}