{"id":126,"date":"2015-10-02T11:22:14","date_gmt":"2015-10-02T08:22:14","guid":{"rendered":"https:\/\/blog.edu.turku.fi\/pansio\/?page_id=126"},"modified":"2016-08-30T08:39:35","modified_gmt":"2016-08-30T05:39:35","slug":"oppilaskunta","status":"publish","type":"page","link":"https:\/\/blog.edu.turku.fi\/pansio\/koti-ja-koulu\/oppilaskunta\/","title":{"rendered":"Oppilaskunta"},"content":{"rendered":"<p>Pansion koulussa toimii oppilaskunta. Oppilaskunnan hallitus valitaan koko koulun yhteisill\u00e4 vaaleilla yhdeksi lukuvuodeksi kerrallaan.<\/p>\n<p><a href=\"https:\/\/blog.edu.turku.fi\/pansio\/files\/2015\/09\/OPPILASKUNNAN-HALLITUKSEN-S\u00c4\u00c4NN\u00d6T.pdf\">OPPILASKUNNAN HALLITUKSEN S\u00c4\u00c4NN\u00d6T<\/a><\/p>\n","protected":false},"excerpt":{"rendered":"<p>Pansion koulussa toimii oppilaskunta. Oppilaskunnan hallitus valitaan koko koulun yhteisill\u00e4 vaaleilla yhdeksi lukuvuodeksi kerrallaan. OPPILASKUNNAN HALLITUKSEN S\u00c4\u00c4NN\u00d6T<\/p>\n","protected":false},"author":352,"featured_media":0,"parent":41,"menu_order":0,"comment_status":"closed","ping_status":"closed","template":"","meta":{"footnotes":""},"class_list":["post-126","page","type-page","status-publish","hentry"],"_links":{"self":[{"href":"https:\/\/blog.edu.turku.fi\/pansio\/wp-json\/wp\/v2\/pages\/126","targetHints":{"allow":["GET"]}}],"collection":[{"href":"https:\/\/blog.edu.turku.fi\/pansio\/wp-json\/wp\/v2\/pages"}],"about":[{"href":"https:\/\/blog.edu.turku.fi\/pansio\/wp-json\/wp\/v2\/types\/page"}],"author":[{"embeddable":true,"href":"https:\/\/blog.edu.turku.fi\/pansio\/wp-json\/wp\/v2\/users\/352"}],"replies":[{"embeddable":true,"href":"https:\/\/blog.edu.turku.fi\/pansio\/wp-json\/wp\/v2\/comments?post=126"}],"version-history":[{"count":3,"href":"https:\/\/blog.edu.turku.fi\/pansio\/wp-json\/wp\/v2\/pages\/126\/revisions"}],"predecessor-version":[{"id":582,"href":"https:\/\/blog.edu.turku.fi\/pansio\/wp-json\/wp\/v2\/pages\/126\/revisions\/582"}],"up":[{"embeddable":true,"href":"https:\/\/blog.edu.turku.fi\/pansio\/wp-json\/wp\/v2\/pages\/41"}],"wp:attachment":[{"href":"https:\/\/blog.edu.turku.fi\/pansio\/wp-json\/wp\/v2\/media?parent=126"}],"curies":[{"name":"wp","href":"https:\/\/api.w.org\/{rel}","templated":true}]}}