{"id":122,"date":"2015-10-02T11:19:19","date_gmt":"2015-10-02T08:19:19","guid":{"rendered":"https:\/\/blog.edu.turku.fi\/pansio\/?page_id=122"},"modified":"2015-12-14T08:02:48","modified_gmt":"2015-12-14T06:02:48","slug":"kouluvaari","status":"publish","type":"page","link":"https:\/\/blog.edu.turku.fi\/pansio\/koti-ja-koulu\/kouluvaari\/","title":{"rendered":"Kouluvaari"},"content":{"rendered":"<p>Kouluvaari Jorma Kyt\u00f6m\u00e4ki vierailee koulussamme aina torstaisin. <a href=\"http:\/\/info.edu.turku.fi\/kouluvaarit\/index.php?tkoko=2\">Kouluvaarit ry<\/a> on koulujen kasvatustoimintaa tukeva aatteellinen yhdistys, johon kuuluu noin 80 kouluvaaria. Heit\u00e4 on Turussa ja sen l\u00e4hiymp\u00e4rist\u00f6ss\u00e4 yli 30:ssa alakoulussa. Kouluvaaritoimintaa on ollut Turun seudulla yli kymmenen vuotta.<\/p>\n","protected":false},"excerpt":{"rendered":"<p>Kouluvaari Jorma Kyt\u00f6m\u00e4ki vierailee koulussamme aina torstaisin. Kouluvaarit ry on koulujen kasvatustoimintaa tukeva aatteellinen yhdistys, johon kuuluu noin 80 kouluvaaria. Heit\u00e4 on Turussa ja sen l\u00e4hiymp\u00e4rist\u00f6ss\u00e4 yli 30:ssa alakoulussa. Kouluvaaritoimintaa on ollut Turun seudulla yli kymmenen vuotta.<\/p>\n","protected":false},"author":352,"featured_media":0,"parent":41,"menu_order":0,"comment_status":"closed","ping_status":"closed","template":"","meta":{"footnotes":""},"class_list":["post-122","page","type-page","status-publish","hentry"],"_links":{"self":[{"href":"https:\/\/blog.edu.turku.fi\/pansio\/wp-json\/wp\/v2\/pages\/122","targetHints":{"allow":["GET"]}}],"collection":[{"href":"https:\/\/blog.edu.turku.fi\/pansio\/wp-json\/wp\/v2\/pages"}],"about":[{"href":"https:\/\/blog.edu.turku.fi\/pansio\/wp-json\/wp\/v2\/types\/page"}],"author":[{"embeddable":true,"href":"https:\/\/blog.edu.turku.fi\/pansio\/wp-json\/wp\/v2\/users\/352"}],"replies":[{"embeddable":true,"href":"https:\/\/blog.edu.turku.fi\/pansio\/wp-json\/wp\/v2\/comments?post=122"}],"version-history":[{"count":3,"href":"https:\/\/blog.edu.turku.fi\/pansio\/wp-json\/wp\/v2\/pages\/122\/revisions"}],"predecessor-version":[{"id":375,"href":"https:\/\/blog.edu.turku.fi\/pansio\/wp-json\/wp\/v2\/pages\/122\/revisions\/375"}],"up":[{"embeddable":true,"href":"https:\/\/blog.edu.turku.fi\/pansio\/wp-json\/wp\/v2\/pages\/41"}],"wp:attachment":[{"href":"https:\/\/blog.edu.turku.fi\/pansio\/wp-json\/wp\/v2\/media?parent=122"}],"curies":[{"name":"wp","href":"https:\/\/api.w.org\/{rel}","templated":true}]}}