{"id":91,"date":"2016-11-02T11:38:28","date_gmt":"2016-11-02T09:38:28","guid":{"rendered":"https:\/\/blog.edu.turku.fi\/paattinen\/?page_id=91"},"modified":"2023-11-01T13:49:33","modified_gmt":"2023-11-01T11:49:33","slug":"aamu-ja-iltapaivatoiminnan-yhteystiedot","status":"publish","type":"page","link":"https:\/\/blog.edu.turku.fi\/paattinen\/aamu-ja-iltapaivatoiminnan-yhteystiedot\/","title":{"rendered":"Aamu- ja iltap\u00e4iv\u00e4toiminnan yhteystiedot"},"content":{"rendered":"<p>Turun Tovereiden j\u00e4rjest\u00e4m\u00e4 aamu \u2013 ja iltap\u00e4iv\u00e4toiminta on suunnattu ensimm\u00e4isen ja toisen vuosiluokan oppilaille. Tavoitteenamme on j\u00e4rjest\u00e4\u00e4 turvallinen, monipuolinen ja liikunnallinen iltap\u00e4iv\u00e4 pienille koululaisille v\u00e4litt\u00f6m\u00e4sti koulup\u00e4iv\u00e4n j\u00e4lkeen. Iltap\u00e4iv\u00e4toiminnassa on mahdollisuus mm. leikki\u00e4, askarrella, pelata erilaisia lautapelej\u00e4, lukea, ulkoilla, lepo ja rauhoittumishetki\u00e4 unohtamatta.\u00a0 Perusopetuksen aamu- ja iltap\u00e4iv\u00e4toiminnan perusteet ja Turun kaupungin aamu- ja iltap\u00e4iv\u00e4toiminnan toimintasuunnitelma ohjaavat toiminnan j\u00e4rjest\u00e4mist\u00e4.<\/p>\n<p>Vastaava ohjaaja Saila Smith<\/p>\n<p>Kerhopuhelin 040 820 1114<\/p>\n<p>S\u00e4hk\u00f6posti saila.smith@tuto.fi<\/p>\n<p>&nbsp;<\/p>\n","protected":false},"excerpt":{"rendered":"<p>Turun Tovereiden j\u00e4rjest\u00e4m\u00e4 aamu \u2013 ja iltap\u00e4iv\u00e4toiminta on suunnattu ensimm\u00e4isen ja toisen vuosiluokan oppilaille. Tavoitteenamme on j\u00e4rjest\u00e4\u00e4 turvallinen, monipuolinen ja liikunnallinen iltap\u00e4iv\u00e4 pienille koululaisille v\u00e4litt\u00f6m\u00e4sti koulup\u00e4iv\u00e4n j\u00e4lkeen. Iltap\u00e4iv\u00e4toiminnassa on mahdollisuus mm. leikki\u00e4, askarrella, pelata erilaisia lautapelej\u00e4, lukea, ulkoilla, lepo ja rauhoittumishetki\u00e4 unohtamatta.\u00a0 Perusopetuksen aamu- ja iltap\u00e4iv\u00e4toiminnan perusteet ja Turun kaupungin aamu- ja iltap\u00e4iv\u00e4toiminnan toimintasuunnitelma ohjaavat &hellip; <a href=\"https:\/\/blog.edu.turku.fi\/paattinen\/aamu-ja-iltapaivatoiminnan-yhteystiedot\/\" class=\"more-link\">Jatka lukemista<span class=\"screen-reader-text\"> &#8221;Aamu- ja iltap\u00e4iv\u00e4toiminnan yhteystiedot&#8221;<\/span><\/a><\/p>\n","protected":false},"author":2095,"featured_media":0,"parent":0,"menu_order":0,"comment_status":"closed","ping_status":"closed","template":"","meta":{"footnotes":""},"class_list":["post-91","page","type-page","status-publish","hentry"],"_links":{"self":[{"href":"https:\/\/blog.edu.turku.fi\/paattinen\/wp-json\/wp\/v2\/pages\/91","targetHints":{"allow":["GET"]}}],"collection":[{"href":"https:\/\/blog.edu.turku.fi\/paattinen\/wp-json\/wp\/v2\/pages"}],"about":[{"href":"https:\/\/blog.edu.turku.fi\/paattinen\/wp-json\/wp\/v2\/types\/page"}],"author":[{"embeddable":true,"href":"https:\/\/blog.edu.turku.fi\/paattinen\/wp-json\/wp\/v2\/users\/2095"}],"replies":[{"embeddable":true,"href":"https:\/\/blog.edu.turku.fi\/paattinen\/wp-json\/wp\/v2\/comments?post=91"}],"version-history":[{"count":12,"href":"https:\/\/blog.edu.turku.fi\/paattinen\/wp-json\/wp\/v2\/pages\/91\/revisions"}],"predecessor-version":[{"id":703,"href":"https:\/\/blog.edu.turku.fi\/paattinen\/wp-json\/wp\/v2\/pages\/91\/revisions\/703"}],"wp:attachment":[{"href":"https:\/\/blog.edu.turku.fi\/paattinen\/wp-json\/wp\/v2\/media?parent=91"}],"curies":[{"name":"wp","href":"https:\/\/api.w.org\/{rel}","templated":true}]}}