{"id":814,"date":"2025-11-17T15:26:14","date_gmt":"2025-11-17T13:26:14","guid":{"rendered":"https:\/\/blog.edu.turku.fi\/paattinen\/?page_id=814"},"modified":"2026-03-18T13:33:36","modified_gmt":"2026-03-18T11:33:36","slug":"kerhot","status":"publish","type":"page","link":"https:\/\/blog.edu.turku.fi\/paattinen\/kerhot\/","title":{"rendered":"Kerhot"},"content":{"rendered":"<p>Kerhotoiminta alkaa viikolla 37.\u00a0Kerhokertoja on suunniteltu\u00a0 26 kerhokertaa koko vuodelle (10-12 syksyll\u00e4 ja 14-16 kev\u00e4\u00e4ll\u00e4).<\/p>\n<ul>\n<li>Monilajikerho (1.\u20136.lk), maanantaina klo 8.10-9.10, li-sali, ohjaajana Merdan Mahmud<\/li>\n<li>Kuvataidekerho (2.\u20136.lk), maanantaina klo 14.15-15.45,\u2002mu-ku-luokka, ohjaajana Katja Mesik\u00e4mmen<\/li>\n<li>Fantasiakerho (Paattisten kirjastokerho 2.\u20136.lk), tiistaina klo 13.40-15.10, luokka 4 (kerhoon voi saapua, kun koulup\u00e4iv\u00e4 p\u00e4\u00e4ttyy), ohjaajana Alisa Salonen.<\/li>\n<li>Videopelikerho (4.\u20136.lk), keskiviikkona klo 14.15-15.15 koulun aula<\/li>\n<li>Pallopelikerho (1.-2.lk), torstaina klo 12.10-13.10, li-sali, ohjaajana opettaja Teemu Lehto<\/li>\n<li>Sirkuskerho (1.\u20135. lk), torstaina klo 14.15-15.15\u2002li-sali, ohjaajana Pekka Laamanen<\/li>\n<\/ul>\n<p>Koulun j\u00e4rjest\u00e4mi\u00e4 muita kerhoja:<\/p>\n<p>OPH-kerhoja on lukuvuoden aikana 25h. Opettajat tiedottavat n\u00e4ist\u00e4 kerhoista.<\/p>\n","protected":false},"excerpt":{"rendered":"<p>Kerhotoiminta alkaa viikolla 37.\u00a0Kerhokertoja on suunniteltu\u00a0 26 kerhokertaa koko vuodelle (10-12 syksyll\u00e4 ja 14-16 kev\u00e4\u00e4ll\u00e4). Monilajikerho (1.\u20136.lk), maanantaina klo 8.10-9.10, li-sali, ohjaajana Merdan Mahmud Kuvataidekerho (2.\u20136.lk), maanantaina klo 14.15-15.45,\u2002mu-ku-luokka, ohjaajana Katja Mesik\u00e4mmen Fantasiakerho (Paattisten kirjastokerho 2.\u20136.lk), tiistaina klo 13.40-15.10, luokka 4 (kerhoon voi saapua, kun koulup\u00e4iv\u00e4 p\u00e4\u00e4ttyy), ohjaajana Alisa Salonen. Videopelikerho (4.\u20136.lk), keskiviikkona klo 14.15-15.15 &hellip; <a href=\"https:\/\/blog.edu.turku.fi\/paattinen\/kerhot\/\" class=\"more-link\">Jatka lukemista<span class=\"screen-reader-text\"> &#8221;Kerhot&#8221;<\/span><\/a><\/p>\n","protected":false},"author":3600,"featured_media":0,"parent":0,"menu_order":0,"comment_status":"closed","ping_status":"closed","template":"","meta":{"footnotes":""},"class_list":["post-814","page","type-page","status-publish","hentry"],"_links":{"self":[{"href":"https:\/\/blog.edu.turku.fi\/paattinen\/wp-json\/wp\/v2\/pages\/814","targetHints":{"allow":["GET"]}}],"collection":[{"href":"https:\/\/blog.edu.turku.fi\/paattinen\/wp-json\/wp\/v2\/pages"}],"about":[{"href":"https:\/\/blog.edu.turku.fi\/paattinen\/wp-json\/wp\/v2\/types\/page"}],"author":[{"embeddable":true,"href":"https:\/\/blog.edu.turku.fi\/paattinen\/wp-json\/wp\/v2\/users\/3600"}],"replies":[{"embeddable":true,"href":"https:\/\/blog.edu.turku.fi\/paattinen\/wp-json\/wp\/v2\/comments?post=814"}],"version-history":[{"count":2,"href":"https:\/\/blog.edu.turku.fi\/paattinen\/wp-json\/wp\/v2\/pages\/814\/revisions"}],"predecessor-version":[{"id":834,"href":"https:\/\/blog.edu.turku.fi\/paattinen\/wp-json\/wp\/v2\/pages\/814\/revisions\/834"}],"wp:attachment":[{"href":"https:\/\/blog.edu.turku.fi\/paattinen\/wp-json\/wp\/v2\/media?parent=814"}],"curies":[{"name":"wp","href":"https:\/\/api.w.org\/{rel}","templated":true}]}}