{"id":774,"date":"2025-08-27T14:31:26","date_gmt":"2025-08-27T11:31:26","guid":{"rendered":"https:\/\/blog.edu.turku.fi\/paattinen\/?page_id=774"},"modified":"2026-03-18T13:35:12","modified_gmt":"2026-03-18T11:35:12","slug":"opiskeluhuolto","status":"publish","type":"page","link":"https:\/\/blog.edu.turku.fi\/paattinen\/opiskeluhuolto\/","title":{"rendered":"Opiskeluhuolto"},"content":{"rendered":"<div data-olk-copy-source=\"MessageBody\">Opiskeluhuollon tarjoama tuki on vapaaehtoista sek\u00e4 luottamuksellista ja vastaanotot toteutuvat p\u00e4\u00e4asiassa oppilaitoksissa koulup\u00e4iv\u00e4n aikana. Voit ottaa opiskeluhuoltohenkil\u00f6kuntaan yhteytt\u00e4 itse tai yhdess\u00e4 lapsesi kanssa. Lis\u00e4ksi opiskeluhuoltohenkil\u00f6kunta tekee yhteis\u00f6llist\u00e4, kaikkia oppilaita koskevaa ennaltaehk\u00e4isev\u00e4\u00e4 ty\u00f6t\u00e4.<\/div>\n<div data-olk-copy-source=\"MessageBody\">\n<p>&nbsp;<\/p>\n<p><strong>Koulupsykologi Maria Haataja, paikalla keskiviikkoisin ja torstaisin<br \/>\n<\/strong><strong>s\u00e4hk\u00f6posti: maria.haataja(at)varha.fi<br \/>\n<\/strong><strong>puh: 044 4935592<\/strong><\/p>\n<\/div>\n<div><\/div>\n<div>Ota yhteytt\u00e4 koulupsykologiin, jos tarvitset tukea, apua tai tietoa liittyen esimerkiksi:<\/div>\n<ul>\n<li style=\"list-style-type: none\">\n<ul>\n<li>koulunk\u00e4yntiin ja oppimiseen<\/li>\n<li>\n<div role=\"presentation\">vuorovaikutussuhteisiin<\/div>\n<\/li>\n<li>\n<div role=\"presentation\">psyykkiseen hyvinvointiin<\/div>\n<\/li>\n<\/ul>\n<\/li>\n<\/ul>\n<div>Mahdollista tarvetta koulupsykologin tekemille tutkimuksille arvioidaan kanssasi sek\u00e4 yhdess\u00e4 opettajien ja\/tai koulu- ja opiskeluterveydenhuollon kanssa. Lopullisen arvion ja p\u00e4\u00e4t\u00f6ksen tutkimuksen tarpeesta tekee aina psykologi.<\/div>\n<div>\n<div role=\"presentation\">\n<p>&nbsp;<\/p>\n<p><strong>Koulukuraattori Maria Heinonen, paikalla tiistaisin ja torstaisin<br \/>\n<\/strong><strong>s\u00e4hk\u00f6posti: maria.h.heinonen(at)varha.fi<br \/>\n<\/strong><strong>puh: 040 537 5290<\/strong><\/p>\n<\/div>\n<\/div>\n<div><\/div>\n<div>Ota yhteytt\u00e4 koulukuraattoriin, jos tarvitset tukea, apua tai tietoa liittyen esimerkiksi:<\/div>\n<ul>\n<li style=\"list-style-type: none\">\n<ul data-editing-info=\"{&quot;applyListStyleFromLevel&quot;:false,&quot;unorderedStyleType&quot;:2}\">\n<li>\n<div role=\"presentation\">poissaoloihin<\/div>\n<\/li>\n<li>\n<div role=\"presentation\">kaverisuhteisiin<\/div>\n<\/li>\n<li>\n<div role=\"presentation\">tunteiden hallintaan<\/div>\n<\/li>\n<li>\n<div role=\"presentation\">kiusaamiseen<\/div>\n<\/li>\n<li>\n<div role=\"presentation\">yksin\u00e4isyyteen<\/div>\n<\/li>\n<li>\n<div role=\"presentation\">keskittymisvaikeuksiin<\/div>\n<\/li>\n<li>\n<div role=\"presentation\">haasteisiin perhesuhteissa<\/div>\n<\/li>\n<li>\n<div role=\"presentation\">vaikeisiin perhetilanteisiin<\/div>\n<\/li>\n<\/ul>\n<\/li>\n<\/ul>\n<p>&nbsp;<\/p>\n<p><strong>Terveydenhoitaja Anne-Mari S\u00f6derdahl, paikalla maanantaisin<\/strong><br \/>\n<strong>s\u00e4hk\u00f6posti: anne-mari.soderdahl(at)varha.fi<\/strong><br \/>\n<strong>puh. 040 635 2751<\/strong><\/p>\n<div data-olk-copy-source=\"MessageBody\">Ota yhteytt\u00e4 kouluterveydenhoitajaan, jos tarvitset tukea, apua tai tietoa liittyen esimerkiksi:<\/div>\n<ul>\n<li style=\"list-style-type: none\">\n<ul>\n<li>\n<div role=\"presentation\">sy\u00f6misvaikeuksiin<\/div>\n<\/li>\n<li>\n<div role=\"presentation\">harrastuksiin\/liikuntaan<\/div>\n<\/li>\n<li>\n<div role=\"presentation\">nukkumiseen\/v\u00e4symykseen<\/div>\n<\/li>\n<li>\n<div role=\"presentation\">kiusaamiseen<\/div>\n<\/li>\n<li>\n<div role=\"presentation\">keskittymisvaikeuksiin<\/div>\n<\/li>\n<li>\n<div role=\"presentation\">murrosik\u00e4\u00e4n<\/div>\n<\/li>\n<li>\n<div role=\"presentation\">ihonhoitoon tai hygieniasta huolehtimiseen<\/div>\n<\/li>\n<li>\n<div role=\"presentation\">rokotuksiin ja l\u00e4\u00e4kitykseen<\/div>\n<\/li>\n<li>\n<div role=\"presentation\">muuhun terveydenhoitoon, elintapoihin tai terveystottumuksiin liittyviin kysymyksiin<\/div>\n<\/li>\n<\/ul>\n<\/li>\n<\/ul>\n<p>&nbsp;<\/p>\n<p><strong>Psykiatrinen sairaanhoitaja Niina Lehtonen, paikalla perjantaisin<\/strong><br \/>\n<strong>s\u00e4hk\u00f6posti: niina.m.lehtonen(at)varha.fi<\/strong><br \/>\n<strong>puh. 044 793 6636\u00a0<\/strong><\/p>\n","protected":false},"excerpt":{"rendered":"<p>Opiskeluhuollon tarjoama tuki on vapaaehtoista sek\u00e4 luottamuksellista ja vastaanotot toteutuvat p\u00e4\u00e4asiassa oppilaitoksissa koulup\u00e4iv\u00e4n aikana. Voit ottaa opiskeluhuoltohenkil\u00f6kuntaan yhteytt\u00e4 itse tai yhdess\u00e4 lapsesi kanssa. Lis\u00e4ksi opiskeluhuoltohenkil\u00f6kunta tekee yhteis\u00f6llist\u00e4, kaikkia oppilaita koskevaa ennaltaehk\u00e4isev\u00e4\u00e4 ty\u00f6t\u00e4. &nbsp; Koulupsykologi Maria Haataja, paikalla keskiviikkoisin ja torstaisin s\u00e4hk\u00f6posti: maria.haataja(at)varha.fi puh: 044 4935592 Ota yhteytt\u00e4 koulupsykologiin, jos tarvitset tukea, apua tai tietoa liittyen &hellip; <a href=\"https:\/\/blog.edu.turku.fi\/paattinen\/opiskeluhuolto\/\" class=\"more-link\">Jatka lukemista<span class=\"screen-reader-text\"> &#8221;Opiskeluhuolto&#8221;<\/span><\/a><\/p>\n","protected":false},"author":1006,"featured_media":0,"parent":0,"menu_order":0,"comment_status":"closed","ping_status":"closed","template":"","meta":{"footnotes":""},"class_list":["post-774","page","type-page","status-publish","hentry"],"_links":{"self":[{"href":"https:\/\/blog.edu.turku.fi\/paattinen\/wp-json\/wp\/v2\/pages\/774","targetHints":{"allow":["GET"]}}],"collection":[{"href":"https:\/\/blog.edu.turku.fi\/paattinen\/wp-json\/wp\/v2\/pages"}],"about":[{"href":"https:\/\/blog.edu.turku.fi\/paattinen\/wp-json\/wp\/v2\/types\/page"}],"author":[{"embeddable":true,"href":"https:\/\/blog.edu.turku.fi\/paattinen\/wp-json\/wp\/v2\/users\/1006"}],"replies":[{"embeddable":true,"href":"https:\/\/blog.edu.turku.fi\/paattinen\/wp-json\/wp\/v2\/comments?post=774"}],"version-history":[{"count":12,"href":"https:\/\/blog.edu.turku.fi\/paattinen\/wp-json\/wp\/v2\/pages\/774\/revisions"}],"predecessor-version":[{"id":836,"href":"https:\/\/blog.edu.turku.fi\/paattinen\/wp-json\/wp\/v2\/pages\/774\/revisions\/836"}],"wp:attachment":[{"href":"https:\/\/blog.edu.turku.fi\/paattinen\/wp-json\/wp\/v2\/media?parent=774"}],"curies":[{"name":"wp","href":"https:\/\/api.w.org\/{rel}","templated":true}]}}