{"id":71,"date":"2016-11-02T11:14:51","date_gmt":"2016-11-02T09:14:51","guid":{"rendered":"https:\/\/blog.edu.turku.fi\/paattinen\/?page_id=71"},"modified":"2025-11-05T14:35:05","modified_gmt":"2025-11-05T12:35:05","slug":"vanhemmille","status":"publish","type":"page","link":"https:\/\/blog.edu.turku.fi\/paattinen\/vanhemmille\/","title":{"rendered":"Vanhemmille"},"content":{"rendered":"<p><a href=\"https:\/\/www.turku.fi\/perusopetus\/kouluun-ilmoittautuminen\">Kouluun ilmoittautuminen<\/a><br \/>\n<a href=\"https:\/\/www.turku.fi\/sites\/default\/files\/document\/turun_kaupunki_koulukuljetushakemus_2_0.pdf\">Koulukuljetushakemus<\/a><br \/>\n<a href=\"http:\/\/www.turku.fi\/ippe\">Koululaisten aamu- ja iltap\u00e4iv\u00e4toiminta<\/a><br \/>\n<a href=\"https:\/\/kaarea.fi\/palvelut\/ruokapalvelut\/koulu-ja-paivakotiruokailu\/koulujen-valipalamyynti\/\">V\u00e4lipala<\/a><\/p>\n<p><a href=\"https:\/\/www.turku.fi\/perusopetus\/tukea-oppimiseen\">Oppimisen tuki<\/a><br \/>\n<a href=\"https:\/\/www.varha.fi\/fi\/asiointikanavat\/perheneuvola-turku\">Kasvatus- ja perheneuvola<\/a><br \/>\n<a href=\"https:\/\/blog.edu.turku.fi\/paattinen\/opetus\/poissaoloihin-puuttuminen-ja-ennaltaehkaisy\/\">Poissaoloihin puuttuminen ja ennaltaehk\u00e4isy<\/a><\/p>\n<p><a href=\"https:\/\/www.turku.fi\/perusopetus\/kouluun-ilmoittautuminen#anchor-koulupaikan-hakeminen-muusta-kuin-lahikoulusta\">Koulun aloitus muussa kuin l\u00e4hikoulussa<\/a><br \/>\n<a href=\"https:\/\/www.turku.fi\/sites\/default\/files\/document\/turun-kaupunki-hakemus-toiseen-kouluun_0.pdf\">Hakemus toiseen kouluun<\/a><\/p>\n<p><a href=\"https:\/\/blog.edu.turku.fi\/koululiikunta\/etusivu-2\/\">Koululiikunta<\/a><\/p>\n<p><a href=\"https:\/\/www.turku.fi\/perusopetus\/vuokrattavat-koulutilat\">Vuokrattavat koulutilat<\/a><\/p>\n","protected":false},"excerpt":{"rendered":"<p>Kouluun ilmoittautuminen Koulukuljetushakemus Koululaisten aamu- ja iltap\u00e4iv\u00e4toiminta V\u00e4lipala Oppimisen tuki Kasvatus- ja perheneuvola Poissaoloihin puuttuminen ja ennaltaehk\u00e4isy Koulun aloitus muussa kuin l\u00e4hikoulussa Hakemus toiseen kouluun Koululiikunta Vuokrattavat koulutilat<\/p>\n","protected":false},"author":1006,"featured_media":0,"parent":0,"menu_order":0,"comment_status":"closed","ping_status":"closed","template":"","meta":{"footnotes":""},"class_list":["post-71","page","type-page","status-publish","hentry"],"_links":{"self":[{"href":"https:\/\/blog.edu.turku.fi\/paattinen\/wp-json\/wp\/v2\/pages\/71","targetHints":{"allow":["GET"]}}],"collection":[{"href":"https:\/\/blog.edu.turku.fi\/paattinen\/wp-json\/wp\/v2\/pages"}],"about":[{"href":"https:\/\/blog.edu.turku.fi\/paattinen\/wp-json\/wp\/v2\/types\/page"}],"author":[{"embeddable":true,"href":"https:\/\/blog.edu.turku.fi\/paattinen\/wp-json\/wp\/v2\/users\/1006"}],"replies":[{"embeddable":true,"href":"https:\/\/blog.edu.turku.fi\/paattinen\/wp-json\/wp\/v2\/comments?post=71"}],"version-history":[{"count":19,"href":"https:\/\/blog.edu.turku.fi\/paattinen\/wp-json\/wp\/v2\/pages\/71\/revisions"}],"predecessor-version":[{"id":808,"href":"https:\/\/blog.edu.turku.fi\/paattinen\/wp-json\/wp\/v2\/pages\/71\/revisions\/808"}],"wp:attachment":[{"href":"https:\/\/blog.edu.turku.fi\/paattinen\/wp-json\/wp\/v2\/media?parent=71"}],"curies":[{"name":"wp","href":"https:\/\/api.w.org\/{rel}","templated":true}]}}