{"id":272,"date":"2017-10-03T15:06:23","date_gmt":"2017-10-03T12:06:23","guid":{"rendered":"https:\/\/blog.edu.turku.fi\/paattinen\/?page_id=272"},"modified":"2025-08-13T08:52:21","modified_gmt":"2025-08-13T05:52:21","slug":"jarjestyssaannot","status":"publish","type":"page","link":"https:\/\/blog.edu.turku.fi\/paattinen\/jarjestyssaannot\/","title":{"rendered":"J\u00e4rjestyss\u00e4\u00e4nn\u00f6t"},"content":{"rendered":"<p><a href=\"https:\/\/blog.edu.turku.fi\/paattinen\/files\/2025\/08\/Turku-koulujen-yhteiset-jarjestyssaannot-2025.pdf\">Turku &#8211; koulujen yhteiset j\u00e4rjestyss\u00e4\u00e4nn\u00f6t 2025<\/a><\/p>\n","protected":false},"excerpt":{"rendered":"<p>Turku &#8211; koulujen yhteiset j\u00e4rjestyss\u00e4\u00e4nn\u00f6t 2025<\/p>\n","protected":false},"author":2736,"featured_media":0,"parent":0,"menu_order":0,"comment_status":"closed","ping_status":"closed","template":"","meta":{"footnotes":""},"class_list":["post-272","page","type-page","status-publish","hentry"],"_links":{"self":[{"href":"https:\/\/blog.edu.turku.fi\/paattinen\/wp-json\/wp\/v2\/pages\/272","targetHints":{"allow":["GET"]}}],"collection":[{"href":"https:\/\/blog.edu.turku.fi\/paattinen\/wp-json\/wp\/v2\/pages"}],"about":[{"href":"https:\/\/blog.edu.turku.fi\/paattinen\/wp-json\/wp\/v2\/types\/page"}],"author":[{"embeddable":true,"href":"https:\/\/blog.edu.turku.fi\/paattinen\/wp-json\/wp\/v2\/users\/2736"}],"replies":[{"embeddable":true,"href":"https:\/\/blog.edu.turku.fi\/paattinen\/wp-json\/wp\/v2\/comments?post=272"}],"version-history":[{"count":9,"href":"https:\/\/blog.edu.turku.fi\/paattinen\/wp-json\/wp\/v2\/pages\/272\/revisions"}],"predecessor-version":[{"id":740,"href":"https:\/\/blog.edu.turku.fi\/paattinen\/wp-json\/wp\/v2\/pages\/272\/revisions\/740"}],"wp:attachment":[{"href":"https:\/\/blog.edu.turku.fi\/paattinen\/wp-json\/wp\/v2\/media?parent=272"}],"curies":[{"name":"wp","href":"https:\/\/api.w.org\/{rel}","templated":true}]}}