{"id":246,"date":"2017-10-03T14:25:22","date_gmt":"2017-10-03T11:25:22","guid":{"rendered":"https:\/\/blog.edu.turku.fi\/paattinen\/?page_id=246"},"modified":"2026-04-01T13:36:00","modified_gmt":"2026-04-01T10:36:00","slug":"henkilokunta","status":"publish","type":"page","link":"https:\/\/blog.edu.turku.fi\/paattinen\/henkilokunta\/","title":{"rendered":"Henkil\u00f6kunta"},"content":{"rendered":"<h3>Koulun henkil\u00f6kunta lv 2025-2026<\/h3>\n<p>S\u00e4hk\u00f6postiosoitteet\u00a0 muotoa etunimi.sukunimi@edu.turku.fi<\/p>\n<p>koulunjohtaja Sini Koskinen, puh. 040 672 0240, toistaiseksi pois ty\u00f6st\u00e4, sijaistavana koulunjohtajana Maria Martelius, puh. 044 907 2039<br \/>\nkoulusihteeri Tuija Oksanen, puh. 044 907 5433 (paikalla keskiviikkoisin)<br \/>\nsijaistavana varajohtajana Sanna Kalmari, puh. 040 705 7456<\/p>\n<p>1A Tiina Tammi, puh. 040 135 0821<br \/>\n2A Maria Martelius, puh. 044 907 2039, sijaisena Marjukka Karttunen puh. 044 907 5092<br \/>\n3A Teemu Lehto, puh.\u00a0 040 176 6819<br \/>\n4A Tiina Vuorisalo, puh.\u00a0 040 580 8227<br \/>\n5A Sanna Kalmari, puh. 040 705 7456<br \/>\n6A Sami Alamiekkaoja, puh. 050 350 1288<br \/>\nVALMO A -luokka Helj\u00e4 Laakso-Pitk\u00e4koski, puh. 044 794 9959<br \/>\nVALMO B -luokka Outi Henriksson, puh. <span data-olk-copy-source=\"MessageBody\"> 044 907 4109<\/span><\/p>\n<p>Hanna Kuokka, erityisopettaja, puh. 040 176 6816<\/p>\n<p>Marja-Elina Tuominen, koulunk\u00e4ynninohjaaja, puh. 040 759 1098<br \/>\nRoosa Kuosmanen, koulunk\u00e4ynninohjaaja, puh. 044 907 4842<br \/>\nLiliia Smishko, VALMO-koulunk\u00e4ynninohjaaja, puh. 044 907 5665<br \/>\nElina Salmi, VALMO-koulunk\u00e4ynninohjaaja, puh. 044 907 5112<\/p>\n<p>&nbsp;<\/p>\n<h3>Kiinteist\u00f6, keitti\u00f6 ja siivous<\/h3>\n<p>keitti\u00f6 Kaarea Oy\u00a0 \/ Siru Gustafsson, puh. 040 197 8472<br \/>\nkiinteist\u00f6nhoitaja Coor \/ Kimmo Vesterinen, puh. 050 4347 442<br \/>\nsiistij\u00e4 Alltime Suomi Oy \/ Tiina Merinen<\/p>\n","protected":false},"excerpt":{"rendered":"<p>Koulun henkil\u00f6kunta lv 2025-2026 S\u00e4hk\u00f6postiosoitteet\u00a0 muotoa etunimi.sukunimi@edu.turku.fi koulunjohtaja Sini Koskinen, puh. 040 672 0240, toistaiseksi pois ty\u00f6st\u00e4, sijaistavana koulunjohtajana Maria Martelius, puh. 044 907 2039 koulusihteeri Tuija Oksanen, puh. 044 907 5433 (paikalla keskiviikkoisin) sijaistavana varajohtajana Sanna Kalmari, puh. 040 705 7456 1A Tiina Tammi, puh. 040 135 0821 2A Maria Martelius, puh. 044 907 &hellip; <a href=\"https:\/\/blog.edu.turku.fi\/paattinen\/henkilokunta\/\" class=\"more-link\">Jatka lukemista<span class=\"screen-reader-text\"> &#8221;Henkil\u00f6kunta&#8221;<\/span><\/a><\/p>\n","protected":false},"author":1006,"featured_media":0,"parent":0,"menu_order":0,"comment_status":"closed","ping_status":"closed","template":"","meta":{"footnotes":""},"class_list":["post-246","page","type-page","status-publish","hentry"],"_links":{"self":[{"href":"https:\/\/blog.edu.turku.fi\/paattinen\/wp-json\/wp\/v2\/pages\/246","targetHints":{"allow":["GET"]}}],"collection":[{"href":"https:\/\/blog.edu.turku.fi\/paattinen\/wp-json\/wp\/v2\/pages"}],"about":[{"href":"https:\/\/blog.edu.turku.fi\/paattinen\/wp-json\/wp\/v2\/types\/page"}],"author":[{"embeddable":true,"href":"https:\/\/blog.edu.turku.fi\/paattinen\/wp-json\/wp\/v2\/users\/1006"}],"replies":[{"embeddable":true,"href":"https:\/\/blog.edu.turku.fi\/paattinen\/wp-json\/wp\/v2\/comments?post=246"}],"version-history":[{"count":82,"href":"https:\/\/blog.edu.turku.fi\/paattinen\/wp-json\/wp\/v2\/pages\/246\/revisions"}],"predecessor-version":[{"id":844,"href":"https:\/\/blog.edu.turku.fi\/paattinen\/wp-json\/wp\/v2\/pages\/246\/revisions\/844"}],"wp:attachment":[{"href":"https:\/\/blog.edu.turku.fi\/paattinen\/wp-json\/wp\/v2\/media?parent=246"}],"curies":[{"name":"wp","href":"https:\/\/api.w.org\/{rel}","templated":true}]}}