{"id":17,"date":"2016-11-02T09:35:08","date_gmt":"2016-11-02T07:35:08","guid":{"rendered":"https:\/\/blog.edu.turku.fi\/paattinen\/?page_id=17"},"modified":"2026-01-12T09:00:14","modified_gmt":"2026-01-12T07:00:14","slug":"kodin-ja-koulun-yhteistyo","status":"publish","type":"page","link":"https:\/\/blog.edu.turku.fi\/paattinen\/kodin-ja-koulun-yhteistyo\/","title":{"rendered":"Vanhempainyhdistys"},"content":{"rendered":"<p dir=\"ltr\" data-olk-copy-source=\"MessageBody\">Tervetuloa mukaan vanhempainyhdistykseen!<\/p>\n<p dir=\"ltr\">Vanhempainyhdistystoiminta on t\u00e4rke\u00e4 osa kodin ja koulun yhteisty\u00f6t\u00e4.<\/p>\n<p dir=\"ltr\">Yhdistyksen toimintaan osallistuvat vanhemmat ovat mukana edist\u00e4m\u00e4ss\u00e4 hyvinvoivaa kouluyhteis\u00f6\u00e4.<\/p>\n<p dir=\"ltr\">Vy:ss\u00e4 :<\/p>\n<ul>\n<li dir=\"ltr\">\n<p dir=\"ltr\" role=\"presentation\">Tutustut toisiin vanhempiin ja p\u00e4\u00e4set vaihtamaan ajatuksia lapsen kasvatuksesta ja vanhemmuudesta.<\/p>\n<\/li>\n<li dir=\"ltr\">\n<p dir=\"ltr\" role=\"presentation\">Olet mukana suunnittelemassa ja toteuttamassa mielek\u00e4st\u00e4 toimintaa lapsille ja perheille.<\/p>\n<\/li>\n<li dir=\"ltr\">\n<p dir=\"ltr\" role=\"presentation\">Koulun k\u00e4yt\u00e4nn\u00f6t tulevat tutuiksi ja p\u00e4\u00e4set mukaan kehitt\u00e4m\u00e4\u00e4n niit\u00e4.<\/p>\n<\/li>\n<li dir=\"ltr\">\n<p dir=\"ltr\" role=\"presentation\">Voit vaikuttaa koulun ja koko asuinalueen viihtyvyyteen, turvallisuuteen ja p\u00e4\u00e4t\u00f6ksentekoon.<\/p>\n<\/li>\n<li dir=\"ltr\">\n<p dir=\"ltr\" role=\"presentation\">Olemalla mukana vahvistat yhteis\u00f6llisyytt\u00e4 ja siten olet mukana rakentamassa aikuisten turvaverkkoa lasten ja nuorten ymp\u00e4rille.<\/p>\n<\/li>\n<\/ul>\n<p dir=\"ltr\">Vy kokoontuu p\u00e4\u00e4asiassa joka kuun ensimm\u00e4inen maanantai klo 18. Paikalla on aina, ainakin osan ajasta, koulun edustaja eli joku opettajista. Kokouksissa kuulee koulun tulevista asioista etuk\u00e4teen ja p\u00e4\u00e4see vaikuttamaan niihin. Aikaa on my\u00f6s jutusteluun ja jokainen voi tuoda ajatuksiaan ja huoliaan esille.<\/p>\n<p dir=\"ltr\">Vy j\u00e4rjest\u00e4\u00e4 alakouluik\u00e4isille lapsille kolme diskoa, joiden teemoina on halloween, yst\u00e4v\u00e4np\u00e4iv\u00e4 ja vappu.<\/p>\n<p dir=\"ltr\">Vy hoitaa tarvittaessa kahvitukset koulun pyyt\u00e4miss\u00e4 tilaisuuksissa, kuten joulu- ja kev\u00e4tjuhla.<\/p>\n<p dir=\"ltr\">Varainkeruun avulla vy tukee koulun hankintoja, luokkaretki\u00e4, stipendej\u00e4, koulutuksia ja ostaa ksylitolipastillit koululaisille.<\/p>\n<p dir=\"ltr\">Lis\u00e4ksi voidaan j\u00e4rjest\u00e4\u00e4 my\u00f6s koko perheen retki\u00e4 esim. S\u00e4rk\u00e4nniemeen tai Linnanm\u00e4elle.<\/p>\n<p dir=\"ltr\">Vanhempainyhdistyksess\u00e4 oleminen ei ole ty\u00f6l\u00e4st\u00e4 puurtamista, vaan iloista yhdess\u00e4 tekemist\u00e4 yhteisen hyv\u00e4n vuoksi. Jokainen osallistuu toimintaan omien mahdollisuuksien mukaan. Jokaiseen kokoukseen ja tapahtumaan ei tarvitse ehti\u00e4. Porukalla saadaan pienill\u00e4 ponnistuksilla suuri hy\u00f6ty aikaan.<\/p>\n<p dir=\"ltr\">Nyt olisi mahdollista p\u00e4\u00e4st\u00e4 ideoimaan uusia toimintatapoja yhdist\u00e4\u00e4 ja tukea koulua, oppilaita ja heid\u00e4n perheit\u00e4\u00e4n.<\/p>\n<p dir=\"ltr\">Vy:n toiminta ei maksa mit\u00e4\u00e4n eik\u00e4 sido mihink\u00e4\u00e4n. Tule tutustumaan ja vaikuttamaan lapsesi kouluarkeen!<\/p>\n<p dir=\"ltr\">Iloisin terveisin<\/p>\n<p dir=\"ltr\">Paattisten koulun vanhempainyhdistys<\/p>\n<p dir=\"ltr\">Petra M\u00e4nnist\u00f6, puheenjohtaja<\/p>\n<p dir=\"ltr\">Elisa Kanto, varapuheenjohtaja<\/p>\n<p dir=\"ltr\">Jonna Sandell, rahastonhoitaja<\/p>\n<p dir=\"ltr\">Eija Lehtonen, sihteeri ja tiedoitusvastaava<\/p>\n<p dir=\"ltr\">Vanhempainyhdistyksen hallitus 2025-26: Petra M\u00e4nnist\u00f6, Mimmi Ruusunen, Elisa Kanto,\u00a0Tiia Rantonen, Janne Seittenranta ja Mari Laulumaa<\/p>\n<p dir=\"ltr\">Varaj\u00e4senet: Johanna Lindstedt, Oivi Viljasalo, Jonna Sandell, Eija Lehtonen ja Annu Rajakallio.<\/p>\n<p dir=\"ltr\">Lis\u00e4tietoja saat ottamalla yhteytt\u00e4\u00a0<a title=\"mailto:petra.mannisto@gmai.com\" href=\"mailto:petra.mannisto@gmai.com\" data-linkindex=\"0\">petra.mannisto@gmail.com<\/a>\u00a0tai\u00a0<a title=\"tel:0407008528\" href=\"tel:0407008528\" target=\"_blank\" rel=\"noopener noreferrer\" data-auth=\"NotApplicable\" data-linkindex=\"1\">04<\/a>4 231 9092\/Petra.<\/p>\n<p dir=\"ltr\">Vy:n kokoukset lukukaudella 25-26<\/p>\n<p>1.9. Sini Koskinen<\/p>\n<p>6.10. Hanna Kuokka<\/p>\n<p>3.11. Sanna Kalmari<\/p>\n<p>1.12. Sami Alamiekkaoja<\/p>\n<p>12.1. Maria Martelius<\/p>\n<p>2.2. Teemu Lehto<\/p>\n<p>2.3. Tiina Tammi<\/p>\n<p>6.4. Maria Martelius<\/p>\n<p>4.5. Maria Martelius<\/p>\n<p dir=\"ltr\">Kokousaika ja -paikka aina joka kuun ensimm\u00e4inen maanantai klo 18 koulun ruokalassa ellei toisin ilmoiteta.<\/p>\n","protected":false},"excerpt":{"rendered":"<p>Tervetuloa mukaan vanhempainyhdistykseen! Vanhempainyhdistystoiminta on t\u00e4rke\u00e4 osa kodin ja koulun yhteisty\u00f6t\u00e4. Yhdistyksen toimintaan osallistuvat vanhemmat ovat mukana edist\u00e4m\u00e4ss\u00e4 hyvinvoivaa kouluyhteis\u00f6\u00e4. Vy:ss\u00e4 : Tutustut toisiin vanhempiin ja p\u00e4\u00e4set vaihtamaan ajatuksia lapsen kasvatuksesta ja vanhemmuudesta. Olet mukana suunnittelemassa ja toteuttamassa mielek\u00e4st\u00e4 toimintaa lapsille ja perheille. Koulun k\u00e4yt\u00e4nn\u00f6t tulevat tutuiksi ja p\u00e4\u00e4set mukaan kehitt\u00e4m\u00e4\u00e4n niit\u00e4. Voit vaikuttaa koulun &hellip; <a href=\"https:\/\/blog.edu.turku.fi\/paattinen\/kodin-ja-koulun-yhteistyo\/\" class=\"more-link\">Jatka lukemista<span class=\"screen-reader-text\"> &#8221;Vanhempainyhdistys&#8221;<\/span><\/a><\/p>\n","protected":false},"author":1006,"featured_media":0,"parent":0,"menu_order":0,"comment_status":"closed","ping_status":"closed","template":"","meta":{"footnotes":""},"class_list":["post-17","page","type-page","status-publish","hentry"],"_links":{"self":[{"href":"https:\/\/blog.edu.turku.fi\/paattinen\/wp-json\/wp\/v2\/pages\/17","targetHints":{"allow":["GET"]}}],"collection":[{"href":"https:\/\/blog.edu.turku.fi\/paattinen\/wp-json\/wp\/v2\/pages"}],"about":[{"href":"https:\/\/blog.edu.turku.fi\/paattinen\/wp-json\/wp\/v2\/types\/page"}],"author":[{"embeddable":true,"href":"https:\/\/blog.edu.turku.fi\/paattinen\/wp-json\/wp\/v2\/users\/1006"}],"replies":[{"embeddable":true,"href":"https:\/\/blog.edu.turku.fi\/paattinen\/wp-json\/wp\/v2\/comments?post=17"}],"version-history":[{"count":33,"href":"https:\/\/blog.edu.turku.fi\/paattinen\/wp-json\/wp\/v2\/pages\/17\/revisions"}],"predecessor-version":[{"id":821,"href":"https:\/\/blog.edu.turku.fi\/paattinen\/wp-json\/wp\/v2\/pages\/17\/revisions\/821"}],"wp:attachment":[{"href":"https:\/\/blog.edu.turku.fi\/paattinen\/wp-json\/wp\/v2\/media?parent=17"}],"curies":[{"name":"wp","href":"https:\/\/api.w.org\/{rel}","templated":true}]}}