{"id":91,"date":"2012-08-16T18:13:05","date_gmt":"2012-08-16T15:13:05","guid":{"rendered":"https:\/\/blog.edu.turku.fi\/paaskyvuori\/?page_id=91"},"modified":"2013-08-12T23:33:43","modified_gmt":"2013-08-12T20:33:43","slug":"kadonnut-rikkoutunut-tai-varastettu-omaisuus","status":"publish","type":"page","link":"https:\/\/blog.edu.turku.fi\/paaskyvuori\/yleista\/kadonnut-rikkoutunut-tai-varastettu-omaisuus\/","title":{"rendered":"KADONNUT, RIKKOUTUNUT TAI VARASTETTU OMAISUUS"},"content":{"rendered":"<p>OPPILAAN KADONNUT, RIKKOUTUNUT TAI VARASTETTU OMAISUUS<br \/>\nAinoastaan oppitunnin aikana, opetustilanteessa rikkoutunut oppilaan henkil\u00f6kohtainen omaisuus voidaan korvata kaupungin varoista. Korvausmenettely\u00e4 voi tiedustella opettajilta tai rehtorilta.<\/p>\n<p>Kaupunki ei korvaa mm:<br \/>\n&#8211; opetustilanteessakaan rikkoutunutta omaisuutta mik\u00e4li oppilas on toiminut vastoin koulun antamia ohjeita<br \/>\n&#8211; koulun naulakkotiloissa olevaa omaisuutta<br \/>\n&#8211; v\u00e4litunnilla rikkoutunutta\/ kadonnutta omaisuutta<br \/>\n&#8211; koulumatkalla kadonnutta omaisuutta<br \/>\n&#8211; kotivakuutuksen omavastuuosuutta<br \/>\n&#8211; oppilaiden omasta halustaan kouluun tuomaa opetukseen liittym\u00e4t\u00f6nt\u00e4 omaisuutta esim. polkupy\u00f6ri\u00e4, puhelimia tai mp3-soittimia.<\/p>\n<p>Sivistystoimialan p\u00e4iv\u00e4koti, koulu, oppilaitos antaa tarvittaessa vahingonk\u00e4rsij\u00e4lle ohjeita kirjallisen korvausvaatimuksen tekemiseen.<\/p>\n","protected":false},"excerpt":{"rendered":"<p>OPPILAAN KADONNUT, RIKKOUTUNUT TAI VARASTETTU OMAISUUS Ainoastaan oppitunnin aikana, opetustilanteessa rikkoutunut oppilaan henkil\u00f6kohtainen omaisuus voidaan korvata kaupungin varoista. Korvausmenettely\u00e4 voi tiedustella opettajilta tai rehtorilta. Kaupunki ei korvaa mm: &#8211; opetustilanteessakaan rikkoutunutta omaisuutta mik\u00e4li oppilas on toiminut vastoin koulun antamia ohjeita &#8211; koulun naulakkotiloissa olevaa omaisuutta &#8211; v\u00e4litunnilla rikkoutunutta\/ kadonnutta omaisuutta &#8211; koulumatkalla kadonnutta omaisuutta &#8211; &hellip; <a href=\"https:\/\/blog.edu.turku.fi\/paaskyvuori\/yleista\/kadonnut-rikkoutunut-tai-varastettu-omaisuus\/\" class=\"more-link\">Jatka lukemista<span class=\"screen-reader-text\"> &#8221;KADONNUT, RIKKOUTUNUT TAI VARASTETTU OMAISUUS&#8221;<\/span><\/a><\/p>\n","protected":false},"author":82,"featured_media":0,"parent":19,"menu_order":7,"comment_status":"closed","ping_status":"closed","template":"","meta":{"footnotes":""},"class_list":["post-91","page","type-page","status-publish","hentry"],"_links":{"self":[{"href":"https:\/\/blog.edu.turku.fi\/paaskyvuori\/wp-json\/wp\/v2\/pages\/91","targetHints":{"allow":["GET"]}}],"collection":[{"href":"https:\/\/blog.edu.turku.fi\/paaskyvuori\/wp-json\/wp\/v2\/pages"}],"about":[{"href":"https:\/\/blog.edu.turku.fi\/paaskyvuori\/wp-json\/wp\/v2\/types\/page"}],"author":[{"embeddable":true,"href":"https:\/\/blog.edu.turku.fi\/paaskyvuori\/wp-json\/wp\/v2\/users\/82"}],"replies":[{"embeddable":true,"href":"https:\/\/blog.edu.turku.fi\/paaskyvuori\/wp-json\/wp\/v2\/comments?post=91"}],"version-history":[{"count":5,"href":"https:\/\/blog.edu.turku.fi\/paaskyvuori\/wp-json\/wp\/v2\/pages\/91\/revisions"}],"predecessor-version":[{"id":512,"href":"https:\/\/blog.edu.turku.fi\/paaskyvuori\/wp-json\/wp\/v2\/pages\/91\/revisions\/512"}],"up":[{"embeddable":true,"href":"https:\/\/blog.edu.turku.fi\/paaskyvuori\/wp-json\/wp\/v2\/pages\/19"}],"wp:attachment":[{"href":"https:\/\/blog.edu.turku.fi\/paaskyvuori\/wp-json\/wp\/v2\/media?parent=91"}],"curies":[{"name":"wp","href":"https:\/\/api.w.org\/{rel}","templated":true}]}}