{"id":88,"date":"2012-08-16T18:05:41","date_gmt":"2012-08-16T15:05:41","guid":{"rendered":"https:\/\/blog.edu.turku.fi\/paaskyvuori\/?page_id=88"},"modified":"2017-11-10T11:34:57","modified_gmt":"2017-11-10T09:34:57","slug":"koulutapaturmat","status":"publish","type":"page","link":"https:\/\/blog.edu.turku.fi\/paaskyvuori\/yleista\/koulutapaturmat\/","title":{"rendered":"KOULUTAPATURMAT"},"content":{"rendered":"<p>Koulutapaturmaksi katsotaan koulussa, koulumatkalla, leirikoulussa tai koulun retkill\u00e4 tapahtunut vamma. Kaupunki vastaa tapaturmasta aiheutuneista kustannuksista. Yksityisten l\u00e4\u00e4k\u00e4rien tai l\u00e4\u00e4k\u00e4riasemien laskuista kaupunki ei kuitenkaan vastaa.<\/p>\n<p>Ohjeet mahdollisen koulutapaturman varalle l\u00f6ytyv\u00e4t Wilmasta.<\/p>\n","protected":false},"excerpt":{"rendered":"<p>Koulutapaturmaksi katsotaan koulussa, koulumatkalla, leirikoulussa tai koulun retkill\u00e4 tapahtunut vamma. Kaupunki vastaa tapaturmasta aiheutuneista kustannuksista. Yksityisten l\u00e4\u00e4k\u00e4rien tai l\u00e4\u00e4k\u00e4riasemien laskuista kaupunki ei kuitenkaan vastaa. Ohjeet mahdollisen koulutapaturman varalle l\u00f6ytyv\u00e4t Wilmasta.<\/p>\n","protected":false},"author":82,"featured_media":0,"parent":19,"menu_order":5,"comment_status":"closed","ping_status":"closed","template":"","meta":{"footnotes":""},"class_list":["post-88","page","type-page","status-publish","hentry"],"_links":{"self":[{"href":"https:\/\/blog.edu.turku.fi\/paaskyvuori\/wp-json\/wp\/v2\/pages\/88","targetHints":{"allow":["GET"]}}],"collection":[{"href":"https:\/\/blog.edu.turku.fi\/paaskyvuori\/wp-json\/wp\/v2\/pages"}],"about":[{"href":"https:\/\/blog.edu.turku.fi\/paaskyvuori\/wp-json\/wp\/v2\/types\/page"}],"author":[{"embeddable":true,"href":"https:\/\/blog.edu.turku.fi\/paaskyvuori\/wp-json\/wp\/v2\/users\/82"}],"replies":[{"embeddable":true,"href":"https:\/\/blog.edu.turku.fi\/paaskyvuori\/wp-json\/wp\/v2\/comments?post=88"}],"version-history":[{"count":3,"href":"https:\/\/blog.edu.turku.fi\/paaskyvuori\/wp-json\/wp\/v2\/pages\/88\/revisions"}],"predecessor-version":[{"id":1137,"href":"https:\/\/blog.edu.turku.fi\/paaskyvuori\/wp-json\/wp\/v2\/pages\/88\/revisions\/1137"}],"up":[{"embeddable":true,"href":"https:\/\/blog.edu.turku.fi\/paaskyvuori\/wp-json\/wp\/v2\/pages\/19"}],"wp:attachment":[{"href":"https:\/\/blog.edu.turku.fi\/paaskyvuori\/wp-json\/wp\/v2\/media?parent=88"}],"curies":[{"name":"wp","href":"https:\/\/api.w.org\/{rel}","templated":true}]}}