{"id":84,"date":"2012-08-16T18:00:21","date_gmt":"2012-08-16T15:00:21","guid":{"rendered":"https:\/\/blog.edu.turku.fi\/paaskyvuori\/?page_id=84"},"modified":"2013-11-06T11:29:06","modified_gmt":"2013-11-06T09:29:06","slug":"oppilasarviointi","status":"publish","type":"page","link":"https:\/\/blog.edu.turku.fi\/paaskyvuori\/opetus\/opetussuunnitelma\/oppilasarviointi\/","title":{"rendered":"OPPILASARVIOINTI"},"content":{"rendered":"<p>OPPILASARVIOINTI<br \/>\nOppilasarvioinnissa noudatetaan opetushallituksen m\u00e4\u00e4r\u00e4yksi\u00e4, joissa korostetaan arvioinnin ohjaavaa ja kannustavaa merkityst\u00e4 oppilaan opiskeluprosessissa. Arvioinnissa otetaan huomioon oppilaan ty\u00f6skentely sek\u00e4 tietojen ja taitojen kehittyminen.<\/p>\n<p>LUOKAN KERTAAMISESTA LYHYESTI<br \/>\nOppilas j\u00e4\u00e4 luokalle, jos sit\u00e4 on pidett\u00e4v\u00e4 h\u00e4nen yleisen koulumenestyksens\u00e4 vuoksi tarkoituksenmukaisena. Oppilaan huoltajalla on t\u00e4ll\u00f6in mahdollista tulla kuulluksi ennen p\u00e4\u00e4t\u00f6ksen tekemist\u00e4. Vuosiluokalle j\u00e4\u00e4misest\u00e4 p\u00e4\u00e4tt\u00e4\u00e4 rehtori yhdess\u00e4 oppilasta opettavien opettajien kanssa huoltajaa kuultuaan.<\/p>\n","protected":false},"excerpt":{"rendered":"<p>OPPILASARVIOINTI Oppilasarvioinnissa noudatetaan opetushallituksen m\u00e4\u00e4r\u00e4yksi\u00e4, joissa korostetaan arvioinnin ohjaavaa ja kannustavaa merkityst\u00e4 oppilaan opiskeluprosessissa. Arvioinnissa otetaan huomioon oppilaan ty\u00f6skentely sek\u00e4 tietojen ja taitojen kehittyminen. LUOKAN KERTAAMISESTA LYHYESTI Oppilas j\u00e4\u00e4 luokalle, jos sit\u00e4 on pidett\u00e4v\u00e4 h\u00e4nen yleisen koulumenestyksens\u00e4 vuoksi tarkoituksenmukaisena. Oppilaan huoltajalla on t\u00e4ll\u00f6in mahdollista tulla kuulluksi ennen p\u00e4\u00e4t\u00f6ksen tekemist\u00e4. Vuosiluokalle j\u00e4\u00e4misest\u00e4 p\u00e4\u00e4tt\u00e4\u00e4 rehtori yhdess\u00e4 oppilasta &hellip; <a href=\"https:\/\/blog.edu.turku.fi\/paaskyvuori\/opetus\/opetussuunnitelma\/oppilasarviointi\/\" class=\"more-link\">Jatka lukemista<span class=\"screen-reader-text\"> &#8221;OPPILASARVIOINTI&#8221;<\/span><\/a><\/p>\n","protected":false},"author":82,"featured_media":0,"parent":36,"menu_order":0,"comment_status":"closed","ping_status":"closed","template":"","meta":{"footnotes":""},"class_list":["post-84","page","type-page","status-publish","hentry"],"_links":{"self":[{"href":"https:\/\/blog.edu.turku.fi\/paaskyvuori\/wp-json\/wp\/v2\/pages\/84","targetHints":{"allow":["GET"]}}],"collection":[{"href":"https:\/\/blog.edu.turku.fi\/paaskyvuori\/wp-json\/wp\/v2\/pages"}],"about":[{"href":"https:\/\/blog.edu.turku.fi\/paaskyvuori\/wp-json\/wp\/v2\/types\/page"}],"author":[{"embeddable":true,"href":"https:\/\/blog.edu.turku.fi\/paaskyvuori\/wp-json\/wp\/v2\/users\/82"}],"replies":[{"embeddable":true,"href":"https:\/\/blog.edu.turku.fi\/paaskyvuori\/wp-json\/wp\/v2\/comments?post=84"}],"version-history":[{"count":3,"href":"https:\/\/blog.edu.turku.fi\/paaskyvuori\/wp-json\/wp\/v2\/pages\/84\/revisions"}],"predecessor-version":[{"id":599,"href":"https:\/\/blog.edu.turku.fi\/paaskyvuori\/wp-json\/wp\/v2\/pages\/84\/revisions\/599"}],"up":[{"embeddable":true,"href":"https:\/\/blog.edu.turku.fi\/paaskyvuori\/wp-json\/wp\/v2\/pages\/36"}],"wp:attachment":[{"href":"https:\/\/blog.edu.turku.fi\/paaskyvuori\/wp-json\/wp\/v2\/media?parent=84"}],"curies":[{"name":"wp","href":"https:\/\/api.w.org\/{rel}","templated":true}]}}