{"id":82,"date":"2012-08-16T17:55:33","date_gmt":"2012-08-16T14:55:33","guid":{"rendered":"https:\/\/blog.edu.turku.fi\/paaskyvuori\/?page_id=82"},"modified":"2020-08-27T12:00:05","modified_gmt":"2020-08-27T09:00:05","slug":"kodin-ja-koulun-yhteistyo","status":"publish","type":"page","link":"https:\/\/blog.edu.turku.fi\/paaskyvuori\/yleista\/kodin-ja-koulun-yhteistyo\/","title":{"rendered":"KOTI JA KOULU"},"content":{"rendered":"<p>Toivomme kotien tukevan lastensa koulunk\u00e4ynti\u00e4 seuraamalla tarkasti kotiteht\u00e4vien suorittamista ja opiskelun edistymist\u00e4. Pieniss\u00e4kin ongelmatilanteissa pyyd\u00e4mme ottamaan kouluun yhteytt\u00e4, jotta voimme pohtia asioita yhdess\u00e4 ja l\u00f6yt\u00e4\u00e4 niihin parhaan mahdollisen ratkaisun. Haluamme yhteisty\u00f6n olevan avointa ja luontevaa.<\/p>\n<p>Lukuvuoden aikana jokaisessa luokassa j\u00e4rjestet\u00e4\u00e4n ainakin yksi vanhempainilta. Lis\u00e4ksi opettajat pit\u00e4v\u00e4t henkil\u00f6kohtaisia vanhempainvartteja tai kehityskeskusteluja tarpeen mukaan. Vanhemmat ovat tervetulleita seuraamaan koulun juhlia ja tapahtumia.<\/p>\n<p><strong>P\u00e4\u00e4skyvuoren koulun vanhempainyhdistyksen vastuuhenkil\u00f6t 2020:<\/strong><\/p>\n<p>Sanna Hakam\u00e4ki, puheenjohtaja<br \/>\nElina Elo-Niemi, varapuheenjohtaja<br \/>\nJohanna Toivonen de Gonzales, varapuheenjohtaja<br \/>\nMinttu Viksten, rahastonhoitaja<br \/>\nSanna Jalonen, viestint\u00e4vastaava<\/p>\n<p><em>Lis\u00e4tietoja s\u00e4hk\u00f6postilla: paaskyvuorenvy@gmail.com<\/em><\/p>\n","protected":false},"excerpt":{"rendered":"<p>Toivomme kotien tukevan lastensa koulunk\u00e4ynti\u00e4 seuraamalla tarkasti kotiteht\u00e4vien suorittamista ja opiskelun edistymist\u00e4. Pieniss\u00e4kin ongelmatilanteissa pyyd\u00e4mme ottamaan kouluun yhteytt\u00e4, jotta voimme pohtia asioita yhdess\u00e4 ja l\u00f6yt\u00e4\u00e4 niihin parhaan mahdollisen ratkaisun. Haluamme yhteisty\u00f6n olevan avointa ja luontevaa. Lukuvuoden aikana jokaisessa luokassa j\u00e4rjestet\u00e4\u00e4n ainakin yksi vanhempainilta. Lis\u00e4ksi opettajat pit\u00e4v\u00e4t henkil\u00f6kohtaisia vanhempainvartteja tai kehityskeskusteluja tarpeen mukaan. Vanhemmat ovat tervetulleita &hellip; <a href=\"https:\/\/blog.edu.turku.fi\/paaskyvuori\/yleista\/kodin-ja-koulun-yhteistyo\/\" class=\"more-link\">Jatka lukemista<span class=\"screen-reader-text\"> &#8221;KOTI JA KOULU&#8221;<\/span><\/a><\/p>\n","protected":false},"author":82,"featured_media":0,"parent":19,"menu_order":1,"comment_status":"closed","ping_status":"closed","template":"","meta":{"footnotes":""},"class_list":["post-82","page","type-page","status-publish","hentry"],"_links":{"self":[{"href":"https:\/\/blog.edu.turku.fi\/paaskyvuori\/wp-json\/wp\/v2\/pages\/82","targetHints":{"allow":["GET"]}}],"collection":[{"href":"https:\/\/blog.edu.turku.fi\/paaskyvuori\/wp-json\/wp\/v2\/pages"}],"about":[{"href":"https:\/\/blog.edu.turku.fi\/paaskyvuori\/wp-json\/wp\/v2\/types\/page"}],"author":[{"embeddable":true,"href":"https:\/\/blog.edu.turku.fi\/paaskyvuori\/wp-json\/wp\/v2\/users\/82"}],"replies":[{"embeddable":true,"href":"https:\/\/blog.edu.turku.fi\/paaskyvuori\/wp-json\/wp\/v2\/comments?post=82"}],"version-history":[{"count":14,"href":"https:\/\/blog.edu.turku.fi\/paaskyvuori\/wp-json\/wp\/v2\/pages\/82\/revisions"}],"predecessor-version":[{"id":1271,"href":"https:\/\/blog.edu.turku.fi\/paaskyvuori\/wp-json\/wp\/v2\/pages\/82\/revisions\/1271"}],"up":[{"embeddable":true,"href":"https:\/\/blog.edu.turku.fi\/paaskyvuori\/wp-json\/wp\/v2\/pages\/19"}],"wp:attachment":[{"href":"https:\/\/blog.edu.turku.fi\/paaskyvuori\/wp-json\/wp\/v2\/media?parent=82"}],"curies":[{"name":"wp","href":"https:\/\/api.w.org\/{rel}","templated":true}]}}