{"id":80,"date":"2012-08-16T17:49:41","date_gmt":"2012-08-16T14:49:41","guid":{"rendered":"https:\/\/blog.edu.turku.fi\/paaskyvuori\/?page_id=80"},"modified":"2020-08-27T12:13:50","modified_gmt":"2020-08-27T09:13:50","slug":"iltapaivakerho","status":"publish","type":"page","link":"https:\/\/blog.edu.turku.fi\/paaskyvuori\/opetus\/kerhot\/iltapaivakerho\/","title":{"rendered":"ILTAP\u00c4IV\u00c4TOIMINTA"},"content":{"rendered":"<p>Iltap\u00e4iv\u00e4toiminta on tarkoitettu perusopetuksen 1. ja 2. vuosiluokkien oppilaille sek\u00e4 muiden vuosiluokkien erityisopetuksessa oleville oppilaille. Perusopetuksen aamu- ja iltap\u00e4iv\u00e4toimintaa koordinoi Turun kaupungin sivistystoimiala.<\/p>\n<p>P\u00e4\u00e4skyvuoren kouluyn iltap\u00e4iv\u00e4toiminnasta vastaa Lounais-Suomen Martat.<\/p>\n<p>Kerhopuhelin <strong>040 834 0521<\/strong> (k\u00e4yt\u00f6ss\u00e4 toiminta-aikana 12-17, my\u00f6s tekstiviestej\u00e4 voi l\u00e4hett\u00e4\u00e4).<\/p>\n<p>P\u00e4\u00e4skyvuoren ippen blogi: <a href=\"https:\/\/pvippe.blogspot.com\/\">https:\/\/pvippe.blogspot.com\/<\/a><\/p>\n<p>Marttojen iltap\u00e4iv\u00e4toiminta: <a href=\"https:\/\/www.martat.fi\/lounais-suomi\/iltapaivakerhotoiminta\/\">https:\/\/www.martat.fi\/lounais-suomi\/iltapaivakerhotoiminta\/<\/a><\/p>\n<p>Turun kaupungin sivut: <a href=\"https:\/\/turku.fi\/paivahoito-ja-koulutus\/perusopetus\/iltapaivatoiminta\/koululaisten-aamu-ja-iltapaivatoiminta\">https:\/\/turku.fi\/paivahoito-ja-koulutus\/perusopetus\/iltapaivatoiminta\/koululaisten-aamu-ja-iltapaivatoiminta<\/a><\/p>\n<p>&nbsp;<\/p>\n","protected":false},"excerpt":{"rendered":"<p>Iltap\u00e4iv\u00e4toiminta on tarkoitettu perusopetuksen 1. ja 2. vuosiluokkien oppilaille sek\u00e4 muiden vuosiluokkien erityisopetuksessa oleville oppilaille. Perusopetuksen aamu- ja iltap\u00e4iv\u00e4toimintaa koordinoi Turun kaupungin sivistystoimiala. P\u00e4\u00e4skyvuoren kouluyn iltap\u00e4iv\u00e4toiminnasta vastaa Lounais-Suomen Martat. Kerhopuhelin 040 834 0521 (k\u00e4yt\u00f6ss\u00e4 toiminta-aikana 12-17, my\u00f6s tekstiviestej\u00e4 voi l\u00e4hett\u00e4\u00e4). P\u00e4\u00e4skyvuoren ippen blogi: https:\/\/pvippe.blogspot.com\/ Marttojen iltap\u00e4iv\u00e4toiminta: https:\/\/www.martat.fi\/lounais-suomi\/iltapaivakerhotoiminta\/ Turun kaupungin sivut: https:\/\/turku.fi\/paivahoito-ja-koulutus\/perusopetus\/iltapaivatoiminta\/koululaisten-aamu-ja-iltapaivatoiminta &nbsp;<\/p>\n","protected":false},"author":82,"featured_media":0,"parent":46,"menu_order":0,"comment_status":"closed","ping_status":"closed","template":"","meta":{"footnotes":""},"class_list":["post-80","page","type-page","status-publish","hentry"],"_links":{"self":[{"href":"https:\/\/blog.edu.turku.fi\/paaskyvuori\/wp-json\/wp\/v2\/pages\/80","targetHints":{"allow":["GET"]}}],"collection":[{"href":"https:\/\/blog.edu.turku.fi\/paaskyvuori\/wp-json\/wp\/v2\/pages"}],"about":[{"href":"https:\/\/blog.edu.turku.fi\/paaskyvuori\/wp-json\/wp\/v2\/types\/page"}],"author":[{"embeddable":true,"href":"https:\/\/blog.edu.turku.fi\/paaskyvuori\/wp-json\/wp\/v2\/users\/82"}],"replies":[{"embeddable":true,"href":"https:\/\/blog.edu.turku.fi\/paaskyvuori\/wp-json\/wp\/v2\/comments?post=80"}],"version-history":[{"count":7,"href":"https:\/\/blog.edu.turku.fi\/paaskyvuori\/wp-json\/wp\/v2\/pages\/80\/revisions"}],"predecessor-version":[{"id":1273,"href":"https:\/\/blog.edu.turku.fi\/paaskyvuori\/wp-json\/wp\/v2\/pages\/80\/revisions\/1273"}],"up":[{"embeddable":true,"href":"https:\/\/blog.edu.turku.fi\/paaskyvuori\/wp-json\/wp\/v2\/pages\/46"}],"wp:attachment":[{"href":"https:\/\/blog.edu.turku.fi\/paaskyvuori\/wp-json\/wp\/v2\/media?parent=80"}],"curies":[{"name":"wp","href":"https:\/\/api.w.org\/{rel}","templated":true}]}}