{"id":46,"date":"2012-08-15T22:43:34","date_gmt":"2012-08-15T19:43:34","guid":{"rendered":"https:\/\/blog.edu.turku.fi\/paaskyvuori\/?page_id=46"},"modified":"2017-11-10T11:40:57","modified_gmt":"2017-11-10T09:40:57","slug":"kerhot","status":"publish","type":"page","link":"https:\/\/blog.edu.turku.fi\/paaskyvuori\/opetus\/kerhot\/","title":{"rendered":"KERHOT"},"content":{"rendered":"<p>Koulun kerhoty\u00f6n tarkoituksena on t\u00e4ydent\u00e4\u00e4 ja syvent\u00e4\u00e4 koulun opetus- ja kasvatusty\u00f6t\u00e4. Lis\u00e4ksi kerhoty\u00f6n kautta oppilaita kannustetaan my\u00f6nteisten harrastusten pariin.<\/p>\n<p>Kerhoista tiedotetaan erillisell\u00e4 tiedotteella oppilaille.<\/p>\n<p>&nbsp;<\/p>\n<p>&nbsp;<\/p>\n<p>&nbsp;<\/p>\n","protected":false},"excerpt":{"rendered":"<p>Koulun kerhoty\u00f6n tarkoituksena on t\u00e4ydent\u00e4\u00e4 ja syvent\u00e4\u00e4 koulun opetus- ja kasvatusty\u00f6t\u00e4. Lis\u00e4ksi kerhoty\u00f6n kautta oppilaita kannustetaan my\u00f6nteisten harrastusten pariin. Kerhoista tiedotetaan erillisell\u00e4 tiedotteella oppilaille. &nbsp; &nbsp; &nbsp;<\/p>\n","protected":false},"author":82,"featured_media":0,"parent":17,"menu_order":6,"comment_status":"closed","ping_status":"closed","template":"","meta":{"footnotes":""},"class_list":["post-46","page","type-page","status-publish","hentry"],"_links":{"self":[{"href":"https:\/\/blog.edu.turku.fi\/paaskyvuori\/wp-json\/wp\/v2\/pages\/46","targetHints":{"allow":["GET"]}}],"collection":[{"href":"https:\/\/blog.edu.turku.fi\/paaskyvuori\/wp-json\/wp\/v2\/pages"}],"about":[{"href":"https:\/\/blog.edu.turku.fi\/paaskyvuori\/wp-json\/wp\/v2\/types\/page"}],"author":[{"embeddable":true,"href":"https:\/\/blog.edu.turku.fi\/paaskyvuori\/wp-json\/wp\/v2\/users\/82"}],"replies":[{"embeddable":true,"href":"https:\/\/blog.edu.turku.fi\/paaskyvuori\/wp-json\/wp\/v2\/comments?post=46"}],"version-history":[{"count":7,"href":"https:\/\/blog.edu.turku.fi\/paaskyvuori\/wp-json\/wp\/v2\/pages\/46\/revisions"}],"predecessor-version":[{"id":1141,"href":"https:\/\/blog.edu.turku.fi\/paaskyvuori\/wp-json\/wp\/v2\/pages\/46\/revisions\/1141"}],"up":[{"embeddable":true,"href":"https:\/\/blog.edu.turku.fi\/paaskyvuori\/wp-json\/wp\/v2\/pages\/17"}],"wp:attachment":[{"href":"https:\/\/blog.edu.turku.fi\/paaskyvuori\/wp-json\/wp\/v2\/media?parent=46"}],"curies":[{"name":"wp","href":"https:\/\/api.w.org\/{rel}","templated":true}]}}