{"id":44,"date":"2012-08-15T22:43:00","date_gmt":"2012-08-15T19:43:00","guid":{"rendered":"https:\/\/blog.edu.turku.fi\/paaskyvuori\/?page_id=44"},"modified":"2017-11-10T11:41:38","modified_gmt":"2017-11-10T09:41:38","slug":"tukiopetus","status":"publish","type":"page","link":"https:\/\/blog.edu.turku.fi\/paaskyvuori\/opetus\/tukiopetus\/","title":{"rendered":"TUKIOPETUS"},"content":{"rendered":"<p>Oppilas on oikeutettu tukiopetukseen, jos ongelmia oppimisessa ilmenee tai oppilas joutuu sairauden takia olemaan pois koulusta; tukiopetus voi olla my\u00f6s ennaltaehk\u00e4isev\u00e4\u00e4. Aloite tukiopetukseen tulee oppilaan, opettajan tai huoltajan taholta. Tukiopetusta annetaan ensisijaisesti oppituntien ulkopuolella ja sit\u00e4 voi saada my\u00f6s muulta kuin omalta opettajalta.<\/p>\n<p>Lomamatkan takia tekem\u00e4tt\u00e4 j\u00e4\u00e4neet kouluteht\u00e4v\u00e4t ovat\u00a0huoltajien vastuulla.<\/p>\n<p>&nbsp;<\/p>\n","protected":false},"excerpt":{"rendered":"<p>Oppilas on oikeutettu tukiopetukseen, jos ongelmia oppimisessa ilmenee tai oppilas joutuu sairauden takia olemaan pois koulusta; tukiopetus voi olla my\u00f6s ennaltaehk\u00e4isev\u00e4\u00e4. Aloite tukiopetukseen tulee oppilaan, opettajan tai huoltajan taholta. Tukiopetusta annetaan ensisijaisesti oppituntien ulkopuolella ja sit\u00e4 voi saada my\u00f6s muulta kuin omalta opettajalta. Lomamatkan takia tekem\u00e4tt\u00e4 j\u00e4\u00e4neet kouluteht\u00e4v\u00e4t ovat\u00a0huoltajien vastuulla. &nbsp;<\/p>\n","protected":false},"author":82,"featured_media":0,"parent":17,"menu_order":5,"comment_status":"closed","ping_status":"closed","template":"","meta":{"footnotes":""},"class_list":["post-44","page","type-page","status-publish","hentry"],"_links":{"self":[{"href":"https:\/\/blog.edu.turku.fi\/paaskyvuori\/wp-json\/wp\/v2\/pages\/44","targetHints":{"allow":["GET"]}}],"collection":[{"href":"https:\/\/blog.edu.turku.fi\/paaskyvuori\/wp-json\/wp\/v2\/pages"}],"about":[{"href":"https:\/\/blog.edu.turku.fi\/paaskyvuori\/wp-json\/wp\/v2\/types\/page"}],"author":[{"embeddable":true,"href":"https:\/\/blog.edu.turku.fi\/paaskyvuori\/wp-json\/wp\/v2\/users\/82"}],"replies":[{"embeddable":true,"href":"https:\/\/blog.edu.turku.fi\/paaskyvuori\/wp-json\/wp\/v2\/comments?post=44"}],"version-history":[{"count":6,"href":"https:\/\/blog.edu.turku.fi\/paaskyvuori\/wp-json\/wp\/v2\/pages\/44\/revisions"}],"predecessor-version":[{"id":1142,"href":"https:\/\/blog.edu.turku.fi\/paaskyvuori\/wp-json\/wp\/v2\/pages\/44\/revisions\/1142"}],"up":[{"embeddable":true,"href":"https:\/\/blog.edu.turku.fi\/paaskyvuori\/wp-json\/wp\/v2\/pages\/17"}],"wp:attachment":[{"href":"https:\/\/blog.edu.turku.fi\/paaskyvuori\/wp-json\/wp\/v2\/media?parent=44"}],"curies":[{"name":"wp","href":"https:\/\/api.w.org\/{rel}","templated":true}]}}