{"id":42,"date":"2012-08-15T22:42:32","date_gmt":"2012-08-15T19:42:32","guid":{"rendered":"https:\/\/blog.edu.turku.fi\/paaskyvuori\/?page_id=42"},"modified":"2017-11-10T11:33:02","modified_gmt":"2017-11-10T09:33:02","slug":"poissaolot","status":"publish","type":"page","link":"https:\/\/blog.edu.turku.fi\/paaskyvuori\/opetus\/poissaolot\/","title":{"rendered":"POISSAOLOT"},"content":{"rendered":"<p>Oppilaan poissaolosta huoltaja tekee selvityksen Wilmaan. Jos esim. sairaus jatkuu pitemp\u00e4\u00e4n, on asiasta syyt\u00e4 ilmoittaa opettajalle puhelimitse, s\u00e4hk\u00f6postilla tai WILMA- ohjelman pikaviestill\u00e4, jotta voidaan sopia kouluteht\u00e4vien toimittamisesta.<\/p>\n<p><strong>Poissaoloanomus<\/strong> toimii\u00a0 Wilman kautta.<\/p>\n<p>Valitaan\u00a0Wilmassa <strong>&#8221;Hakemukset ja p\u00e4\u00e4t\u00f6kset&#8221;<\/strong> -sivulta\u00a0 <strong>&#8221;Tee uusi hakemus&#8221;<\/strong> ( l\u00f6ytyy oikeasta yl\u00e4kulmasta).<\/p>\n<p>T\u00e4m\u00e4n j\u00e4lkeen valitaan hakemus:<\/p>\n<p>a) Loma-anomus 1-3 p\u00e4iv\u00e4\u00e4<\/p>\n<p>b) Loma-anomus yli 3 p\u00e4iv\u00e4\u00e4<\/p>\n<p>Hakemukset ovat samanlaisia. Loma-anomus 1-3 p\u00e4iv\u00e4\u00e4 ohjautuu automaattisesti luokanvalvojalle ja loma-anomus yli 3 p\u00e4iv\u00e4\u00e4 l\u00e4htee automaattisesti rehtorille.<\/p>\n<p>Opettaja \/ rehtori tekee p\u00e4\u00e4t\u00f6ksen ja p\u00e4\u00e4t\u00f6s n\u00e4kyy oppilaan Wilmassa<\/p>\n<p>Toivomme, ett\u00e4 perheet sovittavat lomamatkansa koulun loma-aikoihin.<\/p>\n","protected":false},"excerpt":{"rendered":"<p>Oppilaan poissaolosta huoltaja tekee selvityksen Wilmaan. Jos esim. sairaus jatkuu pitemp\u00e4\u00e4n, on asiasta syyt\u00e4 ilmoittaa opettajalle puhelimitse, s\u00e4hk\u00f6postilla tai WILMA- ohjelman pikaviestill\u00e4, jotta voidaan sopia kouluteht\u00e4vien toimittamisesta. Poissaoloanomus toimii\u00a0 Wilman kautta. Valitaan\u00a0Wilmassa &#8221;Hakemukset ja p\u00e4\u00e4t\u00f6kset&#8221; -sivulta\u00a0 &#8221;Tee uusi hakemus&#8221; ( l\u00f6ytyy oikeasta yl\u00e4kulmasta). T\u00e4m\u00e4n j\u00e4lkeen valitaan hakemus: a) Loma-anomus 1-3 p\u00e4iv\u00e4\u00e4 b) Loma-anomus yli 3 &hellip; <a href=\"https:\/\/blog.edu.turku.fi\/paaskyvuori\/opetus\/poissaolot\/\" class=\"more-link\">Jatka lukemista<span class=\"screen-reader-text\"> &#8221;POISSAOLOT&#8221;<\/span><\/a><\/p>\n","protected":false},"author":82,"featured_media":0,"parent":17,"menu_order":4,"comment_status":"closed","ping_status":"closed","template":"","meta":{"footnotes":""},"class_list":["post-42","page","type-page","status-publish","hentry"],"_links":{"self":[{"href":"https:\/\/blog.edu.turku.fi\/paaskyvuori\/wp-json\/wp\/v2\/pages\/42","targetHints":{"allow":["GET"]}}],"collection":[{"href":"https:\/\/blog.edu.turku.fi\/paaskyvuori\/wp-json\/wp\/v2\/pages"}],"about":[{"href":"https:\/\/blog.edu.turku.fi\/paaskyvuori\/wp-json\/wp\/v2\/types\/page"}],"author":[{"embeddable":true,"href":"https:\/\/blog.edu.turku.fi\/paaskyvuori\/wp-json\/wp\/v2\/users\/82"}],"replies":[{"embeddable":true,"href":"https:\/\/blog.edu.turku.fi\/paaskyvuori\/wp-json\/wp\/v2\/comments?post=42"}],"version-history":[{"count":11,"href":"https:\/\/blog.edu.turku.fi\/paaskyvuori\/wp-json\/wp\/v2\/pages\/42\/revisions"}],"predecessor-version":[{"id":1136,"href":"https:\/\/blog.edu.turku.fi\/paaskyvuori\/wp-json\/wp\/v2\/pages\/42\/revisions\/1136"}],"up":[{"embeddable":true,"href":"https:\/\/blog.edu.turku.fi\/paaskyvuori\/wp-json\/wp\/v2\/pages\/17"}],"wp:attachment":[{"href":"https:\/\/blog.edu.turku.fi\/paaskyvuori\/wp-json\/wp\/v2\/media?parent=42"}],"curies":[{"name":"wp","href":"https:\/\/api.w.org\/{rel}","templated":true}]}}