{"id":38,"date":"2012-08-15T22:41:24","date_gmt":"2012-08-15T19:41:24","guid":{"rendered":"https:\/\/blog.edu.turku.fi\/paaskyvuori\/?page_id=38"},"modified":"2025-08-13T13:55:34","modified_gmt":"2025-08-13T10:55:34","slug":"ohjeita-oppilaille","status":"publish","type":"page","link":"https:\/\/blog.edu.turku.fi\/paaskyvuori\/opetus\/ohjeita-oppilaille\/","title":{"rendered":"P\u00c4\u00c4SKYVUOREN KOULUN J\u00c4RJESTYSS\u00c4\u00c4NN\u00d6T"},"content":{"rendered":"<p><strong>P\u00e4\u00e4skyvuoren koulun j\u00e4rjestyss\u00e4\u00e4nn\u00f6t<\/strong><\/p>\n<p>Huom. Mobiililaiteiden k\u00e4ytt\u00f6 on kielletty koulup\u00e4iv\u00e4n aikana. Kaikki mobiililaitteet laitetaan reppuun ennen kuin astutaan koulun pihaan.<\/p>\n<ol style=\"direction: ltr;margin-top: 0in;margin-bottom: 0in;font-family: Calibri;font-size: 11.0pt;font-weight: normal;font-style: normal\" type=\"1\">\n<li style=\"margin-top: 0;margin-bottom: 0;vertical-align: middle\" value=\"1\"><span style=\"font-family: Arial;font-size: 11.0pt;font-weight: normal;font-style: normal\">K\u00e4ytt\u00e4ydy hyvin ja ole kohtelias.<\/span><\/li>\n<li style=\"margin-top: 0;margin-bottom: 0;vertical-align: middle\"><span style=\"font-family: Arial;font-size: 11.0pt\">Tule kouluun ajoissa.<\/span><\/li>\n<li style=\"margin-top: 0;margin-bottom: 0;vertical-align: middle\"><span style=\"font-family: Arial;font-size: 11.0pt\">J\u00e4t\u00e4 kulkuv\u00e4line telineeseen.<\/span><\/li>\n<li style=\"margin-top: 0;margin-bottom: 0;vertical-align: middle\"><span style=\"font-family: Arial;font-size: 11.0pt\">Odota ennen sis\u00e4lle tuloa oman luokkasi jonossa.<\/span><\/li>\n<li style=\"margin-top: 0;margin-bottom: 0;vertical-align: middle\"><span style=\"font-family: Arial;font-size: 11.0pt\">J\u00e4t\u00e4 ulkovaatteet ja jalkineet naulakkoon.<\/span><\/li>\n<li style=\"margin-top: 0;margin-bottom: 0;vertical-align: middle\"><span style=\"font-family: Arial;font-size: 11.0pt\">Ole rauhallinen sis\u00e4tiloissa.<\/span><\/li>\n<li style=\"margin-top: 0;margin-bottom: 0;vertical-align: middle\"><span style=\"font-family: Arial;font-size: 11.0pt\">Pid\u00e4 k\u00e4nnykk\u00e4 repussa \u00e4\u00e4nett\u00f6m\u00e4ll\u00e4.<\/span><\/li>\n<li style=\"margin-top: 0;margin-bottom: 0;vertical-align: middle\"><span style=\"font-family: Arial;font-size: 11.0pt\">Noudata aikuisten ohjeita. Pyyd\u00e4 apua tarvittaessa.<\/span><\/li>\n<li style=\"margin-top: 0;margin-bottom: 0;vertical-align: middle\"><span style=\"font-family: Arial;font-size: 11.0pt\">Tee teht\u00e4v\u00e4t huolellisesti ja anna ty\u00f6rauha muille.<\/span><\/li>\n<li style=\"margin-top: 0;margin-bottom: 0;vertical-align: middle\"><span style=\"font-family: Arial;font-size: 11.0pt\">Huolehdi ymp\u00e4rist\u00f6n siisteydest\u00e4.<\/span><\/li>\n<li style=\"margin-top: 0;margin-bottom: 0;vertical-align: middle\"><span style=\"font-family: Arial;font-size: 11.0pt\">Huolehdi yhteisist\u00e4 tavaroista.<\/span><\/li>\n<li style=\"margin-top: 0;margin-bottom: 0;vertical-align: middle\"><span style=\"font-family: Arial;font-size: 11.0pt\">Kulje ruokailuun jonossa. Noudata hyvi\u00e4 ruokailutapoja.<\/span><\/li>\n<li style=\"margin-top: 0;margin-bottom: 0;vertical-align: middle\"><span style=\"font-family: Arial;font-size: 11.0pt\">Pysy v\u00e4lituntialueella. Noudata yhteisi\u00e4 v\u00e4lituntis\u00e4\u00e4nt\u00f6j\u00e4.<\/span><\/li>\n<li style=\"margin-top: 0;margin-bottom: 0;vertical-align: middle\"><span style=\"font-family: Arial;font-size: 11.0pt\">\u00c4l\u00e4 koske toisen omaisuuteen ilman lupaa. Olet velvollinen korvaamaan aiheuttamasi vahingon.<\/span><\/li>\n<li style=\"margin-top: 0;margin-bottom: 0;vertical-align: middle\"><span style=\"font-family: Arial;font-size: 11.0pt\">Huolehdi omasta ja toisten turvallisuudesta.<\/span><\/li>\n<li style=\"margin-top: 0;margin-bottom: 0;vertical-align: middle\"><span style=\"font-family: Arial;font-size: 11.0pt\">Ole yst\u00e4v\u00e4llinen kaikille. \u00c4l\u00e4 kiusaa.<\/span><\/li>\n<\/ol>\n<p>&nbsp;<\/p>\n","protected":false},"excerpt":{"rendered":"<p>P\u00e4\u00e4skyvuoren koulun j\u00e4rjestyss\u00e4\u00e4nn\u00f6t Huom. Mobiililaiteiden k\u00e4ytt\u00f6 on kielletty koulup\u00e4iv\u00e4n aikana. Kaikki mobiililaitteet laitetaan reppuun ennen kuin astutaan koulun pihaan. K\u00e4ytt\u00e4ydy hyvin ja ole kohtelias. Tule kouluun ajoissa. J\u00e4t\u00e4 kulkuv\u00e4line telineeseen. Odota ennen sis\u00e4lle tuloa oman luokkasi jonossa. J\u00e4t\u00e4 ulkovaatteet ja jalkineet naulakkoon. Ole rauhallinen sis\u00e4tiloissa. Pid\u00e4 k\u00e4nnykk\u00e4 repussa \u00e4\u00e4nett\u00f6m\u00e4ll\u00e4. Noudata aikuisten ohjeita. Pyyd\u00e4 apua tarvittaessa. &hellip; <a href=\"https:\/\/blog.edu.turku.fi\/paaskyvuori\/opetus\/ohjeita-oppilaille\/\" class=\"more-link\">Jatka lukemista<span class=\"screen-reader-text\"> &#8221;P\u00c4\u00c4SKYVUOREN KOULUN J\u00c4RJESTYSS\u00c4\u00c4NN\u00d6T&#8221;<\/span><\/a><\/p>\n","protected":false},"author":82,"featured_media":0,"parent":17,"menu_order":2,"comment_status":"closed","ping_status":"closed","template":"","meta":{"footnotes":""},"class_list":["post-38","page","type-page","status-publish","hentry"],"_links":{"self":[{"href":"https:\/\/blog.edu.turku.fi\/paaskyvuori\/wp-json\/wp\/v2\/pages\/38","targetHints":{"allow":["GET"]}}],"collection":[{"href":"https:\/\/blog.edu.turku.fi\/paaskyvuori\/wp-json\/wp\/v2\/pages"}],"about":[{"href":"https:\/\/blog.edu.turku.fi\/paaskyvuori\/wp-json\/wp\/v2\/types\/page"}],"author":[{"embeddable":true,"href":"https:\/\/blog.edu.turku.fi\/paaskyvuori\/wp-json\/wp\/v2\/users\/82"}],"replies":[{"embeddable":true,"href":"https:\/\/blog.edu.turku.fi\/paaskyvuori\/wp-json\/wp\/v2\/comments?post=38"}],"version-history":[{"count":9,"href":"https:\/\/blog.edu.turku.fi\/paaskyvuori\/wp-json\/wp\/v2\/pages\/38\/revisions"}],"predecessor-version":[{"id":1509,"href":"https:\/\/blog.edu.turku.fi\/paaskyvuori\/wp-json\/wp\/v2\/pages\/38\/revisions\/1509"}],"up":[{"embeddable":true,"href":"https:\/\/blog.edu.turku.fi\/paaskyvuori\/wp-json\/wp\/v2\/pages\/17"}],"wp:attachment":[{"href":"https:\/\/blog.edu.turku.fi\/paaskyvuori\/wp-json\/wp\/v2\/media?parent=38"}],"curies":[{"name":"wp","href":"https:\/\/api.w.org\/{rel}","templated":true}]}}