{"id":34,"date":"2012-08-15T22:40:10","date_gmt":"2012-08-15T19:40:10","guid":{"rendered":"https:\/\/blog.edu.turku.fi\/paaskyvuori\/?page_id=34"},"modified":"2017-11-10T12:00:56","modified_gmt":"2017-11-10T10:00:56","slug":"kouluun-unohtuneet-tavarat","status":"publish","type":"page","link":"https:\/\/blog.edu.turku.fi\/paaskyvuori\/yleista\/kouluun-unohtuneet-tavarat\/","title":{"rendered":"KOULUUN UNOHTUNEET TAVARAT"},"content":{"rendered":"<p>Kouluun j\u00e4\u00e4 naulakoihin, pihalle ja liikuntapaikkoihin paljon oppilaiden tavaroita. Tavarat siirret\u00e4\u00e4n koulun l\u00f6yt\u00f6tavaroihin, joista oppilaat\/huoltajat voivat k\u00e4yd\u00e4 etsim\u00e4ss\u00e4 kadonneita tavaroitaan.<\/p>\n<p>&nbsp;<\/p>\n","protected":false},"excerpt":{"rendered":"<p>Kouluun j\u00e4\u00e4 naulakoihin, pihalle ja liikuntapaikkoihin paljon oppilaiden tavaroita. Tavarat siirret\u00e4\u00e4n koulun l\u00f6yt\u00f6tavaroihin, joista oppilaat\/huoltajat voivat k\u00e4yd\u00e4 etsim\u00e4ss\u00e4 kadonneita tavaroitaan. &nbsp;<\/p>\n","protected":false},"author":82,"featured_media":0,"parent":19,"menu_order":4,"comment_status":"closed","ping_status":"closed","template":"","meta":{"footnotes":""},"class_list":["post-34","page","type-page","status-publish","hentry"],"_links":{"self":[{"href":"https:\/\/blog.edu.turku.fi\/paaskyvuori\/wp-json\/wp\/v2\/pages\/34","targetHints":{"allow":["GET"]}}],"collection":[{"href":"https:\/\/blog.edu.turku.fi\/paaskyvuori\/wp-json\/wp\/v2\/pages"}],"about":[{"href":"https:\/\/blog.edu.turku.fi\/paaskyvuori\/wp-json\/wp\/v2\/types\/page"}],"author":[{"embeddable":true,"href":"https:\/\/blog.edu.turku.fi\/paaskyvuori\/wp-json\/wp\/v2\/users\/82"}],"replies":[{"embeddable":true,"href":"https:\/\/blog.edu.turku.fi\/paaskyvuori\/wp-json\/wp\/v2\/comments?post=34"}],"version-history":[{"count":5,"href":"https:\/\/blog.edu.turku.fi\/paaskyvuori\/wp-json\/wp\/v2\/pages\/34\/revisions"}],"predecessor-version":[{"id":1145,"href":"https:\/\/blog.edu.turku.fi\/paaskyvuori\/wp-json\/wp\/v2\/pages\/34\/revisions\/1145"}],"up":[{"embeddable":true,"href":"https:\/\/blog.edu.turku.fi\/paaskyvuori\/wp-json\/wp\/v2\/pages\/19"}],"wp:attachment":[{"href":"https:\/\/blog.edu.turku.fi\/paaskyvuori\/wp-json\/wp\/v2\/media?parent=34"}],"curies":[{"name":"wp","href":"https:\/\/api.w.org\/{rel}","templated":true}]}}