{"id":32,"date":"2012-08-15T22:39:45","date_gmt":"2012-08-15T19:39:45","guid":{"rendered":"https:\/\/blog.edu.turku.fi\/paaskyvuori\/?page_id=32"},"modified":"2012-08-15T23:08:27","modified_gmt":"2012-08-15T20:08:27","slug":"pukeutuminen","status":"publish","type":"page","link":"https:\/\/blog.edu.turku.fi\/paaskyvuori\/yleista\/pukeutuminen\/","title":{"rendered":"PUKEUTUMINEN"},"content":{"rendered":"<p>Ilmojen kylmetess\u00e4 koulu haluaa muistuttaa s\u00e4\u00e4nmukaisen pukeutumisen t\u00e4rkeydest\u00e4. Jokaisella oppilaalla tulee olla sopiva varustus my\u00f6s sateen sattuessa. Luokissa ei olla ulkokengiss\u00e4. T\u00e4rke\u00e4\u00e4 on nimikoida kaikki takit, lakit,\u00a0jalkineet. sek\u00e4 liikuntavarusteet. \u00a0Erityisen t\u00e4rke\u00e4\u00e4 on asiallinen pukeutuminen liikuntatunneilla.<\/p>\n","protected":false},"excerpt":{"rendered":"<p>Ilmojen kylmetess\u00e4 koulu haluaa muistuttaa s\u00e4\u00e4nmukaisen pukeutumisen t\u00e4rkeydest\u00e4. Jokaisella oppilaalla tulee olla sopiva varustus my\u00f6s sateen sattuessa. Luokissa ei olla ulkokengiss\u00e4. T\u00e4rke\u00e4\u00e4 on nimikoida kaikki takit, lakit,\u00a0jalkineet. sek\u00e4 liikuntavarusteet. \u00a0Erityisen t\u00e4rke\u00e4\u00e4 on asiallinen pukeutuminen liikuntatunneilla.<\/p>\n","protected":false},"author":82,"featured_media":0,"parent":19,"menu_order":3,"comment_status":"closed","ping_status":"closed","template":"","meta":{"footnotes":""},"class_list":["post-32","page","type-page","status-publish","hentry"],"_links":{"self":[{"href":"https:\/\/blog.edu.turku.fi\/paaskyvuori\/wp-json\/wp\/v2\/pages\/32","targetHints":{"allow":["GET"]}}],"collection":[{"href":"https:\/\/blog.edu.turku.fi\/paaskyvuori\/wp-json\/wp\/v2\/pages"}],"about":[{"href":"https:\/\/blog.edu.turku.fi\/paaskyvuori\/wp-json\/wp\/v2\/types\/page"}],"author":[{"embeddable":true,"href":"https:\/\/blog.edu.turku.fi\/paaskyvuori\/wp-json\/wp\/v2\/users\/82"}],"replies":[{"embeddable":true,"href":"https:\/\/blog.edu.turku.fi\/paaskyvuori\/wp-json\/wp\/v2\/comments?post=32"}],"version-history":[{"count":2,"href":"https:\/\/blog.edu.turku.fi\/paaskyvuori\/wp-json\/wp\/v2\/pages\/32\/revisions"}],"predecessor-version":[{"id":60,"href":"https:\/\/blog.edu.turku.fi\/paaskyvuori\/wp-json\/wp\/v2\/pages\/32\/revisions\/60"}],"up":[{"embeddable":true,"href":"https:\/\/blog.edu.turku.fi\/paaskyvuori\/wp-json\/wp\/v2\/pages\/19"}],"wp:attachment":[{"href":"https:\/\/blog.edu.turku.fi\/paaskyvuori\/wp-json\/wp\/v2\/media?parent=32"}],"curies":[{"name":"wp","href":"https:\/\/api.w.org\/{rel}","templated":true}]}}