{"id":30,"date":"2012-08-15T22:39:21","date_gmt":"2012-08-15T19:39:21","guid":{"rendered":"https:\/\/blog.edu.turku.fi\/paaskyvuori\/?page_id=30"},"modified":"2014-04-02T12:56:47","modified_gmt":"2014-04-02T09:56:47","slug":"koulumatkat","status":"publish","type":"page","link":"https:\/\/blog.edu.turku.fi\/paaskyvuori\/yleista\/koulumatkat\/","title":{"rendered":"KOULUMATKAT"},"content":{"rendered":"<p>Koulumatkat ovat huoltajien vastuulla. Koulumatka tulee suorittaa lyhyint\u00e4 ja turvallisinta tiet\u00e4. Littoistentien ylikulkusilta on tarkoitettu koululaisten k\u00e4ytt\u00f6\u00f6n. Yl\u00e4pihalle saa kulkea kent\u00e4n kautta.<\/p>\n<p>Koulussa opetetaan ja kerrataan liikennes\u00e4\u00e4nt\u00f6j\u00e4, mutta kotona vanhempien opastuksella on viel\u00e4 k\u00e4yt\u00e4v\u00e4 l\u00e4pi seuraavia asioita:<br \/>\n&#8211; jalankulkija ja py\u00f6r\u00e4ilij\u00e4 liikenteess\u00e4<br \/>\n&#8211; linja-autossa matkustaminen<\/p>\n<p><strong>Oppilaiden kulkeminen polkupy\u00f6r\u00e4ll\u00e4<br \/>\n<\/strong>Koulun suositus \u00a0on, ett\u00e4 vasta 3. luokalta l\u00e4htien oppilaat kulkisivat koulumatkansa py\u00f6r\u00e4illen. Lain-s\u00e4\u00e4d\u00e4nt\u00f6mme mukaan polkupy\u00f6r\u00e4ilij\u00e4n on k\u00e4ytett\u00e4v\u00e4 asianmukaista suojakyp\u00e4r\u00e4\u00e4., ja t\u00e4t\u00e4 lakia noudatamme my\u00f6s koulun retkill\u00e4 py\u00f6r\u00e4ilt\u00e4ess\u00e4.\u00a0Oppilaiden tulee j\u00e4tt\u00e4\u00e4\u00a0polkupy\u00f6r\u00e4ns\u00e4 Talvitien ja koulurakennuksen v\u00e4liselle nurmikkoalueelle. Koulu suosittelee lukitsemaan polkupy\u00f6r\u00e4t huolellisesti koulup\u00e4ivien ajaksi.<\/p>\n<p><strong>Oppilaiden kuljetus omalla autolla<\/strong><br \/>\n<em>Koulu edellytt\u00e4\u00e4, ett\u00e4 lapset j\u00e4tet\u00e4\u00e4n autosta Talvitielle portaiden l\u00e4helle, eik\u00e4 koulun ajoradan p\u00e4\u00e4h\u00e4n tai koulun pihalle.<br \/>\n<\/em>Koulun pihalla on pys\u00e4k\u00f6inti kielletty muilta kuin henkil\u00f6kuntaan kuuluvilta vuorokauden ymp\u00e4ri. Koulun juhlien ja vanhempainiltojen aikana saatetaan poiketa n\u00e4ist\u00e4 m\u00e4\u00e4r\u00e4yksist\u00e4.<\/p>\n","protected":false},"excerpt":{"rendered":"<p>Koulumatkat ovat huoltajien vastuulla. Koulumatka tulee suorittaa lyhyint\u00e4 ja turvallisinta tiet\u00e4. Littoistentien ylikulkusilta on tarkoitettu koululaisten k\u00e4ytt\u00f6\u00f6n. Yl\u00e4pihalle saa kulkea kent\u00e4n kautta. Koulussa opetetaan ja kerrataan liikennes\u00e4\u00e4nt\u00f6j\u00e4, mutta kotona vanhempien opastuksella on viel\u00e4 k\u00e4yt\u00e4v\u00e4 l\u00e4pi seuraavia asioita: &#8211; jalankulkija ja py\u00f6r\u00e4ilij\u00e4 liikenteess\u00e4 &#8211; linja-autossa matkustaminen Oppilaiden kulkeminen polkupy\u00f6r\u00e4ll\u00e4 Koulun suositus \u00a0on, ett\u00e4 vasta 3. luokalta &hellip; <a href=\"https:\/\/blog.edu.turku.fi\/paaskyvuori\/yleista\/koulumatkat\/\" class=\"more-link\">Jatka lukemista<span class=\"screen-reader-text\"> &#8221;KOULUMATKAT&#8221;<\/span><\/a><\/p>\n","protected":false},"author":82,"featured_media":0,"parent":19,"menu_order":2,"comment_status":"closed","ping_status":"closed","template":"","meta":{"footnotes":""},"class_list":["post-30","page","type-page","status-publish","hentry"],"_links":{"self":[{"href":"https:\/\/blog.edu.turku.fi\/paaskyvuori\/wp-json\/wp\/v2\/pages\/30","targetHints":{"allow":["GET"]}}],"collection":[{"href":"https:\/\/blog.edu.turku.fi\/paaskyvuori\/wp-json\/wp\/v2\/pages"}],"about":[{"href":"https:\/\/blog.edu.turku.fi\/paaskyvuori\/wp-json\/wp\/v2\/types\/page"}],"author":[{"embeddable":true,"href":"https:\/\/blog.edu.turku.fi\/paaskyvuori\/wp-json\/wp\/v2\/users\/82"}],"replies":[{"embeddable":true,"href":"https:\/\/blog.edu.turku.fi\/paaskyvuori\/wp-json\/wp\/v2\/comments?post=30"}],"version-history":[{"count":5,"href":"https:\/\/blog.edu.turku.fi\/paaskyvuori\/wp-json\/wp\/v2\/pages\/30\/revisions"}],"predecessor-version":[{"id":669,"href":"https:\/\/blog.edu.turku.fi\/paaskyvuori\/wp-json\/wp\/v2\/pages\/30\/revisions\/669"}],"up":[{"embeddable":true,"href":"https:\/\/blog.edu.turku.fi\/paaskyvuori\/wp-json\/wp\/v2\/pages\/19"}],"wp:attachment":[{"href":"https:\/\/blog.edu.turku.fi\/paaskyvuori\/wp-json\/wp\/v2\/media?parent=30"}],"curies":[{"name":"wp","href":"https:\/\/api.w.org\/{rel}","templated":true}]}}