{"id":25,"date":"2012-08-15T22:37:02","date_gmt":"2012-08-15T19:37:02","guid":{"rendered":"https:\/\/blog.edu.turku.fi\/paaskyvuori\/?page_id=25"},"modified":"2025-08-13T13:24:11","modified_gmt":"2025-08-13T10:24:11","slug":"koulun-muun-henkiloston-yhteystiedot","status":"publish","type":"page","link":"https:\/\/blog.edu.turku.fi\/paaskyvuori\/yhteystiedot\/koulun-muun-henkiloston-yhteystiedot\/","title":{"rendered":"KOULUN MUUN HENKIL\u00d6ST\u00d6N YHTEYSTIEDOT"},"content":{"rendered":"<p>&nbsp;<\/p>\n<p>rehtori Assi Koskelainen 044 907 3640<br \/>\nvararehtorit Jenni Julkunen 040 1689 319 ja Mia Ruuskanen 040 568 7663<br \/>\ns\u00e4hk\u00f6postiosoite muotoa <em>etunimi.sukunimi@edu.turku.fi<\/em><\/p>\n<p>koulusihteeri Tuuli Heino-Carpenter 040 094 4562<br \/>\ns\u00e4hk\u00f6postiosoite muotoa <em>etunimi.sukunimi@edu.turku.fi<\/em><br \/>\n(koululla maanantaisin, keskiviikkoisin ja perjantaisin)<\/p>\n<p>&nbsp;<\/p>\n<p>terveydenhoitaja Pia M\u00e4kel\u00e4 040 634 2383<br \/>\ns\u00e4hk\u00f6postiosoite muotoa <em>etunimi.sukunimi@varha.fi<\/em><br \/>\n(koululla ma-pe)<\/p>\n<p>koulupsykologi Nella Erke 044 7881 720<br \/>\ns\u00e4hk\u00f6postiosoite muotoa <em>etunimi.sukunimi@varha.fi<\/em><br \/>\n(koululla ma-pe)<\/p>\n<p>koulukuraattori Outi Leskinen 044 907 5075<br \/>\ns\u00e4hk\u00f6postiosoite muotoa <em>etunimi.sukunimi@varha.fi<\/em><br \/>\n(koululla ma-pe)<\/p>\n<p>psykiatrinen sairaanhoitaja Claire Bell 040 615 2904<br \/>\ns\u00e4hk\u00f6postiosoite muotoa <em>etunimi.sukunimi@varha.fi<\/em><\/p>\n<p>&nbsp;<\/p>\n<p>keitti\u00f6n vastaava 040 661 4973<\/p>\n<p>iltap\u00e4iv\u00e4toiminta 1.-luokkalaiset (Martat) <span class=\"baec5a81-e4d6-4674-97f3-e9220f0136c1\">040 834 0521<br \/>\n<\/span>iltap\u00e4iv\u00e4toiminta 2.-luokkalaiset (Turun kaupunki) 044 907 2996<\/p>\n<p>kiinteist\u00f6nhoitaja p\u00e4\u00e4rakennnus: 044 907 2509<br \/>\nkiinteist\u00f6nhoitaja tilaelementti: 0401524700<\/p>\n<p>&nbsp;<\/p>\n<p>&nbsp;<\/p>\n","protected":false},"excerpt":{"rendered":"<p>&nbsp; rehtori Assi Koskelainen 044 907 3640 vararehtorit Jenni Julkunen 040 1689 319 ja Mia Ruuskanen 040 568 7663 s\u00e4hk\u00f6postiosoite muotoa etunimi.sukunimi@edu.turku.fi koulusihteeri Tuuli Heino-Carpenter 040 094 4562 s\u00e4hk\u00f6postiosoite muotoa etunimi.sukunimi@edu.turku.fi (koululla maanantaisin, keskiviikkoisin ja perjantaisin) &nbsp; terveydenhoitaja Pia M\u00e4kel\u00e4 040 634 2383 s\u00e4hk\u00f6postiosoite muotoa etunimi.sukunimi@varha.fi (koululla ma-pe) koulupsykologi Nella Erke 044 7881 720 s\u00e4hk\u00f6postiosoite &hellip; <a href=\"https:\/\/blog.edu.turku.fi\/paaskyvuori\/yhteystiedot\/koulun-muun-henkiloston-yhteystiedot\/\" class=\"more-link\">Jatka lukemista<span class=\"screen-reader-text\"> &#8221;KOULUN MUUN HENKIL\u00d6ST\u00d6N YHTEYSTIEDOT&#8221;<\/span><\/a><\/p>\n","protected":false},"author":82,"featured_media":0,"parent":13,"menu_order":2,"comment_status":"closed","ping_status":"closed","template":"","meta":{"footnotes":""},"class_list":["post-25","page","type-page","status-publish","hentry"],"_links":{"self":[{"href":"https:\/\/blog.edu.turku.fi\/paaskyvuori\/wp-json\/wp\/v2\/pages\/25","targetHints":{"allow":["GET"]}}],"collection":[{"href":"https:\/\/blog.edu.turku.fi\/paaskyvuori\/wp-json\/wp\/v2\/pages"}],"about":[{"href":"https:\/\/blog.edu.turku.fi\/paaskyvuori\/wp-json\/wp\/v2\/types\/page"}],"author":[{"embeddable":true,"href":"https:\/\/blog.edu.turku.fi\/paaskyvuori\/wp-json\/wp\/v2\/users\/82"}],"replies":[{"embeddable":true,"href":"https:\/\/blog.edu.turku.fi\/paaskyvuori\/wp-json\/wp\/v2\/comments?post=25"}],"version-history":[{"count":75,"href":"https:\/\/blog.edu.turku.fi\/paaskyvuori\/wp-json\/wp\/v2\/pages\/25\/revisions"}],"predecessor-version":[{"id":1504,"href":"https:\/\/blog.edu.turku.fi\/paaskyvuori\/wp-json\/wp\/v2\/pages\/25\/revisions\/1504"}],"up":[{"embeddable":true,"href":"https:\/\/blog.edu.turku.fi\/paaskyvuori\/wp-json\/wp\/v2\/pages\/13"}],"wp:attachment":[{"href":"https:\/\/blog.edu.turku.fi\/paaskyvuori\/wp-json\/wp\/v2\/media?parent=25"}],"curies":[{"name":"wp","href":"https:\/\/api.w.org\/{rel}","templated":true}]}}