{"id":23,"date":"2012-08-15T22:36:28","date_gmt":"2012-08-15T19:36:28","guid":{"rendered":"https:\/\/blog.edu.turku.fi\/paaskyvuori\/?page_id=23"},"modified":"2025-08-13T09:28:58","modified_gmt":"2025-08-13T06:28:58","slug":"opettajien-yhteystiedot","status":"publish","type":"page","link":"https:\/\/blog.edu.turku.fi\/paaskyvuori\/yhteystiedot\/opettajien-yhteystiedot\/","title":{"rendered":"OPETUSHENKIL\u00d6ST\u00d6N YHTEYSTIEDOT"},"content":{"rendered":"<p><strong>Henkil\u00f6kunnan tavoittaa parhaiten:<\/strong><br \/>\n<em>&#8211; Wilma- pikaviestin avulla.<\/em><br \/>\n<em>&#8211; Soittamalla tai l\u00e4hett\u00e4m\u00e4ll\u00e4 tekstiviestin opettajan ty\u00f6puhelimeen. (Opettajien ja ohjaajien puhelinnumerot l\u00f6ytyv\u00e4t Wilmasta.)<\/em><em><br \/>\n<\/em><\/p>\n<p><strong>Lukuvuosi 2025-2026<\/strong><\/p>\n<p>1a\u00a0Mirva Soukka<br \/>\n1b\u00a0Eetu Jokinen<br \/>\n1c\u00a0Eveliina Lehtonen<br \/>\n1d\u00a0Karoliina Peltoniemi<\/p>\n<p>2a\u00a0Sanna Laur\u00e9n<br \/>\n2b\u00a0Jenni Julkunen<br \/>\n2c\u00a0Jenni Sahonen-R\u00e4ty<br \/>\n2d\u00a0Heidi Aulio<\/p>\n<p>3a\u00a0Katariina Asikainen<br \/>\n3b\u00a0Pasi Pentik\u00e4inen<br \/>\n3c\u00a0Ville Hirvonen<br \/>\n3d\u00a0Virika Varvikko<\/p>\n<p>4a\u00a0Juha Antikainen<br \/>\n4b\u00a0Mari Lahti<br \/>\n4c\u00a0Tero Julkunen<\/p>\n<p>5a\u00a0Sanna Holopainen<br \/>\n5b\u00a0Laura Johansson<br \/>\n5c\u00a0Tuomo Harju<br \/>\n5d\u00a0Venla Laiho<\/p>\n<p>6a\u00a0Aatu Vehosmaa<br \/>\n6b\u00a0Heimo Hedborg<br \/>\n6c\u00a0Anette Virtamo ja\u00a0Ella Silfvenius<\/p>\n<p>1-2:<br \/>\nerityisopetus: Hanna Anttila<br \/>\npr: Emmi Nummela ja Minna Valu<br \/>\nkietu\/stk:\u00a0 Terhi J\u00e4rnstedt<\/p>\n<p>3-4:<br \/>\nerityisopetus: Marianne Lindstedt<br \/>\npr: Mia Ruuskanen ja Jenni Sainio<br \/>\nkietu\/stk: Anna Vesterinen<\/p>\n<p>5-6:<br \/>\nerityisopetus: Satu Sepp\u00e4l\u00e4<br \/>\npr: Kaisa Helminen ja Sonja Suomensalo<br \/>\nkietu\/stk: Susanna Kivipelto<\/p>\n<p>valmo: Lotta Haaristo ja Heli Lapatonniemi<br \/>\nislam: Pirjo Jansson<\/p>\n<p><strong>koulunk\u00e4ynninohjaajat\u00a0<\/strong><br \/>\n1.lk Veera M\u00e4ki ja Ilona Haapasalo<br \/>\n2.lk Emilia Toivonen ja Kerttu Nummenmaa<br \/>\n3.lk Anna Lahti ja Maija M\u00e4enp\u00e4\u00e4<br \/>\n4.lk Tytti Kilkki<br \/>\n5.lk Bahar Mamandi<br \/>\n6.lk Jesse Linden<br \/>\nvalmo Manjula Radhakrishnan ja Nino Auranen<\/p>\n<p>Henkil\u00f6kunnan s\u00e4hk\u00f6postiosoitteet ovat muotoa <em>etunimi.sukunimi@edu.turku.fi\u00a0 <\/em><br \/>\nPoikkeuksena eveliina.i.lehtonen.<\/p>\n<p>&nbsp;<\/p>\n","protected":false},"excerpt":{"rendered":"<p>Henkil\u00f6kunnan tavoittaa parhaiten: &#8211; Wilma- pikaviestin avulla. &#8211; Soittamalla tai l\u00e4hett\u00e4m\u00e4ll\u00e4 tekstiviestin opettajan ty\u00f6puhelimeen. (Opettajien ja ohjaajien puhelinnumerot l\u00f6ytyv\u00e4t Wilmasta.) Lukuvuosi 2025-2026 1a\u00a0Mirva Soukka 1b\u00a0Eetu Jokinen 1c\u00a0Eveliina Lehtonen 1d\u00a0Karoliina Peltoniemi 2a\u00a0Sanna Laur\u00e9n 2b\u00a0Jenni Julkunen 2c\u00a0Jenni Sahonen-R\u00e4ty 2d\u00a0Heidi Aulio 3a\u00a0Katariina Asikainen 3b\u00a0Pasi Pentik\u00e4inen 3c\u00a0Ville Hirvonen 3d\u00a0Virika Varvikko 4a\u00a0Juha Antikainen 4b\u00a0Mari Lahti 4c\u00a0Tero Julkunen 5a\u00a0Sanna Holopainen 5b\u00a0Laura &hellip; <a href=\"https:\/\/blog.edu.turku.fi\/paaskyvuori\/yhteystiedot\/opettajien-yhteystiedot\/\" class=\"more-link\">Jatka lukemista<span class=\"screen-reader-text\"> &#8221;OPETUSHENKIL\u00d6ST\u00d6N YHTEYSTIEDOT&#8221;<\/span><\/a><\/p>\n","protected":false},"author":82,"featured_media":0,"parent":13,"menu_order":1,"comment_status":"closed","ping_status":"closed","template":"","meta":{"footnotes":""},"class_list":["post-23","page","type-page","status-publish","hentry"],"_links":{"self":[{"href":"https:\/\/blog.edu.turku.fi\/paaskyvuori\/wp-json\/wp\/v2\/pages\/23","targetHints":{"allow":["GET"]}}],"collection":[{"href":"https:\/\/blog.edu.turku.fi\/paaskyvuori\/wp-json\/wp\/v2\/pages"}],"about":[{"href":"https:\/\/blog.edu.turku.fi\/paaskyvuori\/wp-json\/wp\/v2\/types\/page"}],"author":[{"embeddable":true,"href":"https:\/\/blog.edu.turku.fi\/paaskyvuori\/wp-json\/wp\/v2\/users\/82"}],"replies":[{"embeddable":true,"href":"https:\/\/blog.edu.turku.fi\/paaskyvuori\/wp-json\/wp\/v2\/comments?post=23"}],"version-history":[{"count":83,"href":"https:\/\/blog.edu.turku.fi\/paaskyvuori\/wp-json\/wp\/v2\/pages\/23\/revisions"}],"predecessor-version":[{"id":1503,"href":"https:\/\/blog.edu.turku.fi\/paaskyvuori\/wp-json\/wp\/v2\/pages\/23\/revisions\/1503"}],"up":[{"embeddable":true,"href":"https:\/\/blog.edu.turku.fi\/paaskyvuori\/wp-json\/wp\/v2\/pages\/13"}],"wp:attachment":[{"href":"https:\/\/blog.edu.turku.fi\/paaskyvuori\/wp-json\/wp\/v2\/media?parent=23"}],"curies":[{"name":"wp","href":"https:\/\/api.w.org\/{rel}","templated":true}]}}