{"id":21,"date":"2012-08-15T22:25:51","date_gmt":"2012-08-15T19:25:51","guid":{"rendered":"https:\/\/blog.edu.turku.fi\/paaskyvuori\/?page_id=21"},"modified":"2018-08-08T21:33:18","modified_gmt":"2018-08-08T18:33:18","slug":"lomakkeet","status":"publish","type":"page","link":"https:\/\/blog.edu.turku.fi\/paaskyvuori\/lomakkeet\/","title":{"rendered":"LOMAKKEET"},"content":{"rendered":"<p><a href=\"https:\/\/blog.edu.turku.fi\/paaskyvuori\/files\/2012\/08\/lomapaivakirja-1-2lk.doc\">matkap\u00e4iv\u00e4kirja 1.-2.lk<\/a><br \/>\n<a href=\"https:\/\/blog.edu.turku.fi\/paaskyvuori\/files\/2012\/08\/tutkimusmatkailija_ulkomaat.doc\">matkap\u00e4iv\u00e4kirja 3.-6.lk ulkomaat<\/a><br \/>\n<a href=\"https:\/\/blog.edu.turku.fi\/paaskyvuori\/files\/2012\/08\/tutkimusmatkailija_kotimaa.doc\">matkap\u00e4iv\u00e4kirja 3.-6.lk kotimaa<\/a><\/p>\n<p>&nbsp;<\/p>\n<p>&nbsp;<\/p>\n","protected":false},"excerpt":{"rendered":"<p>matkap\u00e4iv\u00e4kirja 1.-2.lk matkap\u00e4iv\u00e4kirja 3.-6.lk ulkomaat matkap\u00e4iv\u00e4kirja 3.-6.lk kotimaa &nbsp; &nbsp;<\/p>\n","protected":false},"author":82,"featured_media":0,"parent":0,"menu_order":7,"comment_status":"closed","ping_status":"closed","template":"","meta":{"footnotes":""},"class_list":["post-21","page","type-page","status-publish","hentry"],"_links":{"self":[{"href":"https:\/\/blog.edu.turku.fi\/paaskyvuori\/wp-json\/wp\/v2\/pages\/21","targetHints":{"allow":["GET"]}}],"collection":[{"href":"https:\/\/blog.edu.turku.fi\/paaskyvuori\/wp-json\/wp\/v2\/pages"}],"about":[{"href":"https:\/\/blog.edu.turku.fi\/paaskyvuori\/wp-json\/wp\/v2\/types\/page"}],"author":[{"embeddable":true,"href":"https:\/\/blog.edu.turku.fi\/paaskyvuori\/wp-json\/wp\/v2\/users\/82"}],"replies":[{"embeddable":true,"href":"https:\/\/blog.edu.turku.fi\/paaskyvuori\/wp-json\/wp\/v2\/comments?post=21"}],"version-history":[{"count":16,"href":"https:\/\/blog.edu.turku.fi\/paaskyvuori\/wp-json\/wp\/v2\/pages\/21\/revisions"}],"predecessor-version":[{"id":1189,"href":"https:\/\/blog.edu.turku.fi\/paaskyvuori\/wp-json\/wp\/v2\/pages\/21\/revisions\/1189"}],"wp:attachment":[{"href":"https:\/\/blog.edu.turku.fi\/paaskyvuori\/wp-json\/wp\/v2\/media?parent=21"}],"curies":[{"name":"wp","href":"https:\/\/api.w.org\/{rel}","templated":true}]}}