{"id":17,"date":"2012-08-15T22:25:09","date_gmt":"2012-08-15T19:25:09","guid":{"rendered":"https:\/\/blog.edu.turku.fi\/paaskyvuori\/?page_id=17"},"modified":"2014-09-04T13:11:31","modified_gmt":"2014-09-04T10:11:31","slug":"opetus","status":"publish","type":"page","link":"https:\/\/blog.edu.turku.fi\/paaskyvuori\/opetus\/","title":{"rendered":"OPETUS"},"content":{"rendered":"<div>\n<p><em><strong>Tuntijako lukuvuonna 2014-2015<\/strong><\/em><br \/>\nOpetushallituksen antamien opetussuunnitelman perusteiden ja Turun kaupungin opetuslautakunnan tuntijakop\u00e4\u00e4t\u00f6ksen pohjalta koulumme vuosiluokkien tuntim\u00e4\u00e4r\u00e4 eri oppiaineissa on jaettu\u00a0alla olevan taulukon mukaisesti.<\/p>\n<p>Aineenlehtoreita koulussa on musiikissa, englannissa (en- tunteja my\u00f6s luokanopettajilla) sek\u00e4 pienryhm\u00e4opetuksessa\/ osa-aikaisessa erityisopetuksessa<strong>. <\/strong>Muidenkin aineiden osalta luokanopettajien erikoistumisaineet sek\u00e4 muu erityisosaaminen pyrit\u00e4\u00e4n huomioimaan keskitt\u00e4m\u00e4ll\u00e4 n\u00e4it\u00e4 tunteja tietyille opettajille. N\u00e4in tehd\u00e4\u00e4n erityisesti liikunnassa, ymp\u00e4rist\u00f6tiedossa ja kuvataiteessa sek\u00e4 jonkin verran historiassa sek\u00e4 uskonnossa.<\/p>\n<table border=\"1\" width=\"652\" cellspacing=\"0\" cellpadding=\"0\">\n<tbody>\n<tr>\n<td valign=\"top\" width=\"137\"><\/td>\n<td valign=\"top\" width=\"48\">\n<address>1. lk<\/address>\n<address>a\u00a0\u00a0b\u00a0 c\u00a0\u00a0\u00a0<\/address>\n<\/td>\n<td valign=\"top\" width=\"48\">\n<address>2. lk<\/address>\n<address>a\u00a0\u00a0\u00a0 b<\/address>\n<\/td>\n<td valign=\"top\" width=\"48\">\n<address>3. lk<\/address>\n<address>a\u00a0\u00a0\u00a0\u00a0\u00a0b\u00a0\u00a0\u00a0\u00a0<\/address>\n<\/td>\n<td valign=\"top\" width=\"48\">\n<address>4. lk<\/address>\n<address>a\u00a0\u00a0\u00a0\u00a0\u00a0 b<\/address>\n<\/td>\n<td valign=\"top\" width=\"48\">\n<address>5. lk<\/address>\n<address>a\u00a0\u00a0\u00a0\u00a0 b<\/address>\n<\/td>\n<td valign=\"top\" width=\"48\">\n<address>6. lk<\/address>\n<address>a\u00a0\u00a0\u00a0\u00a0\u00a0 b<\/address>\n<\/td>\n<td valign=\"top\" width=\"60\">\n<address>y h t.<\/address>\n<address>a\u00a0\u00a0\u00a0\u00a0\u00a0\u00a0b<\/address>\n<\/td>\n<td valign=\"top\" width=\"167\"><em><strong>Kaupungin minimi<\/strong><\/em><\/td>\n<\/tr>\n<tr>\n<td valign=\"top\" width=\"137\">\n<address>\u00a0\u00c4idinkieli<\/address>\n<\/td>\n<td valign=\"top\" width=\"48\">\n<address>7\u00a07\u00a07\u00a0\u00a0\u00a0\u00a0\u00a0<\/address>\n<\/td>\n<td valign=\"top\" width=\"48\">\n<address>\u00a08\u00a0\u00a0\u00a0 8\u00a0<\/address>\n<\/td>\n<td valign=\"top\" width=\"48\">\n<address>5\u00a0\u00a0\u00a0\u00a0 5\u00a0\u00a0\u00a0<\/address>\n<\/td>\n<td valign=\"top\" width=\"48\">\n<address>5\u00a0\u00a0\u00a0\u00a0\u00a0 5<\/address>\n<\/td>\n<td valign=\"top\" width=\"48\">\n<address>4\u00a0\u00a0\u00a0\u00a0 4<\/address>\n<\/td>\n<td valign=\"top\" width=\"48\">\n<address>5\u00a0\u00a0\u00a0\u00a0\u00a0 5<\/address>\n<\/td>\n<td valign=\"top\" width=\"60\">\n<address>34\u00a0\u00a0\u00a0\u00a034<\/address>\n<\/td>\n<td valign=\"top\" width=\"167\">\n<address>\u00a033<\/address>\n<\/td>\n<\/tr>\n<tr>\n<td valign=\"top\" width=\"137\">\n<address>\u00a0A1-kieli<\/address>\n<\/td>\n<td valign=\"top\" width=\"48\">\n<address>\u00a0<\/address>\n<\/td>\n<td valign=\"top\" width=\"48\">\n<address>\u00a0<\/address>\n<\/td>\n<td valign=\"top\" width=\"48\">\n<address>2\u00a0\u00a0\u00a0\u00a0 2\u00a0<\/address>\n<\/td>\n<td valign=\"top\" width=\"48\">\n<address>2\u00a0\u00a0\u00a0\u00a0\u00a0 2<\/address>\n<\/td>\n<td valign=\"top\" width=\"48\">\n<address>2\u00a0\u00a0\u00a0\u00a0 2<\/address>\n<\/td>\n<td valign=\"top\" width=\"48\">\n<address>2\u00a0\u00a0\u00a0\u00a0\u00a0 2<\/address>\n<\/td>\n<td valign=\"top\" width=\"60\">\n<address>8\u00a0\u00a0\u00a0\u00a0\u00a0\u00a08<\/address>\n<\/td>\n<td valign=\"top\" width=\"167\">\n<address>\u00a08<\/address>\n<\/td>\n<\/tr>\n<tr>\n<td valign=\"top\" width=\"137\">\n<address>\u00a0Vapaaehtoinen<\/address>\n<address>\u00a0kieli(A2)<\/address>\n<\/td>\n<td valign=\"top\" width=\"48\">\n<address>\u00a0<\/address>\n<\/td>\n<td valign=\"top\" width=\"48\">\n<address>\u00a0<\/address>\n<\/td>\n<td valign=\"top\" width=\"48\">\n<address>\u00a0<\/address>\n<\/td>\n<td valign=\"top\" width=\"48\">\n<address>2\u00a0 \u00a0\u00a0\u00a0\u00a02<\/address>\n<\/td>\n<td valign=\"top\" width=\"48\">\n<address>2\u00a0\u00a0\u00a0\u00a0\u00a0 2<\/address>\n<\/td>\n<td valign=\"top\" width=\"48\">\n<address>\u00a0\u00a0\u00a0\u00a0\u00a0<\/address>\n<\/td>\n<td valign=\"top\" width=\"60\">\n<address>4\u00a0\u00a0\u00a0\u00a0\u00a0\u00a04<\/address>\n<\/td>\n<td valign=\"top\" width=\"167\">\n<address>\u00a03 (jos koulussa\u00a0<\/address>\n<address>\u00a0\u00a0\u00a0\u00a0 mahdollista)<\/address>\n<\/td>\n<\/tr>\n<tr>\n<td valign=\"top\" width=\"137\">\n<address>\u00a0Matematiikka<\/address>\n<\/td>\n<td valign=\"top\" width=\"48\">\n<address>3\u00a0 3 \u00a03<\/address>\n<\/td>\n<td valign=\"top\" width=\"48\">\n<address>3\u00a0\u00a0\u00a0\u00a0 3\u00a0<\/address>\n<\/td>\n<td valign=\"top\" width=\"48\">\n<address>4\u00a0\u00a0\u00a0\u00a0 4\u00a0<\/address>\n<\/td>\n<td valign=\"top\" width=\"48\">\n<address>4\u00a0\u00a0\u00a0\u00a0\u00a0 4<\/address>\n<\/td>\n<td valign=\"top\" width=\"48\">\n<address>4\u00a0\u00a0\u00a0\u00a0 4<\/address>\n<\/td>\n<td valign=\"top\" width=\"48\">\n<address>4\u00a0\u00a0\u00a0\u00a0\u00a0 4<\/address>\n<\/td>\n<td valign=\"top\" width=\"60\">\n<address>22\u00a0\u00a0\u00a022<\/address>\n<\/td>\n<td valign=\"top\" width=\"167\">\n<address>\u00a022<\/address>\n<\/td>\n<\/tr>\n<tr>\n<td valign=\"top\" width=\"137\">\n<address>\u00a0Ymp\u00e4rist\u00f6tieto<\/address>\n<\/td>\n<td valign=\"top\" width=\"48\">\n<address>2\u00a0\u00a02\u00a0 2\u00a0\u00a0\u00a0<\/address>\n<\/td>\n<td valign=\"top\" width=\"48\">\n<address>2\u00a0\u00a0\u00a0\u00a0 2<\/address>\n<\/td>\n<td valign=\"top\" width=\"48\">\n<address>3\u00a0\u00a0\u00a0\u00a0 3\u00a0\u00a0<\/address>\n<\/td>\n<td valign=\"top\" width=\"48\">\n<address>3\u00a0\u00a0\u00a0\u00a0\u00a0 3<\/address>\n<\/td>\n<td valign=\"top\" width=\"48\">\n<address>\u00a0\u00a0\u00a0\u00a0<\/address>\n<\/td>\n<td valign=\"top\" width=\"48\">\n<address>\u00a0<\/address>\n<\/td>\n<td valign=\"top\" width=\"60\">\n<address>10\u00a0\u00a0\u00a010<\/address>\n<\/td>\n<td valign=\"top\" width=\"167\">\n<address>\u00a09<\/address>\n<\/td>\n<\/tr>\n<tr>\n<td valign=\"top\" width=\"137\">\n<address>\u00a0Biologia ja maantieto<\/address>\n<address>\u00a0<\/address>\n<address>\u00a0Fysiikka ja kemia<\/address>\n<\/td>\n<td valign=\"top\" width=\"48\">\n<address>\u00a0<\/address>\n<\/td>\n<td valign=\"top\" width=\"48\">\n<address>\u00a0<\/address>\n<\/td>\n<td valign=\"top\" width=\"48\">\n<address>\u00a0<\/address>\n<\/td>\n<td valign=\"top\" width=\"48\">\n<address>\u00a0<\/address>\n<\/td>\n<td valign=\"top\" width=\"48\">\n<address>2\u00a0\u00a0\u00a0\u00a0\u00a0 2<\/address>\n<address>\u00a0<\/address>\n<address>1\u00a0\u00a0\u00a0\u00a0\u00a0 1<\/address>\n<\/td>\n<td valign=\"top\" width=\"48\">\n<address>2\u00a0\u00a0\u00a0\u00a0\u00a0 2<\/address>\n<address>\u00a0<\/address>\n<address>1\u00a0\u00a0\u00a0\u00a0\u00a0 1<\/address>\n<\/td>\n<td valign=\"top\" width=\"60\">\n<address>\u00a0<\/address>\n<address>6\u00a0\u00a0\u00a0\u00a0\u00a06<\/address>\n<\/td>\n<td valign=\"top\" width=\"167\">\n<address>\u00a0<\/address>\n<address>\u00a05<\/address>\n<\/td>\n<\/tr>\n<tr>\n<td valign=\"top\" width=\"137\">\n<address>\u00a0Uskonto\/ET<\/address>\n<\/td>\n<td valign=\"top\" width=\"48\">\n<address>1\u00a0\u00a01 \u00a01\u00a0\u00a0\u00a0<\/address>\n<\/td>\n<td valign=\"top\" width=\"48\">\n<address>1\u00a0\u00a0\u00a0\u00a0 1\u00a0<\/address>\n<\/td>\n<td valign=\"top\" width=\"48\">\n<address>2\u00a0\u00a0\u00a0\u00a0\u00a0 2\u00a0\u00a0<\/address>\n<\/td>\n<td valign=\"top\" width=\"48\">\n<address>1\u00a0\u00a0\u00a0\u00a0\u00a0\u00a0 1<\/address>\n<\/td>\n<td valign=\"top\" width=\"48\">\n<address>1\u00a0\u00a0\u00a0\u00a0 1<\/address>\n<\/td>\n<td valign=\"top\" width=\"48\">\n<address>2\u00a0\u00a0\u00a0\u00a0\u00a0 2<\/address>\n<\/td>\n<td valign=\"top\" width=\"60\">\n<address>8\u00a0\u00a0\u00a0\u00a0 8<\/address>\n<\/td>\n<td valign=\"top\" width=\"167\">\n<address>\u00a08<\/address>\n<\/td>\n<\/tr>\n<tr>\n<td valign=\"top\" width=\"137\">\n<address>\u00a0Historia<\/address>\n<\/td>\n<td valign=\"top\" width=\"48\">\n<address>\u00a0<\/address>\n<\/td>\n<td valign=\"top\" width=\"48\">\n<address>\u00a0<\/address>\n<\/td>\n<td valign=\"top\" width=\"48\">\n<address>\u00a0<\/address>\n<\/td>\n<td valign=\"top\" width=\"48\">\n<address>\u00a0<\/address>\n<\/td>\n<td valign=\"top\" width=\"48\">\n<address>2\u00a0\u00a0\u00a0\u00a0 2<\/address>\n<\/td>\n<td valign=\"top\" width=\"48\">\n<address>1\u00a0\u00a0\u00a0\u00a0\u00a0 1<\/address>\n<\/td>\n<td valign=\"top\" width=\"60\">\n<address>3\u00a0\u00a0\u00a0\u00a0 3<\/address>\n<\/td>\n<td valign=\"top\" width=\"167\">\n<address>\u00a03<\/address>\n<\/td>\n<\/tr>\n<tr>\n<td valign=\"top\" width=\"137\">\n<address>\u00a0<\/address>\n<address>\u00a0Taide- ja taitoaineet<\/address>\n<\/td>\n<td valign=\"top\" width=\"48\">\n<address>\u00a0<\/address>\n<\/td>\n<td valign=\"top\" width=\"48\">\n<address>\u00a0<\/address>\n<\/td>\n<td valign=\"top\" width=\"48\">\n<address>\u00a0<\/address>\n<\/td>\n<td valign=\"top\" width=\"48\">\n<address>\u00a0<\/address>\n<\/td>\n<td valign=\"top\" width=\"48\">\n<address>\u00a0<\/address>\n<\/td>\n<td valign=\"top\" width=\"48\">\n<address>\u00a0<\/address>\n<\/td>\n<td valign=\"top\" width=\"60\">\n<address>\u00a0<\/address>\n<address>45\u00a0\u00a0\u00a0\u00a045<\/address>\n<\/td>\n<td valign=\"top\" width=\"167\">\n<address>\u00a0<\/address>\n<\/td>\n<\/tr>\n<tr>\n<td valign=\"top\" width=\"137\">\n<address>\u00a0\u00a0 Musiikki<\/address>\n<\/td>\n<td valign=\"top\" width=\"48\">\n<address>1\u00a0\u00a01\u00a0 1\u00a0\u00a0\u00a0<\/address>\n<\/td>\n<td valign=\"top\" width=\"48\">\n<address>1\u00a0\u00a0\u00a0\u00a0 1<\/address>\n<\/td>\n<td valign=\"top\" width=\"48\">\n<address>2\u00a0\u00a0\u00a0\u00a0 2<\/address>\n<\/td>\n<td valign=\"top\" width=\"48\">\n<address>2\u00a0\u00a0\u00a0\u00a0\u00a0 2<\/address>\n<\/td>\n<td valign=\"top\" width=\"48\">\n<address>1\u00a0\u00a0\u00a0\u00a0 1<\/address>\n<\/td>\n<td valign=\"top\" width=\"48\">\n<address>1\u00a0\u00a0\u00a0\u00a0\u00a0 1<\/address>\n<\/td>\n<td valign=\"top\" width=\"60\">\n<address>8\u00a0\u00a0\u00a0\u00a0\u00a0\u00a0\u00a08<\/address>\n<\/td>\n<td valign=\"top\" width=\"167\">\n<address>\u00a06<\/address>\n<\/td>\n<\/tr>\n<tr>\n<td valign=\"top\" width=\"137\">\n<address>\u00a0\u00a0 Kuvataide<\/address>\n<\/td>\n<td valign=\"top\" width=\"48\">\n<address>1\u00a0\u00a01 \u00a01\u00a0\u00a0<\/address>\n<\/td>\n<td valign=\"top\" width=\"48\">\n<address>1\u00a0\u00a0\u00a0\u00a0 1<\/address>\n<\/td>\n<td valign=\"top\" width=\"48\">\n<address>1\u00a0\u00a0\u00a0\u00a0 1\u00a0<\/address>\n<\/td>\n<td valign=\"top\" width=\"48\">\n<address>1\u00a0\u00a0\u00a0\u00a0\u00a0 1<\/address>\n<\/td>\n<td valign=\"top\" width=\"48\">\n<address>1\u00a0\u00a0\u00a0\u00a0 1<\/address>\n<\/td>\n<td valign=\"top\" width=\"48\">\n<address>1\u00a0\u00a0\u00a0\u00a0\u00a0 1<\/address>\n<\/td>\n<td valign=\"top\" width=\"60\">\n<address>6\u00a0\u00a0\u00a0\u00a0\u00a0\u00a0\u00a06<\/address>\n<\/td>\n<td valign=\"top\" width=\"167\">\n<address>\u00a06<\/address>\n<\/td>\n<\/tr>\n<tr>\n<td valign=\"top\" width=\"137\">\n<address>\u00a0\u00a0 K\u00e4sity\u00f6<\/address>\n<\/td>\n<td valign=\"top\" width=\"48\">\n<address>2\u00a0\u00a02 \u00a02\u00a0\u00a0<\/address>\n<\/td>\n<td valign=\"top\" width=\"48\">\n<address>2\u00a0\u00a0\u00a0\u00a0 2<\/address>\n<\/td>\n<td valign=\"top\" width=\"48\">\n<address>2\u00a0\u00a0\u00a0\u00a0\u00a02<\/address>\n<\/td>\n<td valign=\"top\" width=\"48\">\n<address>2\u00a0\u00a0\u00a0\u00a0\u00a0 2<\/address>\n<\/td>\n<td valign=\"top\" width=\"48\">\n<address>2\u00a0\u00a0\u00a0\u00a0 2<\/address>\n<\/td>\n<td valign=\"top\" width=\"48\">\n<address>2\u00a0\u00a0\u00a0\u00a0\u00a0 2<\/address>\n<\/td>\n<td valign=\"top\" width=\"60\">\n<address>12\u00a0\u00a0\u00a0\u00a012<\/address>\n<\/td>\n<td valign=\"top\" width=\"167\">\n<address>\u00a010<\/address>\n<\/td>\n<\/tr>\n<tr>\n<td valign=\"top\" width=\"137\">\n<address>\u00a0\u00a0 Liikunta<\/address>\n<\/td>\n<td valign=\"top\" width=\"48\">\n<address>2\u00a0\u00a02\u00a0 2\u00a0\u00a0\u00a0<\/address>\n<\/td>\n<td valign=\"top\" width=\"48\">\n<address>2\u00a0\u00a0\u00a0\u00a0 2\u00a0\u00a0<\/address>\n<\/td>\n<td valign=\"top\" width=\"48\">\n<address>3\u00a0\u00a0\u00a0\u00a0\u00a03\u00a0\u00a0\u00a0\u00a0<\/address>\n<\/td>\n<td valign=\"top\" width=\"48\">\n<address>3\u00a0\u00a0\u00a0\u00a0\u00a0 3<\/address>\n<\/td>\n<td valign=\"top\" width=\"48\">\n<address>3\u00a0\u00a0\u00a0\u00a0 3<\/address>\n<\/td>\n<td valign=\"top\" width=\"48\">\n<address>3\u00a0\u00a0\u00a0\u00a0\u00a0 3<\/address>\n<\/td>\n<td valign=\"top\" width=\"60\">\n<address>16\u00a0\u00a0\u00a0\u00a016<\/address>\n<\/td>\n<td valign=\"top\" width=\"167\">\n<address>\u00a012<\/address>\n<\/td>\n<\/tr>\n<tr>\n<td valign=\"top\" width=\"137\">\n<address>\u00a0Valinnaisaine<\/address>\n<\/td>\n<td valign=\"top\" width=\"48\">\n<address>\u00a0<\/address>\n<\/td>\n<td valign=\"top\" width=\"48\">\n<address>\u00a0<\/address>\n<\/td>\n<td valign=\"top\" width=\"48\">\n<address>\u00a0<\/address>\n<\/td>\n<td valign=\"top\" width=\"48\">\n<address>\u00a0<\/address>\n<\/td>\n<td valign=\"top\" width=\"48\">\n<address>1\u00a0\u00a0\u00a0\u00a0\u00a0 1<\/address>\n<\/td>\n<td valign=\"top\" width=\"48\">\n<address>1\u00a0\u00a0\u00a0\u00a0\u00a0 1<\/address>\n<\/td>\n<td valign=\"top\" width=\"60\">\n<address>2\u00a0\u00a0\u00a0\u00a0\u00a0\u00a0\u00a02<\/address>\n<\/td>\n<td valign=\"top\" width=\"167\">\n<address>\u00a02<\/address>\n<\/td>\n<\/tr>\n<tr>\n<td valign=\"top\" width=\"137\">\n<address>\u00a0\u00a0\u00a0\u00a0\u00a0\u00a0\u00a0\u00a0 yht.<\/address>\n<\/td>\n<td valign=\"top\" width=\"48\">\n<address><strong>191919<\/strong><\/address>\n<\/td>\n<td valign=\"top\" width=\"48\">\n<address><strong>20\u00a0 20<\/strong><\/address>\n<\/td>\n<td valign=\"top\" width=\"48\">\n<address><strong>24\u00a0\u00a024\u00a0\u00a0\u00a0<\/strong><\/address>\n<\/td>\n<td valign=\"top\" width=\"48\">\n<address><strong>23 \u00a0 23<\/strong><\/address>\n<address>\u00a0 +2ru<\/address>\n<\/td>\n<td valign=\"top\" width=\"48\">\n<address><strong>24 \u00a0 24<\/strong><\/address>\n<address>\u00a0 +2ru<\/address>\n<\/td>\n<td valign=\"top\" width=\"48\">\n<address><strong>25\u00a0\u00a0 25<\/strong><\/address>\n<\/td>\n<td valign=\"top\" width=\"60\">\n<address><strong>135\u00a0 135<\/strong><\/address>\n<address>\u00a0\u00a0 +4ru<\/address>\n<\/td>\n<td valign=\"top\" width=\"167\"><em>\u00a0134<\/em>&nbsp;<\/td>\n<\/tr>\n<\/tbody>\n<\/table>\n<p><em>1.-5.luokilla opetetaan luovaa tanssia periodeina<\/em>.<\/p>\n<p><em><strong>Kieliohjelma<\/strong><\/em><br \/>\nP\u00e4\u00e4skyvuoren koulun kielitarjonta perustuu Turun koulutoimen kielitarjontaohjelmaan. Koulumme kolmannelta luokalta on mahdollisuus valita ensimm\u00e4iseksi vieraaksi kieleksi (A1-kieli) englannin, ruotsin, saksan, ranskan tai ven\u00e4j\u00e4n. Kolmen j\u00e4lkimm\u00e4isen opiskelu vaatii koulun vaihtoa, koska opetukseen ei ole resursseja omassa koulussamme. Tuntijakomme mukaan A1-kielen opettamiseen k\u00e4ytet\u00e4\u00e4n kaksi viikkotuntia jokaisella luokalla 3-6. A1-kielen opiskelusta on kerrottu lis\u00e4\u00e4 opetussuunnitelmamme kohdassa oppiaineitten tavoitteet ja sis\u00e4ll\u00f6t.<\/p>\n<p>Nelj\u00e4nnelt\u00e4 luokalta alkaen on oppilailla mahdollisuus opiskella vapaaehtoista A2-kielt\u00e4. Sit\u00e4 tarjotaan kaksi tuntia viikossa. Koulullamme on mahdollisuus tarjota ruotsia valinnaiseksi kieleksi. Turussa on mahdollisuus valita my\u00f6s muita kieli\u00e4, mutta se edellytt\u00e4\u00e4 koulun vaihtoa.<\/p>\n<\/div>\n","protected":false},"excerpt":{"rendered":"<p>Tuntijako lukuvuonna 2014-2015 Opetushallituksen antamien opetussuunnitelman perusteiden ja Turun kaupungin opetuslautakunnan tuntijakop\u00e4\u00e4t\u00f6ksen pohjalta koulumme vuosiluokkien tuntim\u00e4\u00e4r\u00e4 eri oppiaineissa on jaettu\u00a0alla olevan taulukon mukaisesti. Aineenlehtoreita koulussa on musiikissa, englannissa (en- tunteja my\u00f6s luokanopettajilla) sek\u00e4 pienryhm\u00e4opetuksessa\/ osa-aikaisessa erityisopetuksessa. Muidenkin aineiden osalta luokanopettajien erikoistumisaineet sek\u00e4 muu erityisosaaminen pyrit\u00e4\u00e4n huomioimaan keskitt\u00e4m\u00e4ll\u00e4 n\u00e4it\u00e4 tunteja tietyille opettajille. N\u00e4in tehd\u00e4\u00e4n erityisesti liikunnassa, &hellip; <a href=\"https:\/\/blog.edu.turku.fi\/paaskyvuori\/opetus\/\" class=\"more-link\">Jatka lukemista<span class=\"screen-reader-text\"> &#8221;OPETUS&#8221;<\/span><\/a><\/p>\n","protected":false},"author":82,"featured_media":0,"parent":0,"menu_order":5,"comment_status":"closed","ping_status":"closed","template":"","meta":{"footnotes":""},"class_list":["post-17","page","type-page","status-publish","hentry"],"_links":{"self":[{"href":"https:\/\/blog.edu.turku.fi\/paaskyvuori\/wp-json\/wp\/v2\/pages\/17","targetHints":{"allow":["GET"]}}],"collection":[{"href":"https:\/\/blog.edu.turku.fi\/paaskyvuori\/wp-json\/wp\/v2\/pages"}],"about":[{"href":"https:\/\/blog.edu.turku.fi\/paaskyvuori\/wp-json\/wp\/v2\/types\/page"}],"author":[{"embeddable":true,"href":"https:\/\/blog.edu.turku.fi\/paaskyvuori\/wp-json\/wp\/v2\/users\/82"}],"replies":[{"embeddable":true,"href":"https:\/\/blog.edu.turku.fi\/paaskyvuori\/wp-json\/wp\/v2\/comments?post=17"}],"version-history":[{"count":22,"href":"https:\/\/blog.edu.turku.fi\/paaskyvuori\/wp-json\/wp\/v2\/pages\/17\/revisions"}],"predecessor-version":[{"id":746,"href":"https:\/\/blog.edu.turku.fi\/paaskyvuori\/wp-json\/wp\/v2\/pages\/17\/revisions\/746"}],"wp:attachment":[{"href":"https:\/\/blog.edu.turku.fi\/paaskyvuori\/wp-json\/wp\/v2\/media?parent=17"}],"curies":[{"name":"wp","href":"https:\/\/api.w.org\/{rel}","templated":true}]}}