{"id":1523,"date":"2026-03-04T09:23:57","date_gmt":"2026-03-04T07:23:57","guid":{"rendered":"https:\/\/blog.edu.turku.fi\/paaskyvuori\/?page_id=1523"},"modified":"2026-03-04T09:23:57","modified_gmt":"2026-03-04T07:23:57","slug":"paaskyset-koulun-lehti","status":"publish","type":"page","link":"https:\/\/blog.edu.turku.fi\/paaskyvuori\/opetus\/paaskyset-koulun-lehti\/","title":{"rendered":"P\u00c4\u00c4SKYSET &#8211; KOULUN LEHTI"},"content":{"rendered":"<p>Lehti 1 syksyll\u00e4 2025:\u00a0<a href=\"https:\/\/sway.cloud.microsoft\/9OQmfmolmnBAnx0J\">P\u00e4\u00e4skyset<\/a><\/p>\n<p>Lehti 2 syksyll\u00e4 2025:\u00a0<a href=\"https:\/\/sway.cloud.microsoft\/7S2LLKNCogEagmLc\">P\u00e4\u00e4skyset<\/a><\/p>\n","protected":false},"excerpt":{"rendered":"<p>Lehti 1 syksyll\u00e4 2025:\u00a0P\u00e4\u00e4skyset Lehti 2 syksyll\u00e4 2025:\u00a0P\u00e4\u00e4skyset<\/p>\n","protected":false},"author":3418,"featured_media":0,"parent":17,"menu_order":9,"comment_status":"closed","ping_status":"closed","template":"","meta":{"footnotes":""},"class_list":["post-1523","page","type-page","status-publish","hentry"],"_links":{"self":[{"href":"https:\/\/blog.edu.turku.fi\/paaskyvuori\/wp-json\/wp\/v2\/pages\/1523","targetHints":{"allow":["GET"]}}],"collection":[{"href":"https:\/\/blog.edu.turku.fi\/paaskyvuori\/wp-json\/wp\/v2\/pages"}],"about":[{"href":"https:\/\/blog.edu.turku.fi\/paaskyvuori\/wp-json\/wp\/v2\/types\/page"}],"author":[{"embeddable":true,"href":"https:\/\/blog.edu.turku.fi\/paaskyvuori\/wp-json\/wp\/v2\/users\/3418"}],"replies":[{"embeddable":true,"href":"https:\/\/blog.edu.turku.fi\/paaskyvuori\/wp-json\/wp\/v2\/comments?post=1523"}],"version-history":[{"count":1,"href":"https:\/\/blog.edu.turku.fi\/paaskyvuori\/wp-json\/wp\/v2\/pages\/1523\/revisions"}],"predecessor-version":[{"id":1524,"href":"https:\/\/blog.edu.turku.fi\/paaskyvuori\/wp-json\/wp\/v2\/pages\/1523\/revisions\/1524"}],"up":[{"embeddable":true,"href":"https:\/\/blog.edu.turku.fi\/paaskyvuori\/wp-json\/wp\/v2\/pages\/17"}],"wp:attachment":[{"href":"https:\/\/blog.edu.turku.fi\/paaskyvuori\/wp-json\/wp\/v2\/media?parent=1523"}],"curies":[{"name":"wp","href":"https:\/\/api.w.org\/{rel}","templated":true}]}}