{"id":15,"date":"2012-08-15T22:24:49","date_gmt":"2012-08-15T19:24:49","guid":{"rendered":"https:\/\/blog.edu.turku.fi\/paaskyvuori\/?page_id=15"},"modified":"2024-06-18T23:37:44","modified_gmt":"2024-06-18T20:37:44","slug":"lukuvuosi-2016-17","status":"publish","type":"page","link":"https:\/\/blog.edu.turku.fi\/paaskyvuori\/lukuvuosi-2016-17\/","title":{"rendered":"Lukuvuosi 2024-2025"},"content":{"rendered":"<p>&nbsp;<\/p>\n<p><strong>Syyslukukausi: to 8.8. &#8211; pe 20.12.2024<\/strong><\/p>\n<ul>\n<li>syysloma: ma 14.10. &#8211; su 20.10.2024<\/li>\n<li>Suomen itsen\u00e4isyysp\u00e4iv\u00e4:\u00a06.12.2024<\/li>\n<li>Joululoma: la 21.12.2024 &#8211; ma 6.1.2025<\/li>\n<\/ul>\n<p>&nbsp;<\/p>\n<p><strong>Kev\u00e4tlukukausi: ti 7.1. &#8211; la 31.5.2025<\/strong><\/p>\n<ul>\n<li>talviloma: ma 17.2. &#8211; su 23.2.2025<\/li>\n<li>p\u00e4\u00e4si\u00e4inen: pe 18.4. &#8211; ma 21.4.2025<\/li>\n<li>vapunp\u00e4iv\u00e4: to 1.5.2025<\/li>\n<li>helatorstai: to 29.5.2025<\/li>\n<\/ul>\n<p><em><strong>\u00a0<\/strong><\/em><\/p>\n<p><strong>Tapahtumista tiedotetaan oppilaita ja huoltajia erikseen p\u00e4\u00e4s\u00e4\u00e4nt\u00f6isesti Wilman v\u00e4lityksell\u00e4.<\/strong><\/p>\n<p><strong>\u00a0<\/strong><\/p>\n","protected":false},"excerpt":{"rendered":"<p>&nbsp; Syyslukukausi: to 8.8. &#8211; pe 20.12.2024 syysloma: ma 14.10. &#8211; su 20.10.2024 Suomen itsen\u00e4isyysp\u00e4iv\u00e4:\u00a06.12.2024 Joululoma: la 21.12.2024 &#8211; ma 6.1.2025 &nbsp; Kev\u00e4tlukukausi: ti 7.1. &#8211; la 31.5.2025 talviloma: ma 17.2. &#8211; su 23.2.2025 p\u00e4\u00e4si\u00e4inen: pe 18.4. &#8211; ma 21.4.2025 vapunp\u00e4iv\u00e4: to 1.5.2025 helatorstai: to 29.5.2025 \u00a0 Tapahtumista tiedotetaan oppilaita ja huoltajia erikseen p\u00e4\u00e4s\u00e4\u00e4nt\u00f6isesti Wilman &hellip; <a href=\"https:\/\/blog.edu.turku.fi\/paaskyvuori\/lukuvuosi-2016-17\/\" class=\"more-link\">Jatka lukemista<span class=\"screen-reader-text\"> &#8221;Lukuvuosi 2024-2025&#8221;<\/span><\/a><\/p>\n","protected":false},"author":82,"featured_media":0,"parent":0,"menu_order":4,"comment_status":"closed","ping_status":"closed","template":"","meta":{"footnotes":""},"class_list":["post-15","page","type-page","status-publish","hentry"],"_links":{"self":[{"href":"https:\/\/blog.edu.turku.fi\/paaskyvuori\/wp-json\/wp\/v2\/pages\/15","targetHints":{"allow":["GET"]}}],"collection":[{"href":"https:\/\/blog.edu.turku.fi\/paaskyvuori\/wp-json\/wp\/v2\/pages"}],"about":[{"href":"https:\/\/blog.edu.turku.fi\/paaskyvuori\/wp-json\/wp\/v2\/types\/page"}],"author":[{"embeddable":true,"href":"https:\/\/blog.edu.turku.fi\/paaskyvuori\/wp-json\/wp\/v2\/users\/82"}],"replies":[{"embeddable":true,"href":"https:\/\/blog.edu.turku.fi\/paaskyvuori\/wp-json\/wp\/v2\/comments?post=15"}],"version-history":[{"count":51,"href":"https:\/\/blog.edu.turku.fi\/paaskyvuori\/wp-json\/wp\/v2\/pages\/15\/revisions"}],"predecessor-version":[{"id":1433,"href":"https:\/\/blog.edu.turku.fi\/paaskyvuori\/wp-json\/wp\/v2\/pages\/15\/revisions\/1433"}],"wp:attachment":[{"href":"https:\/\/blog.edu.turku.fi\/paaskyvuori\/wp-json\/wp\/v2\/media?parent=15"}],"curies":[{"name":"wp","href":"https:\/\/api.w.org\/{rel}","templated":true}]}}