{"id":144,"date":"2012-08-17T13:52:00","date_gmt":"2012-08-17T10:52:00","guid":{"rendered":"https:\/\/blog.edu.turku.fi\/paaskyvuori\/?page_id=144"},"modified":"2015-12-03T09:22:40","modified_gmt":"2015-12-03T07:22:40","slug":"oppilasparlamentti","status":"publish","type":"page","link":"https:\/\/blog.edu.turku.fi\/paaskyvuori\/oppilasparlamentti\/","title":{"rendered":"OPPILASPARLAMENTTI (POPPA)"},"content":{"rendered":"<p>P\u00e4\u00e4skyvuoren koulussa on toiminut oppilasparlamentti jo useampana lukuvuotena. Lukuvuoden 2015-2016 toimintaa koordinoivat Jenni Julkunen ja Marju Okko-Toivonen.<\/p>\n<p>Lukuvuoden 2012-2013 oppilasparlamentin toiminnasta ja koulun oppilasparlamentin historiasta\u00a0, j\u00e4senist\u00e4 ja monista muista aiheeseen liittyvist\u00e4 asioista l\u00f6yd\u00e4t P\u00e4\u00e4skyvuoren koulun oppilasparlamentin sivustolta osoitteessa: <a href=\"https:\/\/blog.edu.turku.fi\/paaskyoppilasparlamentti\/\">https:\/\/blog.edu.turku.fi\/paaskyoppilasparlamentti\/<\/a><\/p>\n","protected":false},"excerpt":{"rendered":"<p>P\u00e4\u00e4skyvuoren koulussa on toiminut oppilasparlamentti jo useampana lukuvuotena. Lukuvuoden 2015-2016 toimintaa koordinoivat Jenni Julkunen ja Marju Okko-Toivonen. Lukuvuoden 2012-2013 oppilasparlamentin toiminnasta ja koulun oppilasparlamentin historiasta\u00a0, j\u00e4senist\u00e4 ja monista muista aiheeseen liittyvist\u00e4 asioista l\u00f6yd\u00e4t P\u00e4\u00e4skyvuoren koulun oppilasparlamentin sivustolta osoitteessa: https:\/\/blog.edu.turku.fi\/paaskyoppilasparlamentti\/<\/p>\n","protected":false},"author":82,"featured_media":0,"parent":0,"menu_order":8,"comment_status":"closed","ping_status":"closed","template":"","meta":{"footnotes":""},"class_list":["post-144","page","type-page","status-publish","hentry"],"_links":{"self":[{"href":"https:\/\/blog.edu.turku.fi\/paaskyvuori\/wp-json\/wp\/v2\/pages\/144","targetHints":{"allow":["GET"]}}],"collection":[{"href":"https:\/\/blog.edu.turku.fi\/paaskyvuori\/wp-json\/wp\/v2\/pages"}],"about":[{"href":"https:\/\/blog.edu.turku.fi\/paaskyvuori\/wp-json\/wp\/v2\/types\/page"}],"author":[{"embeddable":true,"href":"https:\/\/blog.edu.turku.fi\/paaskyvuori\/wp-json\/wp\/v2\/users\/82"}],"replies":[{"embeddable":true,"href":"https:\/\/blog.edu.turku.fi\/paaskyvuori\/wp-json\/wp\/v2\/comments?post=144"}],"version-history":[{"count":8,"href":"https:\/\/blog.edu.turku.fi\/paaskyvuori\/wp-json\/wp\/v2\/pages\/144\/revisions"}],"predecessor-version":[{"id":893,"href":"https:\/\/blog.edu.turku.fi\/paaskyvuori\/wp-json\/wp\/v2\/pages\/144\/revisions\/893"}],"wp:attachment":[{"href":"https:\/\/blog.edu.turku.fi\/paaskyvuori\/wp-json\/wp\/v2\/media?parent=144"}],"curies":[{"name":"wp","href":"https:\/\/api.w.org\/{rel}","templated":true}]}}