{"id":13,"date":"2012-08-15T22:24:13","date_gmt":"2012-08-15T19:24:13","guid":{"rendered":"https:\/\/blog.edu.turku.fi\/paaskyvuori\/?page_id=13"},"modified":"2024-09-12T08:19:48","modified_gmt":"2024-09-12T05:19:48","slug":"yhteystiedot","status":"publish","type":"page","link":"https:\/\/blog.edu.turku.fi\/paaskyvuori\/yhteystiedot\/","title":{"rendered":"YHTEYSTIEDOT"},"content":{"rendered":"<p>Posti-ja k\u00e4yntiosoite:<br \/>\nP\u00e4\u00e4skyvuoren koulu<br \/>\nTalvitie 10<br \/>\n20610 Turku<\/p>\n<p>vs. rehtori Assi Koskelainen 044 907 3640<\/p>\n<p>vararehtori Jenni Julkunen 040 168 9319<\/p>\n<p>vararehtori Mia Ruuskanen 040 5687663<\/p>\n<p>koulusihteeri Tuuli Heino-Carpenter 040 094 4562<\/p>\n<p>Henkil\u00f6kunnan s\u00e4hk\u00f6postiosoitteet ovat muotoa <em>etunimi.sukunimi@edu.turku.fi <\/em><\/p>\n","protected":false},"excerpt":{"rendered":"<p>Posti-ja k\u00e4yntiosoite: P\u00e4\u00e4skyvuoren koulu Talvitie 10 20610 Turku vs. rehtori Assi Koskelainen 044 907 3640 vararehtori Jenni Julkunen 040 168 9319 vararehtori Mia Ruuskanen 040 5687663 koulusihteeri Tuuli Heino-Carpenter 040 094 4562 Henkil\u00f6kunnan s\u00e4hk\u00f6postiosoitteet ovat muotoa etunimi.sukunimi@edu.turku.fi<\/p>\n","protected":false},"author":82,"featured_media":0,"parent":0,"menu_order":3,"comment_status":"closed","ping_status":"closed","template":"","meta":{"footnotes":""},"class_list":["post-13","page","type-page","status-publish","hentry"],"_links":{"self":[{"href":"https:\/\/blog.edu.turku.fi\/paaskyvuori\/wp-json\/wp\/v2\/pages\/13","targetHints":{"allow":["GET"]}}],"collection":[{"href":"https:\/\/blog.edu.turku.fi\/paaskyvuori\/wp-json\/wp\/v2\/pages"}],"about":[{"href":"https:\/\/blog.edu.turku.fi\/paaskyvuori\/wp-json\/wp\/v2\/types\/page"}],"author":[{"embeddable":true,"href":"https:\/\/blog.edu.turku.fi\/paaskyvuori\/wp-json\/wp\/v2\/users\/82"}],"replies":[{"embeddable":true,"href":"https:\/\/blog.edu.turku.fi\/paaskyvuori\/wp-json\/wp\/v2\/comments?post=13"}],"version-history":[{"count":37,"href":"https:\/\/blog.edu.turku.fi\/paaskyvuori\/wp-json\/wp\/v2\/pages\/13\/revisions"}],"predecessor-version":[{"id":1447,"href":"https:\/\/blog.edu.turku.fi\/paaskyvuori\/wp-json\/wp\/v2\/pages\/13\/revisions\/1447"}],"wp:attachment":[{"href":"https:\/\/blog.edu.turku.fi\/paaskyvuori\/wp-json\/wp\/v2\/media?parent=13"}],"curies":[{"name":"wp","href":"https:\/\/api.w.org\/{rel}","templated":true}]}}