{"id":22,"date":"2015-10-29T10:33:07","date_gmt":"2015-10-29T08:33:07","guid":{"rendered":"https:\/\/blog.edu.turku.fi\/paaskyvuorenphy\/?page_id=22"},"modified":"2025-11-17T08:32:42","modified_gmt":"2025-11-17T06:32:42","slug":"yhteystiedot","status":"publish","type":"page","link":"https:\/\/blog.edu.turku.fi\/paaskyvuorenphy\/yhteystiedot\/","title":{"rendered":"Yhteystiedot"},"content":{"rendered":"<h6><\/h6>\n<h6>Aukioloaika ma-pe 6.30-17.00<\/h6>\n<h6><a href=\"https:\/\/www.turku.fi\/henkilo\/klaus-rytohonka\"><strong>P\u00e4iv\u00e4kodinjohtaja<\/strong><\/a><\/h6>\n<p>Rinna Laaksonen <em>puh. 044 907 5811\u00a0<\/em><\/p>\n<h6><a href=\"https:\/\/blog.edu.turku.fi\/paaskyvuorenphy\/ryhmat-paivakoti-keltasirkunpolku\/\"><strong>P\u00e4iv\u00e4koti<\/strong><\/a><\/h6>\n<p><a href=\"https:\/\/opaskartta.turku.fi\/IMS\/?layers=Opaskartta&amp;cp=6703910,23462658&amp;z=0.25&amp;title=Kalervonkatu%2012%2C%20Turku\">Kalervonkatu 12<\/a><\/p>\n<p>Varhaiskasvatuksen erityisopettaja Ville Haulisto\u00a0 <em>puh. 040 656 9589<\/em><\/p>\n<p><strong>Viherpeipot<\/strong> <em>puh: 040 198 0476<\/em><\/p>\n<p><strong>Leivoset<\/strong> <em>puh. 040 168 2104<\/em><\/p>\n<p><strong>Varpuset<\/strong> <em>puh. 040 168 3846<\/em><\/p>\n<p><strong>Talitintit<\/strong> <em>puh. 040 168 3292<\/em><\/p>\n<p><strong>V\u00e4st\u00e4r\u00e4kit<\/strong> <em>puh. 040 168 3939<\/em><\/p>\n<p><strong>Rastaat<\/strong> <em>puh. 040 168 2872<\/em><\/p>\n<h6><a href=\"https:\/\/blog.edu.turku.fi\/paaskyvuorenphy\/ryhmat\/\"><strong>Esiopetus<\/strong><\/a><\/h6>\n<p><a href=\"https:\/\/opaskartta.turku.fi\/IMS\/?layers=Opaskartta&amp;cp=6703711,23463434&amp;z=1&amp;title=Talvitie%2010%2C%20Turku\">Talvitie 10, 20610 Turku<\/a><\/p>\n<p><em>Varhaiskasvatuksen erityisopettaja Ville Haulisto\u00a0 puh. 040 656 9589 <\/em><\/p>\n<p><strong>Haukat<\/strong><em>\u00a0puh. 040 168 1304<\/em><\/p>\n<p><strong>Kotkat<\/strong><em> puh. 040 198 0607<\/em><\/p>\n<p><strong>Kiit\u00e4j\u00e4t<\/strong><em> puh. 040 168 2602<\/em><\/p>\n<h6><a href=\"https:\/\/blog.edu.turku.fi\/paaskyvuorenphy\/leikkikerho\/\"><strong>Ulkokerho<\/strong><\/a><\/h6>\n<p><a href=\"https:\/\/opaskartta.turku.fi\/IMS\/?layers=Opaskartta&amp;cp=6704492,23463101&amp;z=0.25&amp;title=Talvitie%2010%2C%20Turku\">Karjakuja 75, 20540 Turku<\/a><\/p>\n<p><strong>K\u00e4pytikat<\/strong> <em>puh. <\/em>050 4672 003<\/p>\n<h6>@s\u00e4hk\u00f6posti:<\/h6>\n<p>etunimi.sukunimi@edu.turku.fi<\/p>\n<p><em>\u00a0<\/em><\/p>\n<p>&nbsp;<\/p>\n<p>&nbsp;<\/p>\n<p>&nbsp;<\/p>\n<p>&nbsp;<\/p>\n","protected":false},"excerpt":{"rendered":"<p>Aukioloaika ma-pe 6.30-17.00 P\u00e4iv\u00e4kodinjohtaja Rinna Laaksonen puh. 044 907 5811\u00a0 P\u00e4iv\u00e4koti Kalervonkatu 12 Varhaiskasvatuksen erityisopettaja Ville Haulisto\u00a0 puh. 040 656 9589 Viherpeipot puh: 040 198 0476 Leivoset puh. 040 168 2104 Varpuset puh. 040 168 3846 Talitintit puh. 040 168 3292 V\u00e4st\u00e4r\u00e4kit puh. 040 168 3939 Rastaat puh. 040 168 2872 Esiopetus Talvitie 10, 20610 &hellip; <a href=\"https:\/\/blog.edu.turku.fi\/paaskyvuorenphy\/yhteystiedot\/\" class=\"more-link\">Jatka lukemista<span class=\"screen-reader-text\"> &#8221;Yhteystiedot&#8221;<\/span><\/a><\/p>\n","protected":false},"author":1602,"featured_media":0,"parent":0,"menu_order":1,"comment_status":"closed","ping_status":"closed","template":"","meta":{"footnotes":""},"class_list":["post-22","page","type-page","status-publish","hentry"],"_links":{"self":[{"href":"https:\/\/blog.edu.turku.fi\/paaskyvuorenphy\/wp-json\/wp\/v2\/pages\/22","targetHints":{"allow":["GET"]}}],"collection":[{"href":"https:\/\/blog.edu.turku.fi\/paaskyvuorenphy\/wp-json\/wp\/v2\/pages"}],"about":[{"href":"https:\/\/blog.edu.turku.fi\/paaskyvuorenphy\/wp-json\/wp\/v2\/types\/page"}],"author":[{"embeddable":true,"href":"https:\/\/blog.edu.turku.fi\/paaskyvuorenphy\/wp-json\/wp\/v2\/users\/1602"}],"replies":[{"embeddable":true,"href":"https:\/\/blog.edu.turku.fi\/paaskyvuorenphy\/wp-json\/wp\/v2\/comments?post=22"}],"version-history":[{"count":47,"href":"https:\/\/blog.edu.turku.fi\/paaskyvuorenphy\/wp-json\/wp\/v2\/pages\/22\/revisions"}],"predecessor-version":[{"id":556,"href":"https:\/\/blog.edu.turku.fi\/paaskyvuorenphy\/wp-json\/wp\/v2\/pages\/22\/revisions\/556"}],"wp:attachment":[{"href":"https:\/\/blog.edu.turku.fi\/paaskyvuorenphy\/wp-json\/wp\/v2\/media?parent=22"}],"curies":[{"name":"wp","href":"https:\/\/api.w.org\/{rel}","templated":true}]}}