{"id":107,"date":"2022-06-30T12:02:24","date_gmt":"2022-06-30T09:02:24","guid":{"rendered":"https:\/\/blog.edu.turku.fi\/oskar\/?page_id=107"},"modified":"2024-08-29T12:16:45","modified_gmt":"2024-08-29T09:16:45","slug":"etusivu","status":"publish","type":"page","link":"https:\/\/blog.edu.turku.fi\/oskar\/","title":{"rendered":"Etusivu"},"content":{"rendered":"<p>OSKAR-hanke on p\u00e4\u00e4ttynyt kes\u00e4ll\u00e4 2024. Hankkeen tavoitteena oli j\u00e4rjest\u00e4\u00e4 opetushenkil\u00f6st\u00f6n t\u00e4ydennyskoulutusta Uudet lukutaidot -kuvausten aihealueista.<\/p>\n<p>Hankkeessa j\u00e4rjestettiin yhteens\u00e4 46 erilaista koulutustilaisuutta varhaiskasvatuksen, peruskoulun ja toisen asteen opetushenkil\u00f6st\u00f6lle. Lis\u00e4ksi j\u00e4rjestettiin peruskoulun tutoropettajille suunnattu Yhdenvertaisuus ja tasa-arvo -koulutuskokonaisuus.<\/p>\n<p>Hankkeen koulutukset saivat eritt\u00e4in hyv\u00e4\u00e4 palautetta; on siis syyt\u00e4 uskoa, ett\u00e4 osaamisen kuvauksia todella p\u00e4\u00e4tyi monen p\u00e4iv\u00e4kodin ja koulun arkeen!<\/p>\n<p>OSKAR-hanketta koordinoi TOP-keskus (<a href=\"https:\/\/edu.turku.fi\/top-keskus\">edu.turku.fi\/top-keskus<\/a>).<\/p>\n<p><img loading=\"lazy\" decoding=\"async\" class=\"size-full wp-image-141 aligncenter\" src=\"https:\/\/blog.edu.turku.fi\/oskar\/files\/2022\/06\/logot_.png\" alt=\"\" width=\"585\" height=\"111\" srcset=\"https:\/\/blog.edu.turku.fi\/oskar\/files\/2022\/06\/logot_.png 585w, https:\/\/blog.edu.turku.fi\/oskar\/files\/2022\/06\/logot_-300x57.png 300w\" sizes=\"auto, (max-width: 585px) 100vw, 585px\" \/><\/p>\n","protected":false},"excerpt":{"rendered":"<p>OSKAR-hanke on p\u00e4\u00e4ttynyt kes\u00e4ll\u00e4 2024. Hankkeen tavoitteena oli j\u00e4rjest\u00e4\u00e4 opetushenkil\u00f6st\u00f6n t\u00e4ydennyskoulutusta Uudet lukutaidot -kuvausten aihealueista. Hankkeessa j\u00e4rjestettiin yhteens\u00e4 46 erilaista koulutustilaisuutta varhaiskasvatuksen, peruskoulun ja toisen asteen opetushenkil\u00f6st\u00f6lle. Lis\u00e4ksi j\u00e4rjestettiin peruskoulun tutoropettajille suunnattu Yhdenvertaisuus ja tasa-arvo -koulutuskokonaisuus. Hankkeen koulutukset saivat eritt\u00e4in<\/p>\n","protected":false},"author":9,"featured_media":0,"parent":0,"menu_order":0,"comment_status":"closed","ping_status":"closed","template":"","meta":{"footnotes":""},"class_list":["post-107","page","type-page","status-publish","hentry"],"_links":{"self":[{"href":"https:\/\/blog.edu.turku.fi\/oskar\/wp-json\/wp\/v2\/pages\/107","targetHints":{"allow":["GET"]}}],"collection":[{"href":"https:\/\/blog.edu.turku.fi\/oskar\/wp-json\/wp\/v2\/pages"}],"about":[{"href":"https:\/\/blog.edu.turku.fi\/oskar\/wp-json\/wp\/v2\/types\/page"}],"author":[{"embeddable":true,"href":"https:\/\/blog.edu.turku.fi\/oskar\/wp-json\/wp\/v2\/users\/9"}],"replies":[{"embeddable":true,"href":"https:\/\/blog.edu.turku.fi\/oskar\/wp-json\/wp\/v2\/comments?post=107"}],"version-history":[{"count":14,"href":"https:\/\/blog.edu.turku.fi\/oskar\/wp-json\/wp\/v2\/pages\/107\/revisions"}],"predecessor-version":[{"id":186,"href":"https:\/\/blog.edu.turku.fi\/oskar\/wp-json\/wp\/v2\/pages\/107\/revisions\/186"}],"wp:attachment":[{"href":"https:\/\/blog.edu.turku.fi\/oskar\/wp-json\/wp\/v2\/media?parent=107"}],"curies":[{"name":"wp","href":"https:\/\/api.w.org\/{rel}","templated":true}]}}