{"id":101,"date":"2022-06-30T11:58:52","date_gmt":"2022-06-30T08:58:52","guid":{"rendered":"https:\/\/blog.edu.turku.fi\/oskar\/?page_id=101"},"modified":"2024-08-29T12:18:34","modified_gmt":"2024-08-29T09:18:34","slug":"tietoa-hankkeesta","status":"publish","type":"page","link":"https:\/\/blog.edu.turku.fi\/oskar\/tietoa-hankkeesta\/","title":{"rendered":"Tietoa hankkeesta"},"content":{"rendered":"<p><span style=\"color: #ff0000;\"><strong>HANKE P\u00c4\u00c4TTYNYT &#8211; T\u00c4M\u00c4 SIVU ON EN\u00c4\u00c4 ARKISTOK\u00c4YT\u00d6SS\u00c4<\/strong><\/span><\/p>\n<p>Turun kaupungin <a href=\"https:\/\/edu.turku.fi\/top-keskus\/\">Tietokone opetuksessa &#8211; TOP-keskus<\/a> j\u00e4rjest\u00e4\u00e4 OSKAR-hankkeessa tvt-opetusk\u00e4yt\u00f6n ja digiosaamisen koulutuksia Turun seudun opetustoimen foorumin kuntien kasvatus- ja opetushenkil\u00f6st\u00f6lle. Koulutukset ovat Opetushallituksen rahoittamia ja avoimia my\u00f6s muiden opetuksenj\u00e4rjest\u00e4jien opettajille.<\/p>\n<p>Hankkeen taustalla ovat Opetus- ja kulttuuriministeri\u00f6n aloitteesta julkaistut Uudet lukutaidot (<a href=\"https:\/\/www.uudetlukutaidot.fi\">uudetlukutaidot.fi<\/a>), jotka m\u00e4\u00e4ritt\u00e4v\u00e4t osaamistavoitteet varhaiskasvatuksessa sek\u00e4 esi- ja perusopetuksessa mukana oleville lapsille ja nuorille. OSKAR-hankkeen koulutukset pyrit\u00e4\u00e4n rakentamaan kokonaisuudeksi, joka tarjoaa opetushenkil\u00f6st\u00f6lle mahdollisimman kattavasti ty\u00f6kaluja uusien lukutaitojen tavoitteiden toteuttamiseen.<\/p>\n<p>Koulutukset on suunnattu varhaiskasvatuksen, perusopetuksen ja toisen asteen henkil\u00f6st\u00f6lle ja ne ovat osallistujille maksuttomia. Koulutukset j\u00e4rjestet\u00e4\u00e4n 1.9.2022 &#8211; 31.5.2024 aikana.<\/p>\n<p><a href=\"https:\/\/blog.edu.turku.fi\/oskar\/koulutukset\/\">Tutustu koulutuksiin t\u00e4\u00e4ll\u00e4<\/a><\/p>\n<h2>Yhteystiedot<\/h2>\n<p>Antti Huttunen<br \/>\nSuunnittelija, Turun kaupunki \/ TOP-keskus<br \/>\netunimi.sukunimi@turku.fi<br \/>\n040 624 0233<\/p>\n<p><img loading=\"lazy\" decoding=\"async\" class=\"size-full wp-image-141 aligncenter\" src=\"https:\/\/blog.edu.turku.fi\/oskar\/files\/2022\/06\/logot_.png\" alt=\"\" width=\"585\" height=\"111\" srcset=\"https:\/\/blog.edu.turku.fi\/oskar\/files\/2022\/06\/logot_.png 585w, https:\/\/blog.edu.turku.fi\/oskar\/files\/2022\/06\/logot_-300x57.png 300w\" sizes=\"auto, (max-width: 585px) 100vw, 585px\" \/><\/p>\n","protected":false},"excerpt":{"rendered":"<p>HANKE P\u00c4\u00c4TTYNYT &#8211; T\u00c4M\u00c4 SIVU ON EN\u00c4\u00c4 ARKISTOK\u00c4YT\u00d6SS\u00c4 Turun kaupungin Tietokone opetuksessa &#8211; TOP-keskus j\u00e4rjest\u00e4\u00e4 OSKAR-hankkeessa tvt-opetusk\u00e4yt\u00f6n ja digiosaamisen koulutuksia Turun seudun opetustoimen foorumin kuntien kasvatus- ja opetushenkil\u00f6st\u00f6lle. Koulutukset ovat Opetushallituksen rahoittamia ja avoimia my\u00f6s muiden opetuksenj\u00e4rjest\u00e4jien opettajille. Hankkeen taustalla<\/p>\n","protected":false},"author":9,"featured_media":0,"parent":0,"menu_order":0,"comment_status":"closed","ping_status":"closed","template":"","meta":{"footnotes":""},"class_list":["post-101","page","type-page","status-publish","hentry"],"_links":{"self":[{"href":"https:\/\/blog.edu.turku.fi\/oskar\/wp-json\/wp\/v2\/pages\/101","targetHints":{"allow":["GET"]}}],"collection":[{"href":"https:\/\/blog.edu.turku.fi\/oskar\/wp-json\/wp\/v2\/pages"}],"about":[{"href":"https:\/\/blog.edu.turku.fi\/oskar\/wp-json\/wp\/v2\/types\/page"}],"author":[{"embeddable":true,"href":"https:\/\/blog.edu.turku.fi\/oskar\/wp-json\/wp\/v2\/users\/9"}],"replies":[{"embeddable":true,"href":"https:\/\/blog.edu.turku.fi\/oskar\/wp-json\/wp\/v2\/comments?post=101"}],"version-history":[{"count":25,"href":"https:\/\/blog.edu.turku.fi\/oskar\/wp-json\/wp\/v2\/pages\/101\/revisions"}],"predecessor-version":[{"id":189,"href":"https:\/\/blog.edu.turku.fi\/oskar\/wp-json\/wp\/v2\/pages\/101\/revisions\/189"}],"wp:attachment":[{"href":"https:\/\/blog.edu.turku.fi\/oskar\/wp-json\/wp\/v2\/media?parent=101"}],"curies":[{"name":"wp","href":"https:\/\/api.w.org\/{rel}","templated":true}]}}