{"id":56,"date":"2024-04-10T12:41:29","date_gmt":"2024-04-10T09:41:29","guid":{"rendered":"https:\/\/blog.edu.turku.fi\/osallisuus\/?page_id=56"},"modified":"2024-04-11T10:32:15","modified_gmt":"2024-04-11T07:32:15","slug":"osallistu-ja-vaikuta-turussa","status":"publish","type":"page","link":"https:\/\/blog.edu.turku.fi\/osallisuus\/osallistu-ja-vaikuta-turussa\/","title":{"rendered":"Osallistu ja vaikuta Turussa!"},"content":{"rendered":"<p><span data-contrast=\"auto\">Turun kaupunki tarjoaa asukkaille erilaisia keinoja osallistua ja vaikuttaa kaupungin toimintaan, viihtyvyyteen ja tulevaisuuteen.<\/span><span data-ccp-props=\"{&quot;201341983&quot;:0,&quot;335559739&quot;:160,&quot;335559740&quot;:259,&quot;469777462&quot;:[720],&quot;469777927&quot;:[0],&quot;469777928&quot;:[1]}\"><\/p>\n<p><a href=\"https:\/\/blog.edu.turku.fi\/osallisuus\/nuorisovaltuusto\/\"><strong>Turun nuorisovaltuusto<\/strong><\/a> valvoo nuorten etuja ja edist\u00e4\u00e4 heid\u00e4n osallistumis- ja vaikuttamismahdollisuuksiaan Turussa<br \/>\n<\/span><\/p>\n<p><span data-contrast=\"auto\"><strong>Kerrokantasi<\/strong> on Turun kaupungin yll\u00e4pit\u00e4m\u00e4 verkkopalvelu, jossa kuntalaiset voivat kertoa mielipiteens\u00e4 ja tulla kuulluksi erityyppisist\u00e4 valmisteluun tulevista tai valmistelussa jo olevista asioista. Mielipiteet ovat muiden n\u00e4ht\u00e4vin\u00e4 ja kommentoitavina, ja niist\u00e4 tuotetaan raportit ja yhteenvedot valmistelijoiden ja p\u00e4\u00e4tt\u00e4jien k\u00e4ytt\u00f6\u00f6n.<\/span><span data-ccp-props=\"{&quot;201341983&quot;:0,&quot;335559739&quot;:160,&quot;335559740&quot;:259,&quot;469777462&quot;:[720],&quot;469777927&quot;:[0],&quot;469777928&quot;:[1]}\"><br \/>\n<\/span><a href=\"http:\/\/www.kerrokantasi.turku.fi\/\"><span data-contrast=\"none\">www.kerrokantasi.turku.fi<\/span><\/a><span data-contrast=\"auto\">\u00a0\u00a0\u00a0<\/span><span data-ccp-props=\"{&quot;201341983&quot;:0,&quot;335559739&quot;:160,&quot;335559740&quot;:259,&quot;469777462&quot;:[720],&quot;469777927&quot;:[0],&quot;469777928&quot;:[1]}\">\u00a0<\/span><\/p>\n<p><span data-contrast=\"auto\"><strong>Palaute-sivustolla<\/strong> voi antaa palautetta esimerkiksi katujen kunnosta, esteett\u00f6myydest\u00e4, liikuntapalveluista ja koulutuksesta.<\/span><span data-ccp-props=\"{&quot;134233117&quot;:false,&quot;134233118&quot;:false,&quot;201341983&quot;:0,&quot;335551550&quot;:1,&quot;335551620&quot;:1,&quot;335559685&quot;:0,&quot;335559737&quot;:0,&quot;335559738&quot;:0,&quot;335559739&quot;:160,&quot;335559740&quot;:259,&quot;469777462&quot;:[720],&quot;469777927&quot;:[0],&quot;469777928&quot;:[1]}\">\u00a0<\/span><span data-contrast=\"auto\">Turun kaupungin toiminnan lis\u00e4ksi voit antaa palautetta Turun seudun joukkoliikenne F\u00f6lin sek\u00e4 Vaski-kirjaston palveluista. <\/span><span data-ccp-props=\"{&quot;201341983&quot;:0,&quot;335559739&quot;:160,&quot;335559740&quot;:259,&quot;469777462&quot;:[720],&quot;469777927&quot;:[0],&quot;469777928&quot;:[1]}\"><br \/>\n<\/span><a href=\"http:\/\/www.turku.fi\/palaute\"><span data-contrast=\"none\">www.turku.fi\/palaute<\/span><\/a><span data-contrast=\"auto\">\u00a0<\/span><span data-ccp-props=\"{&quot;134233117&quot;:false,&quot;134233118&quot;:false,&quot;201341983&quot;:0,&quot;335551550&quot;:1,&quot;335551620&quot;:1,&quot;335559685&quot;:0,&quot;335559737&quot;:0,&quot;335559738&quot;:0,&quot;335559739&quot;:160,&quot;335559740&quot;:259,&quot;469777462&quot;:[720],&quot;469777927&quot;:[0],&quot;469777928&quot;:[1]}\">\u00a0<\/span><\/p>\n<p><span data-contrast=\"auto\"><strong>Asukasbudjetti<\/strong> on Turun kaupungin tapa toteuttaa osallistuvaa budjetointia. Osallistuva budjetointi on toimintatapa, jossa asukkaat otetaan mukaan yhteisi\u00e4 verovaroja koskevaan keskusteluun, suunnitteluun ja p\u00e4\u00e4t\u00f6ksentekoon. Turkulaiset p\u00e4\u00e4sev\u00e4t ehdottamaan, kehitt\u00e4m\u00e4\u00e4n ja \u00e4\u00e4nest\u00e4m\u00e4\u00e4n, miten kolme miljoonaa euroa kaupungin budjetista joka toinen vuosi k\u00e4ytet\u00e4\u00e4n.<\/span><span data-ccp-props=\"{&quot;201341983&quot;:0,&quot;335559739&quot;:160,&quot;335559740&quot;:259,&quot;469777462&quot;:[720],&quot;469777927&quot;:[0],&quot;469777928&quot;:[1]}\"><br \/>\n<\/span><a href=\"https:\/\/asukasbudjetti.turku.fi\/\"><span data-contrast=\"none\">https:\/\/asukasbudjetti.turku.fi\/<\/span><\/a><span data-ccp-props=\"{&quot;201341983&quot;:0,&quot;335559739&quot;:160,&quot;335559740&quot;:259,&quot;469777462&quot;:[720],&quot;469777927&quot;:[0],&quot;469777928&quot;:[1]}\">\u00a0<\/span><\/p>\n<p>Lis\u00e4\u00e4 linkkej\u00e4: <a href=\"https:\/\/www.turku.fi\/osallisuus-turussa-monta-tapaa-vaikuttaa\">https:\/\/www.turku.fi\/osallisuus-turussa-monta-tapaa-vaikuttaa\u00a0<\/a><\/p>\n","protected":false},"excerpt":{"rendered":"<p>Turun kaupunki tarjoaa asukkaille erilaisia keinoja osallistua ja vaikuttaa kaupungin toimintaan, viihtyvyyteen ja tulevaisuuteen. Turun nuorisovaltuusto valvoo nuorten etuja ja edist\u00e4\u00e4 heid\u00e4n osallistumis- ja vaikuttamismahdollisuuksiaan Turussa Kerrokantasi on Turun kaupungin yll\u00e4pit\u00e4m\u00e4 verkkopalvelu, jossa kuntalaiset voivat kertoa mielipiteens\u00e4 ja tulla kuulluksi erityyppisist\u00e4 valmisteluun tulevista tai valmistelussa jo olevista asioista. Mielipiteet ovat muiden n\u00e4ht\u00e4vin\u00e4 ja kommentoitavina, ja &hellip; <a href=\"https:\/\/blog.edu.turku.fi\/osallisuus\/osallistu-ja-vaikuta-turussa\/\" class=\"more-link\">Jatka lukemista<span class=\"screen-reader-text\"> &#8221;Osallistu ja vaikuta Turussa!&#8221;<\/span><\/a><\/p>\n","protected":false},"author":3407,"featured_media":0,"parent":0,"menu_order":5,"comment_status":"closed","ping_status":"closed","template":"","meta":{"footnotes":""},"class_list":["post-56","page","type-page","status-publish","hentry"],"_links":{"self":[{"href":"https:\/\/blog.edu.turku.fi\/osallisuus\/wp-json\/wp\/v2\/pages\/56","targetHints":{"allow":["GET"]}}],"collection":[{"href":"https:\/\/blog.edu.turku.fi\/osallisuus\/wp-json\/wp\/v2\/pages"}],"about":[{"href":"https:\/\/blog.edu.turku.fi\/osallisuus\/wp-json\/wp\/v2\/types\/page"}],"author":[{"embeddable":true,"href":"https:\/\/blog.edu.turku.fi\/osallisuus\/wp-json\/wp\/v2\/users\/3407"}],"replies":[{"embeddable":true,"href":"https:\/\/blog.edu.turku.fi\/osallisuus\/wp-json\/wp\/v2\/comments?post=56"}],"version-history":[{"count":3,"href":"https:\/\/blog.edu.turku.fi\/osallisuus\/wp-json\/wp\/v2\/pages\/56\/revisions"}],"predecessor-version":[{"id":119,"href":"https:\/\/blog.edu.turku.fi\/osallisuus\/wp-json\/wp\/v2\/pages\/56\/revisions\/119"}],"wp:attachment":[{"href":"https:\/\/blog.edu.turku.fi\/osallisuus\/wp-json\/wp\/v2\/media?parent=56"}],"curies":[{"name":"wp","href":"https:\/\/api.w.org\/{rel}","templated":true}]}}