{"id":53,"date":"2024-04-10T12:39:01","date_gmt":"2024-04-10T09:39:01","guid":{"rendered":"https:\/\/blog.edu.turku.fi\/osallisuus\/?page_id=53"},"modified":"2024-09-23T10:22:49","modified_gmt":"2024-09-23T07:22:49","slug":"osallisuuden-kehittaminen","status":"publish","type":"page","link":"https:\/\/blog.edu.turku.fi\/osallisuus\/osallisuuden-kehittaminen\/","title":{"rendered":"Osallisuuden kehitt\u00e4minen"},"content":{"rendered":"<p><span data-contrast=\"none\">Turussa toimii t\u00e4ll\u00e4 hetkell\u00e4 kolme osallisuuden kehitt\u00e4j\u00e4opettajaa. Teht\u00e4v\u00e4\u00e4 hoidetaan opettajan ty\u00f6n ohella. Kaksi heist\u00e4 toimii lasten parlamentin ja alakoulujen osallisuusty\u00f6n parissa, kolmas yl\u00e4koulujen osallisuuden koordinaattorina.<\/span><span data-ccp-props=\"{&quot;201341983&quot;:0,&quot;335559739&quot;:160,&quot;335559740&quot;:259}\">\u00a0<\/span><\/p>\n<p><span data-contrast=\"none\">Kehitt\u00e4j\u00e4opettajat koordinoivat osallisuusty\u00f6t\u00e4 ja jakavat hyv\u00e4ksi todettuja k\u00e4yt\u00e4nteit\u00e4 kouluille. Ty\u00f6nkuvaan kuuluu lasten parlamentin suurkokousten (osallistuja kaikista alakouluista) ja oppilaiden sek\u00e4 ohjaavien opettajien koulutusten j\u00e4rjest\u00e4minen.\u00a0<\/span><span data-ccp-props=\"{&quot;201341983&quot;:0,&quot;335559739&quot;:160,&quot;335559740&quot;:259}\">\u00a0<\/span><\/p>\n<p><span data-contrast=\"none\">Esimerkkej\u00e4 turkulaisesta osallisuusty\u00f6st\u00e4 ovat oppilaskuntaty\u00f6, asukasbudjetti, lasten parlamentin ja nuorisovaltuuston toiminta, tasa-arvo ja yhdenvertaisuusasiat ja uusien vaikuttamismahdollisuuksien luominen ja vakiinnuttaminen.<\/span><span data-ccp-props=\"{&quot;201341983&quot;:0,&quot;335559739&quot;:160,&quot;335559740&quot;:259}\">\u00a0<\/span><\/p>\n<p><span data-contrast=\"none\">Osallisuuden kehitt\u00e4j\u00e4opettajat<\/span><span data-ccp-props=\"{&quot;201341983&quot;:0,&quot;335559739&quot;:160,&quot;335559740&quot;:259}\">\u00a0<\/span><\/p>\n<p><span data-contrast=\"none\">Kaisu Rantanen (alakoulu)<\/span><span data-ccp-props=\"{&quot;201341983&quot;:0,&quot;335559739&quot;:160,&quot;335559740&quot;:259}\"><br \/>\n<\/span><span data-contrast=\"none\">Veera Gustafsson (alakoulu)\u00a0<\/span><span data-ccp-props=\"{&quot;201341983&quot;:0,&quot;335559739&quot;:160,&quot;335559740&quot;:259}\"><br \/>\n<\/span><span data-contrast=\"none\">Demi Blom (yl\u00e4koulu)<\/span><span data-ccp-props=\"{&quot;201341983&quot;:0,&quot;335559739&quot;:160,&quot;335559740&quot;:259}\">\u00a0<\/span><\/p>\n<p>s\u00e4hk\u00f6posti etunimi.sukunimi@edu.turku.fi<\/p>\n","protected":false},"excerpt":{"rendered":"<p>Turussa toimii t\u00e4ll\u00e4 hetkell\u00e4 kolme osallisuuden kehitt\u00e4j\u00e4opettajaa. Teht\u00e4v\u00e4\u00e4 hoidetaan opettajan ty\u00f6n ohella. Kaksi heist\u00e4 toimii lasten parlamentin ja alakoulujen osallisuusty\u00f6n parissa, kolmas yl\u00e4koulujen osallisuuden koordinaattorina.\u00a0 Kehitt\u00e4j\u00e4opettajat koordinoivat osallisuusty\u00f6t\u00e4 ja jakavat hyv\u00e4ksi todettuja k\u00e4yt\u00e4nteit\u00e4 kouluille. Ty\u00f6nkuvaan kuuluu lasten parlamentin suurkokousten (osallistuja kaikista alakouluista) ja oppilaiden sek\u00e4 ohjaavien opettajien koulutusten j\u00e4rjest\u00e4minen.\u00a0\u00a0 Esimerkkej\u00e4 turkulaisesta osallisuusty\u00f6st\u00e4 ovat oppilaskuntaty\u00f6, asukasbudjetti, &hellip; <a href=\"https:\/\/blog.edu.turku.fi\/osallisuus\/osallisuuden-kehittaminen\/\" class=\"more-link\">Jatka lukemista<span class=\"screen-reader-text\"> &#8221;Osallisuuden kehitt\u00e4minen&#8221;<\/span><\/a><\/p>\n","protected":false},"author":3407,"featured_media":0,"parent":0,"menu_order":3,"comment_status":"closed","ping_status":"closed","template":"","meta":{"footnotes":""},"class_list":["post-53","page","type-page","status-publish","hentry"],"_links":{"self":[{"href":"https:\/\/blog.edu.turku.fi\/osallisuus\/wp-json\/wp\/v2\/pages\/53","targetHints":{"allow":["GET"]}}],"collection":[{"href":"https:\/\/blog.edu.turku.fi\/osallisuus\/wp-json\/wp\/v2\/pages"}],"about":[{"href":"https:\/\/blog.edu.turku.fi\/osallisuus\/wp-json\/wp\/v2\/types\/page"}],"author":[{"embeddable":true,"href":"https:\/\/blog.edu.turku.fi\/osallisuus\/wp-json\/wp\/v2\/users\/3407"}],"replies":[{"embeddable":true,"href":"https:\/\/blog.edu.turku.fi\/osallisuus\/wp-json\/wp\/v2\/comments?post=53"}],"version-history":[{"count":2,"href":"https:\/\/blog.edu.turku.fi\/osallisuus\/wp-json\/wp\/v2\/pages\/53\/revisions"}],"predecessor-version":[{"id":134,"href":"https:\/\/blog.edu.turku.fi\/osallisuus\/wp-json\/wp\/v2\/pages\/53\/revisions\/134"}],"wp:attachment":[{"href":"https:\/\/blog.edu.turku.fi\/osallisuus\/wp-json\/wp\/v2\/media?parent=53"}],"curies":[{"name":"wp","href":"https:\/\/api.w.org\/{rel}","templated":true}]}}