{"id":47,"date":"2024-04-10T12:37:17","date_gmt":"2024-04-10T09:37:17","guid":{"rendered":"https:\/\/blog.edu.turku.fi\/osallisuus\/?page_id=47"},"modified":"2024-04-11T09:46:42","modified_gmt":"2024-04-11T06:46:42","slug":"yhdenvertaisuus-ja-tasa-arvo","status":"publish","type":"page","link":"https:\/\/blog.edu.turku.fi\/osallisuus\/yhdenvertaisuus-ja-tasa-arvo\/","title":{"rendered":"Yhdenvertaisuus ja tasa-arvo"},"content":{"rendered":"<h3><span data-contrast=\"auto\">Mit\u00e4 tarkoittaa yhdenvertaisuus ja tasa-arvo?<\/span><\/h3>\n<h4><span data-contrast=\"auto\"><img loading=\"lazy\" decoding=\"async\" class=\"wp-image-21 alignright\" src=\"https:\/\/blog.edu.turku.fi\/osallisuus\/files\/2024\/04\/IMG_5850-2024-04-10-06_25_57-e1712741827964-300x289.jpg\" alt=\"\" width=\"355\" height=\"342\" srcset=\"https:\/\/blog.edu.turku.fi\/osallisuus\/files\/2024\/04\/IMG_5850-2024-04-10-06_25_57-e1712741827964-300x289.jpg 300w, https:\/\/blog.edu.turku.fi\/osallisuus\/files\/2024\/04\/IMG_5850-2024-04-10-06_25_57-e1712741827964.jpg 768w\" sizes=\"auto, (max-width: 355px) 85vw, 355px\" \/><\/span><\/h4>\n<p><span data-contrast=\"auto\"><strong>Yhdenvertaisuus<\/strong> tarkoittaa samanarvoisuutta eri ihmisryhmien v\u00e4lill\u00e4. Yhdenvertaisuuslain 8 \u00a7 kielt\u00e4\u00e4 syrjinn\u00e4n i\u00e4n, alkuper\u00e4n, kansalaisuuden, kielen, uskonnon, vakaumuksen, mielipiteen, poliittisen toiminnan, perhesuhteiden, terveydentilan, vammaisuuden, seksuaalisen suuntautumisen tai muun henkil\u00f6\u00f6n liittyv\u00e4n syyn perusteella. Syrjint\u00e4\u00e4 on v\u00e4litt\u00f6m\u00e4n ja v\u00e4lillisen syrjinn\u00e4n lis\u00e4ksi h\u00e4irint\u00e4, kohtuullisten mukautusten ep\u00e4\u00e4minen sek\u00e4 ohje tai k\u00e4sky syrji\u00e4. Syrjint\u00e4\u00e4 ei kuitenkaan ole positiivinen erityiskohtelu, jonka tavoitteena on tosiasiallisen yhdenvertaisuuden edist\u00e4minen. (<a href=\"https:\/\/www.finlex.fi\/fi\/laki\/alkup\/2014\/20141325#Pidm46651394919040\">Yhdenvertaisuuslaki<\/a>, 8-9 \u00a7.)\u00a0\u00a0<\/span><span data-ccp-props=\"{&quot;201341983&quot;:0,&quot;335559739&quot;:160,&quot;335559740&quot;:259}\">\u00a0<\/span><\/p>\n<p><strong>Tasa-arvo<\/strong> tarkoittaa sukupuoleen perustuvan syrjinn\u00e4n est\u00e4mist\u00e4 ja sukupuolten v\u00e4lisen tasa-arvon edist\u00e4mist\u00e4. Tarkoituksena on my\u00f6s est\u00e4\u00e4 sukupuoli-identiteettiin tai sukupuolen ilmaisuun perustuva syrjint\u00e4. (<a href=\"https:\/\/finlex.fi\/fi\/laki\/ajantasa\/1986\/19860609\">Tasa-arvolaki<\/a>, 5 \u00a7.)<\/p>\n<p><strong>Mit\u00e4 ovat tasa-arvo ja yhdenvertaisuussuunnitelmat?\u00a0<\/strong><\/p>\n<p><span data-contrast=\"auto\">Vuonna 2015 on tullut voimaan laki, jonka mukaan n\u00e4m\u00e4 suunnitelmat tulee l\u00f6yty\u00e4 jokaisesta oppilaitoksesta. Niiden tekemisess\u00e4 ja p\u00e4ivitt\u00e4misess\u00e4 tulee olla mukana oppilaita, huoltajia ja henkil\u00f6kuntaa.<\/span><span data-ccp-props=\"{&quot;201341983&quot;:0,&quot;335559739&quot;:160,&quot;335559740&quot;:259}\">\u00a0<\/span><\/p>\n<p><span data-contrast=\"none\">Kaikilla kouluilla on oltava suunnitelma, joka sis\u00e4lt\u00e4\u00e4 arvion yhdenvertaisuuden toteutumisesta koulun toiminnassa sek\u00e4 tehokkaat ja tarkoituksenmukaiset toimenpiteet yhdenvertaisuuden edist\u00e4miseksi. Suunnitelma laaditaan yhdess\u00e4 oppilaiden, huoltajien ja koulun henkil\u00f6st\u00f6n kanssa.\u00a0<\/span><\/p>\n<p><span data-contrast=\"auto\">Uudistuneessa tasa-arvolaissa (2015) edellytet\u00e4\u00e4n kouluilta lis\u00e4ksi tasa-arvosuunnitelmien laatimista.\u00a0<\/span><span data-ccp-props=\"{&quot;201341983&quot;:0,&quot;335559739&quot;:160,&quot;335559740&quot;:259}\">\u00a0<\/span><span data-contrast=\"auto\">Suomen lains\u00e4\u00e4d\u00e4nn\u00f6ss\u00e4 tasa-arvo viittaa naisten ja miesten v\u00e4liseen tasa-arvoon sek\u00e4 sukupuolen moninaisuudesta johtuvan syrjinn\u00e4n poistamiseen.\u00a0<\/span><span data-ccp-props=\"{&quot;201341983&quot;:0,&quot;335559739&quot;:160,&quot;335559740&quot;:259}\">\u00a0<\/span><span data-contrast=\"auto\">Turun perusopetuksessa yhdenvertaisuus- ja tasa-arvosuunnitelmat yhdistet\u00e4\u00e4n siten, ett\u00e4 yhdistetyss\u00e4 suunnitelmassa otetaan huomioon molempien lakien vaatimukset. Koska yhdenvertaisuus termin\u00e4 sis\u00e4lt\u00e4\u00e4 my\u00f6s tasa-arvon, k\u00e4ytet\u00e4\u00e4n suunnitelmasta nime\u00e4 yhdenvertaisuussuunnitelma.<\/span><span data-ccp-props=\"{&quot;201341983&quot;:0,&quot;335559739&quot;:160,&quot;335559740&quot;:259}\">\u00a0<\/span><\/p>\n<p><a href=\"https:\/\/www.turku.fi\/paivahoito-ja-koulutus\/perusopetus\/opiskelu-ja-oppiaineet\/opetussuunnitelma\">Yhdenvertaisuus ja tasa-arvo Turun perusopetuksen opetussuunnitelmassa.\u00a0<\/a><\/p>\n<h3><strong>\u00a0Yhdenvertaisuussuunnitelman p\u00e4ivitt\u00e4minen<\/strong><\/h3>\n<h4><img loading=\"lazy\" decoding=\"async\" class=\"size-medium wp-image-24 alignleft\" src=\"https:\/\/blog.edu.turku.fi\/osallisuus\/files\/2024\/04\/IMG_8875-2024-04-10-06_25_19-240x300.jpg\" alt=\"\" width=\"240\" height=\"300\" srcset=\"https:\/\/blog.edu.turku.fi\/osallisuus\/files\/2024\/04\/IMG_8875-2024-04-10-06_25_19-240x300.jpg 240w, https:\/\/blog.edu.turku.fi\/osallisuus\/files\/2024\/04\/IMG_8875-2024-04-10-06_25_19.jpg 819w\" sizes=\"auto, (max-width: 240px) 85vw, 240px\" \/><\/h4>\n<p><span data-contrast=\"auto\">Turussa yhdenvertaisuuskysely toteutetaan kahden vuoden v\u00e4lein. Koulun rehtori saa oman koulun vastaukset ja niiden perusteella suunnitelmat p\u00e4ivitet\u00e4\u00e4n.<\/span><span data-ccp-props=\"{&quot;201341983&quot;:0,&quot;335559739&quot;:160,&quot;335559740&quot;:259}\">\u00a0<\/span><\/p>\n<p>Edellinen kysely on toteutettu syksyll\u00e4 2022.<\/p>\n<p>Oppilaiden n\u00e4kemys:<br \/>\n<a href=\"https:\/\/blog.edu.turku.fi\/osallisuus\/files\/2024\/04\/Maailman-paras-tasa-arvo-ja-yhdenvertaisuussuunnitelma.pdf\">Maailman paras tasa-arvo- ja yhdenvertaisuussuunnitelma<\/a><\/p>\n<p>&nbsp;<\/p>\n<p>&nbsp;<\/p>\n","protected":false},"excerpt":{"rendered":"<p>Mit\u00e4 tarkoittaa yhdenvertaisuus ja tasa-arvo? Yhdenvertaisuus tarkoittaa samanarvoisuutta eri ihmisryhmien v\u00e4lill\u00e4. Yhdenvertaisuuslain 8 \u00a7 kielt\u00e4\u00e4 syrjinn\u00e4n i\u00e4n, alkuper\u00e4n, kansalaisuuden, kielen, uskonnon, vakaumuksen, mielipiteen, poliittisen toiminnan, perhesuhteiden, terveydentilan, vammaisuuden, seksuaalisen suuntautumisen tai muun henkil\u00f6\u00f6n liittyv\u00e4n syyn perusteella. Syrjint\u00e4\u00e4 on v\u00e4litt\u00f6m\u00e4n ja v\u00e4lillisen syrjinn\u00e4n lis\u00e4ksi h\u00e4irint\u00e4, kohtuullisten mukautusten ep\u00e4\u00e4minen sek\u00e4 ohje tai k\u00e4sky syrji\u00e4. Syrjint\u00e4\u00e4 ei kuitenkaan &hellip; <a href=\"https:\/\/blog.edu.turku.fi\/osallisuus\/yhdenvertaisuus-ja-tasa-arvo\/\" class=\"more-link\">Jatka lukemista<span class=\"screen-reader-text\"> &#8221;Yhdenvertaisuus ja tasa-arvo&#8221;<\/span><\/a><\/p>\n","protected":false},"author":3407,"featured_media":0,"parent":0,"menu_order":0,"comment_status":"closed","ping_status":"closed","template":"","meta":{"footnotes":""},"class_list":["post-47","page","type-page","status-publish","hentry"],"_links":{"self":[{"href":"https:\/\/blog.edu.turku.fi\/osallisuus\/wp-json\/wp\/v2\/pages\/47","targetHints":{"allow":["GET"]}}],"collection":[{"href":"https:\/\/blog.edu.turku.fi\/osallisuus\/wp-json\/wp\/v2\/pages"}],"about":[{"href":"https:\/\/blog.edu.turku.fi\/osallisuus\/wp-json\/wp\/v2\/types\/page"}],"author":[{"embeddable":true,"href":"https:\/\/blog.edu.turku.fi\/osallisuus\/wp-json\/wp\/v2\/users\/3407"}],"replies":[{"embeddable":true,"href":"https:\/\/blog.edu.turku.fi\/osallisuus\/wp-json\/wp\/v2\/comments?post=47"}],"version-history":[{"count":4,"href":"https:\/\/blog.edu.turku.fi\/osallisuus\/wp-json\/wp\/v2\/pages\/47\/revisions"}],"predecessor-version":[{"id":76,"href":"https:\/\/blog.edu.turku.fi\/osallisuus\/wp-json\/wp\/v2\/pages\/47\/revisions\/76"}],"wp:attachment":[{"href":"https:\/\/blog.edu.turku.fi\/osallisuus\/wp-json\/wp\/v2\/media?parent=47"}],"curies":[{"name":"wp","href":"https:\/\/api.w.org\/{rel}","templated":true}]}}