{"id":34,"date":"2024-04-10T11:05:06","date_gmt":"2024-04-10T08:05:06","guid":{"rendered":"https:\/\/blog.edu.turku.fi\/osallisuus\/?page_id=34"},"modified":"2024-05-02T10:48:02","modified_gmt":"2024-05-02T07:48:02","slug":"materiaaleja-ja-vinkkeja-oppilaskuntatyohon","status":"publish","type":"page","link":"https:\/\/blog.edu.turku.fi\/osallisuus\/oppilaskuntatoiminta\/materiaaleja-ja-vinkkeja-oppilaskuntatyohon\/","title":{"rendered":"Materiaalit"},"content":{"rendered":"<ul>\n<li><span data-contrast=\"none\">Kannattaa tutustua: <\/span><a href=\"https:\/\/omaoppilaskunta.fi\/materiaalipankki\/\"><span data-contrast=\"none\">https:\/\/omaoppilaskunta.fi\/materiaalipankki\/<\/span><\/a><span data-contrast=\"none\">\u00a0\u00a0<\/span><\/li>\n<li><a href=\"https:\/\/edumailturku-my.sharepoint.com\/:f:\/g\/personal\/juudit_hurtig_edu_turku_fi\/EupfmGg1Pq5CnqJuKPK5BmwBKfELXtCoarqTnLnuW_WcnA?e=cRc70p\">Todistuspohjat OneDrivess\u00e4<\/a><\/li>\n<\/ul>\n<p>Vaihtelua tekemiseen &#8211; kokeile t\u00e4st\u00e4 jotain!<\/p>\n<p><strong>Oppilaiden osallistaminen<\/strong><\/p>\n<ul data-editing-info=\"{&quot;orderedStyleType&quot;:1,&quot;unorderedStyleType&quot;:2}\">\n<li>teht\u00e4v\u00e4: kysy mielipide johonkin asiaan 10 kaverilta<\/li>\n<li>Koulun kunto -k\u00e4vely. Oppilaat ja rehtori\/kunnossapito &#8211; mitk\u00e4 paikat ovat koulussa rikki?<\/li>\n<li>tutustutaan palaute.turku.fi-sivustoon &#8211; kuinka jokainen voi osallistua kotikaupunkinsa kunnossapitoon<\/li>\n<li>tehd\u00e4\u00e4n n\u00e4kyv\u00e4ksi, millaisia rakenteita omassa koulussa on oppilaiden vaikuttamismahdollisuuksille<\/li>\n<li>Opettajien terveiset oppilaskunnalle ja toisinp\u00e4in<\/li>\n<\/ul>\n<p><strong>Kokousk\u00e4yt\u00e4nn\u00f6ille vaihtelua<\/strong><\/p>\n<ul data-editing-info=\"{&quot;orderedStyleType&quot;:1,&quot;unorderedStyleType&quot;:2}\">\n<li>avoimet kokoukset &#8211; kuka vaan saa tulla<\/li>\n<li>yhten\u00e4iskouluissa mentoritoimintaa &#8211; yl\u00e4koulun oppilaat vet\u00e4m\u00e4\u00e4n alakoulun kokouksia?<\/li>\n<li>ota kaveri kokoukseen (jokainen hallituksen j\u00e4sen saa pyyt\u00e4\u00e4 yhden kaverin mukaan)<\/li>\n<\/ul>\n<p><strong>Demokratiakasvatus (yhteisty\u00f6ss\u00e4 muun sopivan henkil\u00f6kunnan kanssa)<\/strong><\/p>\n<ul data-editing-info=\"{&quot;orderedStyleType&quot;:1,&quot;unorderedStyleType&quot;:2}\">\n<li>arpademokratia &#8211; miten oppilaskunnan hallitus toimisi, jos sen j\u00e4senet arvottaisiin?<\/li>\n<li>v\u00e4ittelykisat &#8211; eri mielt\u00e4 olevan asemaan asettuminen<\/li>\n<\/ul>\n","protected":false},"excerpt":{"rendered":"<p>Kannattaa tutustua: https:\/\/omaoppilaskunta.fi\/materiaalipankki\/\u00a0\u00a0 Todistuspohjat OneDrivess\u00e4 Vaihtelua tekemiseen &#8211; kokeile t\u00e4st\u00e4 jotain! Oppilaiden osallistaminen teht\u00e4v\u00e4: kysy mielipide johonkin asiaan 10 kaverilta Koulun kunto -k\u00e4vely. Oppilaat ja rehtori\/kunnossapito &#8211; mitk\u00e4 paikat ovat koulussa rikki? tutustutaan palaute.turku.fi-sivustoon &#8211; kuinka jokainen voi osallistua kotikaupunkinsa kunnossapitoon tehd\u00e4\u00e4n n\u00e4kyv\u00e4ksi, millaisia rakenteita omassa koulussa on oppilaiden vaikuttamismahdollisuuksille Opettajien terveiset oppilaskunnalle ja toisinp\u00e4in &hellip; <a href=\"https:\/\/blog.edu.turku.fi\/osallisuus\/oppilaskuntatoiminta\/materiaaleja-ja-vinkkeja-oppilaskuntatyohon\/\" class=\"more-link\">Jatka lukemista<span class=\"screen-reader-text\"> &#8221;Materiaalit&#8221;<\/span><\/a><\/p>\n","protected":false},"author":3407,"featured_media":0,"parent":31,"menu_order":2,"comment_status":"closed","ping_status":"closed","template":"","meta":{"footnotes":""},"class_list":["post-34","page","type-page","status-publish","hentry"],"_links":{"self":[{"href":"https:\/\/blog.edu.turku.fi\/osallisuus\/wp-json\/wp\/v2\/pages\/34","targetHints":{"allow":["GET"]}}],"collection":[{"href":"https:\/\/blog.edu.turku.fi\/osallisuus\/wp-json\/wp\/v2\/pages"}],"about":[{"href":"https:\/\/blog.edu.turku.fi\/osallisuus\/wp-json\/wp\/v2\/types\/page"}],"author":[{"embeddable":true,"href":"https:\/\/blog.edu.turku.fi\/osallisuus\/wp-json\/wp\/v2\/users\/3407"}],"replies":[{"embeddable":true,"href":"https:\/\/blog.edu.turku.fi\/osallisuus\/wp-json\/wp\/v2\/comments?post=34"}],"version-history":[{"count":6,"href":"https:\/\/blog.edu.turku.fi\/osallisuus\/wp-json\/wp\/v2\/pages\/34\/revisions"}],"predecessor-version":[{"id":124,"href":"https:\/\/blog.edu.turku.fi\/osallisuus\/wp-json\/wp\/v2\/pages\/34\/revisions\/124"}],"up":[{"embeddable":true,"href":"https:\/\/blog.edu.turku.fi\/osallisuus\/wp-json\/wp\/v2\/pages\/31"}],"wp:attachment":[{"href":"https:\/\/blog.edu.turku.fi\/osallisuus\/wp-json\/wp\/v2\/media?parent=34"}],"curies":[{"name":"wp","href":"https:\/\/api.w.org\/{rel}","templated":true}]}}