{"id":26,"date":"2024-04-10T11:04:07","date_gmt":"2024-04-10T08:04:07","guid":{"rendered":"https:\/\/blog.edu.turku.fi\/osallisuus\/?page_id=26"},"modified":"2024-04-11T10:00:56","modified_gmt":"2024-04-11T07:00:56","slug":"6-askelta-oppilaskuntatyon-kaynnistamiseen","status":"publish","type":"page","link":"https:\/\/blog.edu.turku.fi\/osallisuus\/oppilaskuntatoiminta\/6-askelta-oppilaskuntatyon-kaynnistamiseen\/","title":{"rendered":"6 askelta oppilaskuntaty\u00f6n k\u00e4ynnist\u00e4miseen"},"content":{"rendered":"<p><strong><img loading=\"lazy\" decoding=\"async\" class=\"size-medium wp-image-77 alignright\" src=\"https:\/\/blog.edu.turku.fi\/osallisuus\/files\/2024\/04\/IMG_2795_2024-04-10_06_27_17-225x300.jpg\" alt=\"\" width=\"225\" height=\"300\" srcset=\"https:\/\/blog.edu.turku.fi\/osallisuus\/files\/2024\/04\/IMG_2795_2024-04-10_06_27_17-225x300.jpg 225w, https:\/\/blog.edu.turku.fi\/osallisuus\/files\/2024\/04\/IMG_2795_2024-04-10_06_27_17.jpg 768w\" sizes=\"auto, (max-width: 225px) 85vw, 225px\" \/><\/strong><\/p>\n<p>&nbsp;<\/p>\n<ol>\n<li><strong>Toiminnan esittely\u00a0 \u00a0<\/strong><\/li>\n<li><strong>Vaalit<\/strong><\/li>\n<li><strong>Ensimm\u00e4inen kokous<\/strong><\/li>\n<li><strong>Toinen kokous: puheenjohtajan valinta<\/strong><\/li>\n<li><strong>Toimintasuunnitelma<\/strong><\/li>\n<li><strong>Uuden hallituksen esittely\u00a0<\/strong><\/li>\n<\/ol>\n<p><strong>+ Toimintaan!\u00a0<\/strong><\/p>\n<p>&nbsp;<\/p>\n<h3><b><span data-contrast=\"none\">1. TOIMINNAN ESITTELY<\/span><\/b><span data-ccp-props=\"{&quot;201341983&quot;:0,&quot;335559739&quot;:160,&quot;335559740&quot;:259}\">\u00a0<\/span><\/h3>\n<p><span data-contrast=\"none\">Oppilaskunnan (hallituksen) ja luottamusoppilaan teht\u00e4vien esittely koko koululle ennen luottamusoppilaan vaaleja ja hallituksen muodostamista.<\/span><\/p>\n<ul>\n<li><a href=\"https:\/\/edumailturku-my.sharepoint.com\/:p:\/r\/personal\/juudit_hurtig_edu_turku_fi\/Documents\/Osallisuuden%20koordinaattori\/2022-2023\/Koulutukset\/120523%20Vaalilvalmistelut,%20Krista%20Lahtinen%20ja%20NUVA-vieraat\/Materiaalit%20ensi%20syksylle%2012.5.%20koulutuksesta\/OPKH%20esitttelydiat.pptx?d=wc1ccfb8a5cd14c2b841d841b728a5376&amp;csf=1&amp;web=1&amp;e=rYrvmL&amp;nav=eyJzSWQiOjI1NiwiY0lkIjo0MjQ3NTMzOTkzfQ\">Oppilaiden tekem\u00e4t diat (One Drive)<\/a> (Tehty koulutuksessa 12.5.2023, p\u00e4ivitetty 4\/2024)<\/li>\n<li><a href=\"https:\/\/omaoppilaskunta.fi\/materiaalipankki\/\">omaoppilaskunta.fi -sivustolla laajemmat diat\u00a0<\/a> &#8221;Oppilaskunnan hallituksen valinta&#8221;<\/li>\n<\/ul>\n<p><strong>Esimerkkej\u00e4:<\/strong><span data-ccp-props=\"{&quot;201341983&quot;:0,&quot;335559685&quot;:720,&quot;335559739&quot;:160,&quot;335559740&quot;:259}\">\u00a0<\/span><\/p>\n<ul>\n<li data-leveltext=\"-\" data-font=\"Calibri\" data-listid=\"22\" data-list-defn-props=\"{&quot;335552541&quot;:1,&quot;335559685&quot;:1664,&quot;335559991&quot;:360,&quot;469769226&quot;:&quot;Calibri&quot;,&quot;469769242&quot;:[8226],&quot;469777803&quot;:&quot;left&quot;,&quot;469777804&quot;:&quot;-&quot;,&quot;469777815&quot;:&quot;hybridMultilevel&quot;}\" data-aria-posinset=\"7\" data-aria-level=\"1\"><span data-contrast=\"none\">Edellisen\u00e4 vuonna toiminnassa mukana olleet nuoret kertovat luokkatunneilla, miss\u00e4 he ovat olleet mukana ja miksi kannattaa hakea mukaan<\/span><span data-ccp-props=\"{&quot;201341983&quot;:0,&quot;335559739&quot;:160,&quot;335559740&quot;:259}\">\u00a0<\/span><\/li>\n<li data-leveltext=\"-\" data-font=\"Calibri\" data-listid=\"22\" data-list-defn-props=\"{&quot;335552541&quot;:1,&quot;335559685&quot;:1664,&quot;335559991&quot;:360,&quot;469769226&quot;:&quot;Calibri&quot;,&quot;469769242&quot;:[8226],&quot;469777803&quot;:&quot;left&quot;,&quot;469777804&quot;:&quot;-&quot;,&quot;469777815&quot;:&quot;hybridMultilevel&quot;}\" data-aria-posinset=\"1\" data-aria-level=\"1\"><span data-contrast=\"none\">Ohjaava opettaja tai nuoret kertovat tulevasta luottamusoppilaiden valinnasta ja vaalista<\/span><span data-ccp-props=\"{&quot;201341983&quot;:0,&quot;335559739&quot;:160,&quot;335559740&quot;:259}\">\u00a0<\/span><\/li>\n<li data-leveltext=\"-\" data-font=\"Calibri\" data-listid=\"22\" data-list-defn-props=\"{&quot;335552541&quot;:1,&quot;335559685&quot;:1664,&quot;335559991&quot;:360,&quot;469769226&quot;:&quot;Calibri&quot;,&quot;469769242&quot;:[8226],&quot;469777803&quot;:&quot;left&quot;,&quot;469777804&quot;:&quot;-&quot;,&quot;469777815&quot;:&quot;hybridMultilevel&quot;}\" data-aria-posinset=\"1\" data-aria-level=\"1\"><span data-contrast=\"none\">Voidaan toteuttaa videona\/somessa\/koulun ilmoitustauluilla\/n\u00e4yt\u00f6ill\u00e4\/Teamsin kautta kaikkiin luokkiin tai vaikka k\u00e4yd\u00e4 luokissa kertomassa<\/span><\/li>\n<\/ul>\n<h3><b><span data-contrast=\"none\">2. VAALIT<\/span><\/b><\/h3>\n<p><span data-contrast=\"none\">Jokaiselta luokalta<\/span><span data-contrast=\"none\"> valitaan \u00e4\u00e4nest\u00e4m\u00e4ll\u00e4 halukkaista ehdokkaista lippu\u00e4\u00e4nestyksell\u00e4 luottamusoppilas ja varaluottamusoppilas ja kerrotaan muistakin vaikuttamisen mahdollisuuksista koulussa.<\/span><span data-ccp-props=\"{&quot;201341983&quot;:0,&quot;335559685&quot;:360,&quot;335559739&quot;:160,&quot;335559740&quot;:259}\">\u00a0<\/span><\/p>\n<p><span data-contrast=\"none\"><strong>Hyv\u00e4 huomioida<\/strong>:<\/span><span data-ccp-props=\"{&quot;201341983&quot;:0,&quot;335559685&quot;:360,&quot;335559739&quot;:160,&quot;335559740&quot;:259}\">\u00a0<\/span><\/p>\n<ul>\n<li data-leveltext=\"-\" data-font=\"Calibri\" data-listid=\"22\" data-list-defn-props=\"{&quot;335552541&quot;:1,&quot;335559685&quot;:1664,&quot;335559991&quot;:360,&quot;469769226&quot;:&quot;Calibri&quot;,&quot;469769242&quot;:[8226],&quot;469777803&quot;:&quot;left&quot;,&quot;469777804&quot;:&quot;-&quot;,&quot;469777815&quot;:&quot;hybridMultilevel&quot;}\" data-aria-posinset=\"1\" data-aria-level=\"1\"><span data-contrast=\"none\">Ennen \u00e4\u00e4nestyst\u00e4 luokissa k\u00e4yd\u00e4\u00e4n l\u00e4pi luottamusoppilaan roolia ja teht\u00e4vi\u00e4. Oppilaat voivat pohtia, onko itse rooliin sopiva (<\/span><a href=\"https:\/\/omaoppilaskunta.fi\/materiaalipankki\/\"><span data-contrast=\"none\">https:\/\/omaoppilaskunta.fi\/materiaalipankki\/<\/span><\/a> &#8211; Tietoa, intoa, taitoa<span data-contrast=\"none\">)<\/span><span data-ccp-props=\"{&quot;201341983&quot;:0,&quot;335559739&quot;:160,&quot;335559740&quot;:259}\">\u00a0<\/span><\/li>\n<li data-leveltext=\"-\" data-font=\"Calibri\" data-listid=\"22\" data-list-defn-props=\"{&quot;335552541&quot;:1,&quot;335559685&quot;:1664,&quot;335559991&quot;:360,&quot;469769226&quot;:&quot;Calibri&quot;,&quot;469769242&quot;:[8226],&quot;469777803&quot;:&quot;left&quot;,&quot;469777804&quot;:&quot;-&quot;,&quot;469777815&quot;:&quot;hybridMultilevel&quot;}\" data-aria-posinset=\"1\" data-aria-level=\"1\"><span data-contrast=\"none\">Kaikissa luokissa vaali samaan aikaan ennalta sovittuna ajankohtana<\/span><span data-ccp-props=\"{&quot;201341983&quot;:0,&quot;335559739&quot;:160,&quot;335559740&quot;:259}\">\u00a0<\/span><\/li>\n<li data-leveltext=\"-\" data-font=\"Calibri\" data-listid=\"22\" data-list-defn-props=\"{&quot;335552541&quot;:1,&quot;335559685&quot;:1664,&quot;335559991&quot;:360,&quot;469769226&quot;:&quot;Calibri&quot;,&quot;469769242&quot;:[8226],&quot;469777803&quot;:&quot;left&quot;,&quot;469777804&quot;:&quot;-&quot;,&quot;469777815&quot;:&quot;hybridMultilevel&quot;}\" data-aria-posinset=\"1\" data-aria-level=\"1\"><span data-contrast=\"none\">Luokissa ehdokkaiksi vain teht\u00e4v\u00e4\u00e4n halukkaat oppilaat<\/span><span data-ccp-props=\"{&quot;201341983&quot;:0,&quot;335559739&quot;:160,&quot;335559740&quot;:259}\">\u00a0<\/span><\/li>\n<li data-leveltext=\"-\" data-font=\"Calibri\" data-listid=\"22\" data-list-defn-props=\"{&quot;335552541&quot;:1,&quot;335559685&quot;:1664,&quot;335559991&quot;:360,&quot;469769226&quot;:&quot;Calibri&quot;,&quot;469769242&quot;:[8226],&quot;469777803&quot;:&quot;left&quot;,&quot;469777804&quot;:&quot;-&quot;,&quot;469777815&quot;:&quot;hybridMultilevel&quot;}\" data-aria-posinset=\"1\" data-aria-level=\"1\"><a href=\"https:\/\/edumailturku-my.sharepoint.com\/:f:\/g\/personal\/juudit_hurtig_edu_turku_fi\/EjUVcmpqlahNpQfkGDV6olsBQNI0OExTJdPR1b4Yw2CPrw?e=2s6359\">Vaalimateriaalia (OneDrive)<\/a><\/li>\n<\/ul>\n<p><b><span data-contrast=\"none\">VAIHTOEHDOT HALLITUKSEN KASAAMISEEN:<\/span><\/b><span data-ccp-props=\"{&quot;201341983&quot;:0,&quot;335559739&quot;:160,&quot;335559740&quot;:259}\">\u00a0<\/span><\/p>\n<p><span data-contrast=\"none\">A: jokaisen luokan luottamusoppilas on automaattisesti hallituksen j\u00e4sen<\/span><span data-ccp-props=\"{&quot;201341983&quot;:0,&quot;335559739&quot;:160,&quot;335559740&quot;:259}\">\u00a0<\/span><\/p>\n<p><span data-contrast=\"none\">B: jos luokkia on paljon, joissain kouluissa j\u00e4rjestet\u00e4\u00e4n kaksi \u00e4\u00e4nestyst\u00e4. Ensin valitaan jokaisesta luokasta luottamusoppilas. Seuraavaksi \u00e4\u00e4nestet\u00e4\u00e4n koko koulun kesken hallituksen j\u00e4senist\u00e4. Jokainen saa asettua ehdolle ja kaikki saavat \u00e4\u00e4nest\u00e4\u00e4 ket\u00e4 haluavat. Jokaiselta vuosiluokalta valitaan esim. nelj\u00e4 eniten \u00e4\u00e4ni\u00e4 saanutta. T\u00e4m\u00e4 voi siis toimia jos luokkia on paljon ja luottamusoppilaat kokoamalla hallituksen koko kasvaisi liian suureksi.<\/span><span data-ccp-props=\"{&quot;201341983&quot;:0,&quot;335559739&quot;:160,&quot;335559740&quot;:259}\"> Toimivan hallituksen kooksi useat ohjaavat opettajat ovat todenneet n.10-20 oppilasta<\/span><\/p>\n<h3><b><span data-contrast=\"none\">3. ENSIMM\u00c4INEN HALLITUKSEN KOKOUS <\/span><\/b><span data-ccp-props=\"{&quot;201341983&quot;:0,&quot;335559739&quot;:160,&quot;335559740&quot;:259}\">\u00a0<\/span><\/h3>\n<p><span data-contrast=\"none\">Valitut luottamusoppilaat koontuvat ensimm\u00e4iseen yhteiseen kokoukseen<\/span><span data-ccp-props=\"{&quot;201341983&quot;:0,&quot;335559739&quot;:160,&quot;335559740&quot;:259}\">\u00a0<\/span><\/p>\n<p>Kokouksessa k\u00e4sitelt\u00e4v\u00e4\u00e4<\/p>\n<ul>\n<li data-leveltext=\"-\" data-font=\"Calibri\" data-listid=\"22\" data-list-defn-props=\"{&quot;335552541&quot;:1,&quot;335559685&quot;:1664,&quot;335559991&quot;:360,&quot;469769226&quot;:&quot;Calibri&quot;,&quot;469769242&quot;:[8226],&quot;469777803&quot;:&quot;left&quot;,&quot;469777804&quot;:&quot;-&quot;,&quot;469777815&quot;:&quot;hybridMultilevel&quot;}\" data-aria-posinset=\"1\" data-aria-level=\"1\"><span data-contrast=\"none\">Oppilaskunnan ohjaava opettaja esittelee oppilaskunnan hallituksen rakenteen ja kertoo rooleista (puheenjohtaja, sihteeri, tiedottaja\/tiedottajatiimi, somevastaava, mahdollisesti rahastonhoitaja jne. )<\/span><span data-ccp-props=\"{&quot;201341983&quot;:0,&quot;335559739&quot;:160,&quot;335559740&quot;:259}\">\u00a0<\/span><\/li>\n<li data-leveltext=\"-\" data-font=\"Calibri\" data-listid=\"22\" data-list-defn-props=\"{&quot;335552541&quot;:1,&quot;335559685&quot;:1664,&quot;335559991&quot;:360,&quot;469769226&quot;:&quot;Calibri&quot;,&quot;469769242&quot;:[8226],&quot;469777803&quot;:&quot;left&quot;,&quot;469777804&quot;:&quot;-&quot;,&quot;469777815&quot;:&quot;hybridMultilevel&quot;}\" data-aria-posinset=\"1\" data-aria-level=\"1\"><span data-contrast=\"none\">Kerrotaan, miten puheenjohtajaksi ja muihin rooleihin voi p\u00e4\u00e4st\u00e4 eli miten puheenjohtaja valitaan. Esim. luottamusoppilaat \u00e4\u00e4nest\u00e4v\u00e4t keskuudestaan oppilaskunnalle puheenjohtajan.<\/span><span data-ccp-props=\"{&quot;201341983&quot;:0,&quot;335559739&quot;:160,&quot;335559740&quot;:259}\">\u00a0<\/span><\/li>\n<li data-leveltext=\"-\" data-font=\"Calibri\" data-listid=\"22\" data-list-defn-props=\"{&quot;335552541&quot;:1,&quot;335559685&quot;:1664,&quot;335559991&quot;:360,&quot;469769226&quot;:&quot;Calibri&quot;,&quot;469769242&quot;:[8226],&quot;469777803&quot;:&quot;left&quot;,&quot;469777804&quot;:&quot;-&quot;,&quot;469777815&quot;:&quot;hybridMultilevel&quot;}\" data-aria-posinset=\"1\" data-aria-level=\"1\"><span data-contrast=\"none\">Oppilaat saavat aikaa pohtia halukkuuttaan teht\u00e4viin ja mahdollisesti valmistella puheen vaalia varten.\u00a0<\/span><span data-ccp-props=\"{&quot;201341983&quot;:0,&quot;335559739&quot;:160,&quot;335559740&quot;:259}\">\u00a0<\/span><\/li>\n<\/ul>\n<h3><b><span data-contrast=\"none\">4. TOINEN OPPILASKUNNAN KOKOUS: PUHEENJOHTAJAN VALINTA<\/span><\/b><span data-ccp-props=\"{&quot;201341983&quot;:0,&quot;335559739&quot;:160,&quot;335559740&quot;:259}\">\u00a0<\/span><\/h3>\n<p><span data-contrast=\"none\">Valitaan\/\u00e4\u00e4nestet\u00e4\u00e4n oppilaskunnalle puheenjohtaja, sihteeri ja muut roolit<\/span><span data-ccp-props=\"{&quot;201341983&quot;:0,&quot;335559739&quot;:160,&quot;335559740&quot;:259}\">\u00a0<\/span><\/p>\n<h3><b><span data-contrast=\"none\">5. TOIMINTASUUNNITELMA<\/span><\/b><span data-ccp-props=\"{&quot;201341983&quot;:0,&quot;335559739&quot;:160,&quot;335559740&quot;:259}\">\u00a0<\/span><\/h3>\n<p><span data-contrast=\"none\">Jokaiselle lukuvuodelle tehd\u00e4\u00e4n\/p\u00e4ivitet\u00e4\u00e4n toimintasuunnitelma. <a href=\"https:\/\/edumailturku-my.sharepoint.com\/:w:\/r\/personal\/juudit_hurtig_edu_turku_fi\/_layouts\/15\/Doc.aspx?sourcedoc=%7B1CF5BA5F-AE82-437F-BD3F-35D734806456%7D&amp;file=TOIMINTASUUNNITELMA%20POHJA.docx&amp;action=default&amp;mobileredirect=true\">Toimintasuunnitelman pohja (OneDrive)<\/a><\/span><span data-ccp-props=\"{&quot;201341983&quot;:0,&quot;335559685&quot;:360,&quot;335559739&quot;:160,&quot;335559740&quot;:259}\">\u00a0<\/span><\/p>\n<p><span data-contrast=\"none\">Toimintasuunnitelman voi tehd\u00e4 my\u00f6s vuosikellona. <a href=\"https:\/\/omaoppilaskunta.fi\/wp-content\/uploads\/sites\/14\/2019\/06\/Vuosikello_kaarot_2018_A4.pdf\">Vuosikellon pohja (omaoppilaskunta.fi)<\/a> <\/span><span data-ccp-props=\"{&quot;201341983&quot;:0,&quot;335559739&quot;:160,&quot;335559740&quot;:259}\">\u00a0<\/span><\/p>\n<p><a href=\"https:\/\/edumailturku-my.sharepoint.com\/:p:\/r\/personal\/juudit_hurtig_edu_turku_fi\/_layouts\/15\/Doc.aspx?sourcedoc=%7BE53B8E87-9834-4FD3-8086-8B227C31183B%7D&amp;file=Toimintasuunnitelman%20ohjeistus.pptx&amp;action=edit&amp;mobileredirect=true\"><span data-contrast=\"none\">Miksi toimintasuunnitelma tulee tehd\u00e4? (One Drive)<\/span><\/a><\/p>\n<h3><b><span data-contrast=\"none\">6. UUDEN OPPILASKUNNAN HALLITUKSEN ESITTELY KOULULLE<a href=\"https:\/\/edumailturku-my.sharepoint.com\/:p:\/r\/personal\/juudit_hurtig_edu_turku_fi\/_layouts\/15\/Doc.aspx?sourcedoc=%7BE53B8E87-9834-4FD3-8086-8B227C31183B%7D&amp;file=Toimintasuunnitelman%20ohjeistus.pptx&amp;action=edit&amp;mobileredirect=true\"><strong><img loading=\"lazy\" decoding=\"async\" class=\"size-medium wp-image-80 alignright\" src=\"https:\/\/blog.edu.turku.fi\/osallisuus\/files\/2024\/04\/IMG_1207_2024-04-10_06_26_53-225x300.jpg\" alt=\"\" width=\"225\" height=\"300\" srcset=\"https:\/\/blog.edu.turku.fi\/osallisuus\/files\/2024\/04\/IMG_1207_2024-04-10_06_26_53-225x300.jpg 225w, https:\/\/blog.edu.turku.fi\/osallisuus\/files\/2024\/04\/IMG_1207_2024-04-10_06_26_53.jpg 768w\" sizes=\"auto, (max-width: 225px) 85vw, 225px\" \/><\/strong><\/a><\/span><\/b><\/h3>\n<p><span data-contrast=\"none\">Asiasta tiedottaminen montaa kanavaa pitkin: kuulutuksilla, julisteilla, info-tv:ssa, koulun somessa jne. <\/span><span data-contrast=\"none\">Koulukuvauksen yhteydess\u00e4 oppilaskunnan hallituksesta otetaan oma ryhm\u00e4kuva<\/span><span data-ccp-props=\"{&quot;201341983&quot;:0,&quot;335559739&quot;:160,&quot;335559740&quot;:259}\">\u00a0<\/span><\/p>\n<p><strong>Ja sitten t\u00e4rkein: suunnitelmien toteutus!<\/strong><\/p>\n","protected":false},"excerpt":{"rendered":"<p>&nbsp; Toiminnan esittely\u00a0 \u00a0 Vaalit Ensimm\u00e4inen kokous Toinen kokous: puheenjohtajan valinta Toimintasuunnitelma Uuden hallituksen esittely\u00a0 + Toimintaan!\u00a0 &nbsp; 1. TOIMINNAN ESITTELY\u00a0 Oppilaskunnan (hallituksen) ja luottamusoppilaan teht\u00e4vien esittely koko koululle ennen luottamusoppilaan vaaleja ja hallituksen muodostamista. Oppilaiden tekem\u00e4t diat (One Drive) (Tehty koulutuksessa 12.5.2023, p\u00e4ivitetty 4\/2024) omaoppilaskunta.fi -sivustolla laajemmat diat\u00a0 &#8221;Oppilaskunnan hallituksen valinta&#8221; Esimerkkej\u00e4:\u00a0 Edellisen\u00e4 vuonna &hellip; <a href=\"https:\/\/blog.edu.turku.fi\/osallisuus\/oppilaskuntatoiminta\/6-askelta-oppilaskuntatyon-kaynnistamiseen\/\" class=\"more-link\">Jatka lukemista<span class=\"screen-reader-text\"> &#8221;6 askelta oppilaskuntaty\u00f6n k\u00e4ynnist\u00e4miseen&#8221;<\/span><\/a><\/p>\n","protected":false},"author":3407,"featured_media":0,"parent":31,"menu_order":1,"comment_status":"closed","ping_status":"closed","template":"","meta":{"footnotes":""},"class_list":["post-26","page","type-page","status-publish","hentry"],"_links":{"self":[{"href":"https:\/\/blog.edu.turku.fi\/osallisuus\/wp-json\/wp\/v2\/pages\/26","targetHints":{"allow":["GET"]}}],"collection":[{"href":"https:\/\/blog.edu.turku.fi\/osallisuus\/wp-json\/wp\/v2\/pages"}],"about":[{"href":"https:\/\/blog.edu.turku.fi\/osallisuus\/wp-json\/wp\/v2\/types\/page"}],"author":[{"embeddable":true,"href":"https:\/\/blog.edu.turku.fi\/osallisuus\/wp-json\/wp\/v2\/users\/3407"}],"replies":[{"embeddable":true,"href":"https:\/\/blog.edu.turku.fi\/osallisuus\/wp-json\/wp\/v2\/comments?post=26"}],"version-history":[{"count":8,"href":"https:\/\/blog.edu.turku.fi\/osallisuus\/wp-json\/wp\/v2\/pages\/26\/revisions"}],"predecessor-version":[{"id":83,"href":"https:\/\/blog.edu.turku.fi\/osallisuus\/wp-json\/wp\/v2\/pages\/26\/revisions\/83"}],"up":[{"embeddable":true,"href":"https:\/\/blog.edu.turku.fi\/osallisuus\/wp-json\/wp\/v2\/pages\/31"}],"wp:attachment":[{"href":"https:\/\/blog.edu.turku.fi\/osallisuus\/wp-json\/wp\/v2\/media?parent=26"}],"curies":[{"name":"wp","href":"https:\/\/api.w.org\/{rel}","templated":true}]}}